{"id":7382,"date":"2024-01-16T12:01:08","date_gmt":"2024-01-16T11:01:08","guid":{"rendered":"https:\/\/www.11bouge.com\/wordpress\/?page_id=7382"},"modified":"2024-02-06T17:03:35","modified_gmt":"2024-02-06T16:03:35","slug":"projet-araboc-rencontre-des-cultures-occitanes-arabes","status":"publish","type":"page","link":"https:\/\/www.11bouge.com\/wordpress\/projet-araboc-rencontre-des-cultures-occitanes-arabes\/","title":{"rendered":"PROJET ARAB\u2019OC \u2013 RENCONTRE DES CULTURES OCCITANES &#038; ARABES"},"content":{"rendered":"<p>Ateliers participatifs autour de la transculturalit\u00e9 (cultures r\u00e9gionales m\u00e9diterran\u00e9ennes, orientales : Occitanie, Maghreb, Orient) Arab\u2019Oc \u2013 Musique \/ Danse \/ Sciences \/ Cuisine \/ Couture \/ ++++\u00a0<em>Dans le cadre du Contrat de Ville 2023\/2024 et du Festival Total Festum<\/em><\/p>\n<h3>Exposition des robes Arab&rsquo;Oc du 23 janvier au 1er f\u00e9vrier 2024<\/h3>\n<p><a href=\"https:\/\/www.11bouge.com\/wordpress\/wp-content\/uploads\/2024\/01\/AFF-WEB-EXPO-23-JANV-2024-WEB.jpg\"><img loading=\"lazy\" decoding=\"async\" class=\"alignnone wp-image-7389 size-large\" src=\"https:\/\/www.11bouge.com\/wordpress\/wp-content\/uploads\/2024\/01\/AFF-WEB-EXPO-23-JANV-2024-WEB-724x1024.jpg\" alt=\"Projet Arab'Oc : Expositon des robes Arab'Oc \u00e0 Carcassonne\" width=\"724\" height=\"1024\" srcset=\"https:\/\/www.11bouge.com\/wordpress\/wp-content\/uploads\/2024\/01\/AFF-WEB-EXPO-23-JANV-2024-WEB-724x1024.jpg 724w, https:\/\/www.11bouge.com\/wordpress\/wp-content\/uploads\/2024\/01\/AFF-WEB-EXPO-23-JANV-2024-WEB-212x300.jpg 212w, https:\/\/www.11bouge.com\/wordpress\/wp-content\/uploads\/2024\/01\/AFF-WEB-EXPO-23-JANV-2024-WEB-768x1086.jpg 768w, https:\/\/www.11bouge.com\/wordpress\/wp-content\/uploads\/2024\/01\/AFF-WEB-EXPO-23-JANV-2024-WEB-1086x1536.jpg 1086w, https:\/\/www.11bouge.com\/wordpress\/wp-content\/uploads\/2024\/01\/AFF-WEB-EXPO-23-JANV-2024-WEB.jpg 1358w\" sizes=\"auto, (max-width: 724px) 100vw, 724px\" \/><\/a><\/p>\n<h3>prochain rendez-vous :<\/h3>\n<p><a href=\"https:\/\/www.11bouge.com\/wordpress\/wp-content\/uploads\/2024\/01\/ARAB-OC.jpg\"><img loading=\"lazy\" decoding=\"async\" class=\"wp-image-7383 size-full aligncenter\" src=\"https:\/\/www.11bouge.com\/wordpress\/wp-content\/uploads\/2024\/01\/ARAB-OC.jpg\" alt=\"Festum Del Quartier - Arab'Oc\" width=\"860\" height=\"409\" srcset=\"https:\/\/www.11bouge.com\/wordpress\/wp-content\/uploads\/2024\/01\/ARAB-OC.jpg 860w, https:\/\/www.11bouge.com\/wordpress\/wp-content\/uploads\/2024\/01\/ARAB-OC-300x143.jpg 300w, https:\/\/www.11bouge.com\/wordpress\/wp-content\/uploads\/2024\/01\/ARAB-OC-768x365.jpg 768w\" sizes=\"auto, (max-width: 860px) 100vw, 860px\" \/><\/a><\/p>\n<p>&nbsp;<\/p>\n<p>&nbsp;<\/p>\n<p><iframe loading=\"lazy\" title=\"11 bouge - Arab&#039;Oc \/Laman, Fisan\u00e7a - Du Bartas, \u00e9cole Ferry et Calandreta de Carcassonne\" width=\"500\" height=\"281\" src=\"https:\/\/www.youtube.com\/embed\/uSfYAYlRSNM?feature=oembed\" frameborder=\"0\" allow=\"accelerometer; autoplay; clipboard-write; encrypted-media; gyroscope; picture-in-picture; web-share\" referrerpolicy=\"strict-origin-when-cross-origin\" allowfullscreen><\/iframe><\/p>\n<p><iframe loading=\"lazy\" title=\"11bouge - Arab&#039;Oc \/ Jib al-guellal - Du Bartas, \u00e9cole Ferry et Calandreta de Carcassonne\" width=\"500\" height=\"281\" src=\"https:\/\/www.youtube.com\/embed\/1w1K-NuNdlE?feature=oembed\" frameborder=\"0\" allow=\"accelerometer; autoplay; clipboard-write; encrypted-media; gyroscope; picture-in-picture; web-share\" referrerpolicy=\"strict-origin-when-cross-origin\" allowfullscreen><\/iframe><\/p>\n<p><iframe loading=\"lazy\" title=\"11bouge - Arab&#039;Oc \/ Fraires Sawa - Jocelyn Papon, Abdel Bouzbiba, \u00e9cole Pagnol et Calandreta\" width=\"500\" height=\"281\" src=\"https:\/\/www.youtube.com\/embed\/yR2ycyYbYKA?feature=oembed\" frameborder=\"0\" allow=\"accelerometer; autoplay; clipboard-write; encrypted-media; gyroscope; picture-in-picture; web-share\" referrerpolicy=\"strict-origin-when-cross-origin\" allowfullscreen><\/iframe><\/p>\n<p><iframe loading=\"lazy\" title=\"Teaser Le Bal Arab&#039;Oc - cr\u00e9ation 2019\" width=\"500\" height=\"281\" src=\"https:\/\/www.youtube.com\/embed\/3iCHAAcUJng?feature=oembed\" frameborder=\"0\" allow=\"accelerometer; autoplay; clipboard-write; encrypted-media; gyroscope; picture-in-picture; web-share\" referrerpolicy=\"strict-origin-when-cross-origin\" allowfullscreen><\/iframe><\/p>\n<p><iframe loading=\"lazy\" title=\"11bouge \/ ARAB&#039;OC 2021 &quot;MAT HARFOU, TON VESIN&quot;- \u00e9coles Ferry, Berthelot, Pagnol et Calandreta\" width=\"500\" height=\"281\" src=\"https:\/\/www.youtube.com\/embed\/3XWS2tRUMhs?feature=oembed\" frameborder=\"0\" allow=\"accelerometer; autoplay; clipboard-write; encrypted-media; gyroscope; picture-in-picture; web-share\" referrerpolicy=\"strict-origin-when-cross-origin\" allowfullscreen><\/iframe><\/p>\n<p><iframe loading=\"lazy\" title=\"11Bouge \/ ARAB\u2019OC 2022 \u00ab LENGAS-KENZ, Langues-Tr\u00e9sor \u00bb - \u00e9coles Ferry, Berthelot, Pagnol, Calandreta\" width=\"500\" height=\"281\" src=\"https:\/\/www.youtube.com\/embed\/FIYQXdFfStQ?feature=oembed\" frameborder=\"0\" allow=\"accelerometer; autoplay; clipboard-write; encrypted-media; gyroscope; picture-in-picture; web-share\" referrerpolicy=\"strict-origin-when-cross-origin\" allowfullscreen><\/iframe><\/p>\n<p><iframe loading=\"lazy\" title=\"11BOUGE - &quot;LES ROBES ARAB&#039;OC&quot; \/\/ Sortie \u00e0 Montpellier, 7 f\u00e9vrier 2023\" width=\"500\" height=\"281\" src=\"https:\/\/www.youtube.com\/embed\/TJbkbyJLJeI?feature=oembed\" frameborder=\"0\" allow=\"accelerometer; autoplay; clipboard-write; encrypted-media; gyroscope; picture-in-picture; web-share\" referrerpolicy=\"strict-origin-when-cross-origin\" allowfullscreen><\/iframe><\/p>\n<p><iframe loading=\"lazy\" title=\"LES ROBES ARAB&#039;OC 2023 \/ ASSO 11BOUGE \/ MARINE VIE CREATION \/ CARCASSONNE\" width=\"500\" height=\"281\" src=\"https:\/\/www.youtube.com\/embed\/ajC6CFN1mR0?feature=oembed\" frameborder=\"0\" allow=\"accelerometer; autoplay; clipboard-write; encrypted-media; gyroscope; picture-in-picture; web-share\" referrerpolicy=\"strict-origin-when-cross-origin\" allowfullscreen><\/iframe><\/p>\n<p>&nbsp;<\/p>\n","protected":false},"excerpt":{"rendered":"<p>Ateliers participatifs autour de la transculturalit\u00e9 (cultures r\u00e9gionales m\u00e9diterran\u00e9ennes, orientales : Occitanie, Maghreb, Orient) Arab\u2019Oc \u2013 Musique \/ Danse \/ Sciences \/ Cuisine \/ Couture \/ ++++\u00a0Dans le cadre du Contrat de Ville 2023\/2024 et du Festival Total Festum Exposition des robes Arab&rsquo;Oc du 23 janvier au 1er f\u00e9vrier 2024 prochain rendez-vous : &nbsp; &nbsp; [&hellip;]<\/p>\n","protected":false},"author":1,"featured_media":0,"parent":0,"menu_order":0,"comment_status":"closed","ping_status":"closed","template":"","meta":{"_acf_changed":false,"_exactmetrics_skip_tracking":false,"_exactmetrics_sitenote_active":false,"_exactmetrics_sitenote_note":"","_exactmetrics_sitenote_category":0,"footnotes":""},"class_list":["post-7382","page","type-page","status-publish","hentry"],"acf":[],"_links":{"self":[{"href":"https:\/\/www.11bouge.com\/wordpress\/wp-json\/wp\/v2\/pages\/7382","targetHints":{"allow":["GET"]}}],"collection":[{"href":"https:\/\/www.11bouge.com\/wordpress\/wp-json\/wp\/v2\/pages"}],"about":[{"href":"https:\/\/www.11bouge.com\/wordpress\/wp-json\/wp\/v2\/types\/page"}],"author":[{"embeddable":true,"href":"https:\/\/www.11bouge.com\/wordpress\/wp-json\/wp\/v2\/users\/1"}],"replies":[{"embeddable":true,"href":"https:\/\/www.11bouge.com\/wordpress\/wp-json\/wp\/v2\/comments?post=7382"}],"version-history":[{"count":6,"href":"https:\/\/www.11bouge.com\/wordpress\/wp-json\/wp\/v2\/pages\/7382\/revisions"}],"predecessor-version":[{"id":7397,"href":"https:\/\/www.11bouge.com\/wordpress\/wp-json\/wp\/v2\/pages\/7382\/revisions\/7397"}],"wp:attachment":[{"href":"https:\/\/www.11bouge.com\/wordpress\/wp-json\/wp\/v2\/media?parent=7382"}],"curies":[{"name":"wp","href":"https:\/\/api.w.org\/{rel}","templated":true}]}}