{"id":73,"date":"2012-04-11T16:02:31","date_gmt":"2012-04-11T16:02:31","guid":{"rendered":"http:\/\/www.11bouge.com\/wordpress\/?page_id=73"},"modified":"2015-04-29T15:07:39","modified_gmt":"2015-04-29T15:07:39","slug":"residences","status":"publish","type":"page","link":"https:\/\/www.11bouge.com\/wordpress\/page-d-exemple\/residences\/","title":{"rendered":"Actions culturelles"},"content":{"rendered":"<p style=\"text-align: justify;\"><span style=\"color: #000000;\">L\u2019association 11bouge est une association agr\u00e9\u00e9e <em><strong>Jeunesse \u00c9ducation Populaire<\/strong><\/em>, elle est <strong><em>relais d\u00e9partemental hip hop Languedoc-Roussillon<\/em><\/strong>.<\/span><br \/>\n<span style=\"color: #000000;\"> De novembre 2010 \u00e0 octobre 2014, elle a g\u00e9r\u00e9 la Salle Le Chapeau Rouge \u00e0 Carcassonne. A partir d\u2019octobre,\u00a0une s\u00e9rie de concerts de soutien sont organis\u00e9s afin de continuer l\u2019activit\u00e9 et pr\u00e9parer le futur projet.<\/span><br \/>\n<span style=\"color: #000000;\"> Au-del\u00e0 des missions classiques de programmation de musiques actuelles \u2013 diffusion, accompagnement des artistes, actions culturelles etc. c\u2019est un v\u00e9ritable projet de territoire que l\u2019association a d\u00e9velopp\u00e9 en 4 ans. Les musiques actuelles sont un formidable outil de travail \u2013 certes, en direction des artistes et du public \u2013 mais aussi en direction de la jeunesse, des publics sp\u00e9cifiques, de l\u2019\u00e9ducation populaire, de l\u2019\u00e9conomie sociale et solidaire, de l\u2019environnement et de la pr\u00e9vention. C\u2019est un secteur en phase avec son \u00e9poque et avec les aspirations d\u2019une grande partie de la population. Afin de cr\u00e9er une v\u00e9ritable dynamique de r\u00e9seau sur le territoire, nous d\u00e9centralisons certaines actions dans diff\u00e9rents endroits de l\u2019agglom\u00e9ration : centres sociaux, \u00e9tablissements scolaires, lieux d\u2019enseignements musicaux, maison d\u2019arr\u00eat\u2026 Il est aujourd\u2019hui incontestable que le projet de l\u2019association participe pleinement sur le territoire Carcassonnais \u00e0 ce que l\u2019on appelle le Vivre Ensemble !\u00a0Plus largement, nous participons activement \u00e0 la structuration du secteur des musiques actuelles en r\u00e9gion en compagnie d\u2019El M\u00e9diator et la Casa Musicale \u00e0 Perpignan, Victoire2 \u00e0 Montpellier et Paloma \u00e0 N\u00eemes.<\/span><br \/>\n<span style=\"color: #000000;\"> <em><strong>Le projet est en cours de r\u00e9\u00e9criture suite \u00e0 l\u2019expulsion de l\u2019association des murs du Chapeau Rouge.<br \/>\n<\/strong><\/em><\/span><\/p>\n<hr \/>\n<div style=\"text-align: justify;\"><span style=\"color: #000000;\"><span class=\"fsl\"><strong><span style=\"text-decoration: underline;\"><span style=\"color: #ff6600; text-decoration: underline;\">A VENIR<\/span> <\/span><br \/>\nSortie Puma Battle Of The Year France 2015<\/strong><br \/>\nDans le cadre de ses activit\u00e9s autour des Cultures Urbaines, l&rsquo;association 11bouge met en place un bus pour assister \u00e0 la 15\u00e8me \u00e9dition du Puma Battle Of The Year France, l\u2019\u00e9v\u00e8nement breakdance de l\u2019ann\u00e9e, le samedi 23 mai, au Z\u00e9nith Sud de Montpellier.<br \/>\n<strong>Samedi 23 mai 2015 &#8211; D\u00e9part de Carcassonne et Narbonne<\/strong> &lt;<a title=\"formulaire inscription battle\" href=\"http:\/\/www.11bouge.com\/wordpress\/LUDIVINE-SITEWEB\/actionculturelle\/20142015\/forminscription_battleoftheyear_11bouge.pdf\" target=\"_blank\">inscription et informations<\/a>&gt; \/\/ formulaire sp\u00e9cial structure &lt;<a title=\"formulaire inscription battle\" href=\"http:\/\/www.11bouge.com\/wordpress\/LUDIVINE-SITEWEB\/actionculturelle\/20142015\/forminscription_asso_battleoftheyear_11bouge.pdf\" target=\"_blank\">cliquer ici<\/a>&gt;<br \/>\n<em>Cette sortie est propos\u00e9e par l&rsquo;association 11bouge (relais d\u00e9partemental) en partenariat avec Acti City et le R\u00e9seau Hip Hop Languedoc-Roussillon.<\/em><\/span><\/span><\/div>\n<div style=\"text-align: justify;\"><\/div>\n<div style=\"text-align: justify;\"><span style=\"color: #000000;\"><strong><span style=\"text-decoration: underline; color: #ff6600;\">TERMINE<\/span><br \/>\n<\/strong><\/span><\/div>\n<div style=\"text-align: justify;\"><span style=\"color: #000000;\"><strong>15 et 16 avril 2015<\/strong> : Atelier rap et \u00e9criture &#8211; anim\u00e9 par JIDMA<span style=\"color: #000000;\"> &#8211; <\/span> Centre Social Jean-Montsarrat<strong><br \/>\n13 et 14 avril 2015<\/strong> : Danse hip-hop debout (newstyle) &#8211; anim\u00e9 par Jordan Jo &#8211; Centre Social Jean-Montsarrat<strong><br \/>\n8 avril 2015<\/strong> : Fabrique des Arts \u2013 Rencontres urbaines autour de la danse hip hop et du rap, dans le cadre du Festival Futuring Jeunes en Sc\u00e8nes<\/span><\/div>\n<div style=\"text-align: justify;\"><span style=\"color: #000000;\"><strong>9 et 10 f\u00e9v. 2015<\/strong> : stage de rap\/\u00e9criture de 14h \u00e0 17h \u2013 anim\u00e9 par JIDMA<\/span><span style=\"color: #000000;\"> &#8211; Centre social de la Conte avec Couleurs Citoyennes<\/span><\/div>\n<div style=\"text-align: justify;\"><span style=\"color: #000000;\"><strong>13 f\u00e9v. 2015<\/strong> : Master Class Guitare avec Christophe Godin et Manu Livertout &#8211; Salle de l&rsquo;OMSL \u00e0 Tr\u00e8bes<br \/>\n<strong>11 et 12 f\u00e9v. 2015<\/strong> : stage de danse hip-hop (breakdance) de 14h30 \u00e0 16h30 \u2013 anim\u00e9 par Rapha\u00ebl Saint-Laurent<\/span><span style=\"color: #000000;\"> <span style=\"color: #000000;\">&#8211; Centre social de la Conte avec Couleurs Citoyennes<\/span><br \/>\n<strong>13 f\u00e9v. 2015<\/strong> : restitution de 14h30 \u00e0 17h <\/span><span style=\"color: #000000;\">&#8211; Centre social de la Conte avec Couleurs Citoyennes<\/span><\/div>\n<div class=\"entry clearfix\">\n<div class=\"text_exposed_show\">\n<hr \/>\n<p><span style=\"color: #000000;\"><strong>Actions culturelles<\/strong> :<\/span><\/p>\n<\/div>\n<\/div>\n<p style=\"text-align: justify;\"><span style=\"color: #000000;\"><span style=\"color: #000000;\">\u2022 \u00ab R\u00e9sidences d\u2019artistes \u00bb<\/span><\/span><br \/>\n<span style=\"color: #000000;\">\u2022 \u00ab Musique en prison \u00bb : Ateliers d\u2019\u00e9criture donn\u00e9s \u00e0 la Maison d\u2019arr\u00eat de Carcassonne par des artistes ou groupes de musique. Un concert est donn\u00e9 en fin de session \u00e0 l\u2019attention des autres d\u00e9tenus.<\/span><br \/>\n<span style=\"color: #000000;\">\u2022 \u00ab Danse en Prison \u00bb : Cours hebdomadaire \u00e0 la Maison d\u2019arr\u00eat de Carcassonne donn\u00e9 par le charg\u00e9 des actions culturelles de l\u2019association.<\/span><br \/>\n<span style=\"color: #000000;\"> \u2022 \u00ab Graff en Prison \u00bb : De l\u2019esquisse au maniement de la bombe, comment apprendre \u00e0 r\u00e9aliser un graff !<\/span><span style=\"color: #000000;\">\u2022 \u00ab Ateliers d\u2019\u00e9criture \u00bb : Des artistes viennent animer des ateliers avec des jeunes.<\/span><\/p>\n<p align=\"JUSTIFY\"><span style=\"color: #000000;\"><strong>LES R\u00c9SIDENCES<\/strong><\/span><span style=\"color: #000000;\"><br \/>\n<span style=\"color: #000000;\">Une douzaine de r\u00e9sidences sont acceuillis chaque trimestre au sein du Chapeau Rouge.<br \/>\n<span style=\"color: #000000;\">Une r\u00e9sidence de cr\u00e9ation permet \u00e0 un artiste ou un groupe de b\u00e9n\u00e9ficier de conditions de travail favorisant la recherche, l\u2019exp\u00e9rimentation, la r\u00e9alisation, voire la finalisation de sa cr\u00e9ation.<\/span><br \/>\n<span style=\"color: #000000;\"> Par ces r\u00e9sidences, l&rsquo;association 11bouge \/ Salle Le Chapeau Rouge soutient la cr\u00e9ation des artistes. <span style=\"color: #000000;\">Chaque session se d\u00e9roule d&rsquo;une journ\u00e9e \u00e0 une semaine et se termine<span style=\"color: #000000;\"><span style=\"color: #000000;\"> par une sortie de r\u00e9sidence ouverte au public ou par la programmation en 1\u00e8re partie d\u2019une t\u00eate d\u2019affiche <span style=\"color: #000000;\"><span style=\"color: #000000;\"><span style=\"color: #000000;\"><span style=\"color: #000000;\">dans un volont\u00e9 de mettre en rapport le public avec le travail de cr\u00e9ation<\/span><\/span><\/span><\/span>. Certains groupes se voient proposer une date dans le Off du Festival de Carcassonne.<\/span><\/span><\/span><\/span><\/span><\/span><br \/>\n<span style=\"color: #000000;\">Une cinquantaine de groupes ont b\u00e9n\u00e9fici\u00e9 de cet appui depuis 4 ans<strong>.<\/strong> <\/span><\/p>\n<p align=\"JUSTIFY\"><span style=\"color: #000000;\">Sur chaque r\u00e9sidence, rencontre avec les \u00e9l\u00e8ves des \u00e9coles de la Barbacane, de la Gravette et des Calendretas, du coll\u00e8ge Jules Vernes, du Ly\u00e7\u00e9e Jules Fil et des classes CHAM du Conservatoire.<br \/>\n<\/span><\/p>\n<p><span style=\"color: #000000;\"><strong>Ils sont venus&#8230;<br \/>\n<\/strong><\/span><span style=\"color: #000000;\">Essentiellement des groupes r\u00e9gionaux : The Neighborhood, Le Skeleton Band, Fucking Vintage, Black\u2019Do, Daraoma\u00ef, N\u00e9mir, Dalele, Loa Frida, Wec Family, Rcan, Les Magiciens du Quotidien, Elektric Ge\u00efsha, Place des Arts, Shake Us, The Albouyz, Cie Barolosolo, Tombstone, L\u2019Herbe Folle, Niko, H-One, Les Croquants, Les 2MoiZelles, Les M\u00e9tropolitains, Du Bartas, Pipo et Maestro, Jo Stick, Les Castafiores, La Tuilerie, Trio d\u2019en bas, KKC Orchestra, Grand Destin, B.R.E.F, Enterr\u00e9 sous X, Scarecrow, La Meute Rieue, <span style=\"color: #000000;\">Marie Sigal<\/span>, <span style=\"color: #000000;\">Le Skeleton Band<\/span>, <span style=\"color: #000000;\">Moonson<\/span>, <span style=\"color: #000000;\">Slivo Electric Klub<\/span>, <span style=\"color: #000000;\">Lao Kouyate<\/span>&#8230;..<br \/>\n<\/span><\/p>\n","protected":false},"excerpt":{"rendered":"<p>L\u2019association 11bouge est une association agr\u00e9\u00e9e Jeunesse \u00c9ducation Populaire, elle est relais d\u00e9partemental hip hop Languedoc-Roussillon. De novembre 2010 \u00e0 octobre 2014, elle a g\u00e9r\u00e9 la Salle Le Chapeau Rouge \u00e0 Carcassonne. A partir d\u2019octobre,\u00a0une s\u00e9rie de concerts de soutien sont organis\u00e9s afin de continuer l\u2019activit\u00e9 et pr\u00e9parer le futur projet. Au-del\u00e0 des missions classiques [&hellip;]<\/p>\n","protected":false},"author":1,"featured_media":0,"parent":2,"menu_order":2,"comment_status":"closed","ping_status":"closed","template":"","meta":{"_acf_changed":false,"_exactmetrics_skip_tracking":false,"_exactmetrics_sitenote_active":false,"_exactmetrics_sitenote_note":"","_exactmetrics_sitenote_category":0,"footnotes":""},"class_list":["post-73","page","type-page","status-publish","hentry"],"acf":[],"_links":{"self":[{"href":"https:\/\/www.11bouge.com\/wordpress\/wp-json\/wp\/v2\/pages\/73","targetHints":{"allow":["GET"]}}],"collection":[{"href":"https:\/\/www.11bouge.com\/wordpress\/wp-json\/wp\/v2\/pages"}],"about":[{"href":"https:\/\/www.11bouge.com\/wordpress\/wp-json\/wp\/v2\/types\/page"}],"author":[{"embeddable":true,"href":"https:\/\/www.11bouge.com\/wordpress\/wp-json\/wp\/v2\/users\/1"}],"replies":[{"embeddable":true,"href":"https:\/\/www.11bouge.com\/wordpress\/wp-json\/wp\/v2\/comments?post=73"}],"version-history":[{"count":36,"href":"https:\/\/www.11bouge.com\/wordpress\/wp-json\/wp\/v2\/pages\/73\/revisions"}],"predecessor-version":[{"id":4827,"href":"https:\/\/www.11bouge.com\/wordpress\/wp-json\/wp\/v2\/pages\/73\/revisions\/4827"}],"up":[{"embeddable":true,"href":"https:\/\/www.11bouge.com\/wordpress\/wp-json\/wp\/v2\/pages\/2"}],"wp:attachment":[{"href":"https:\/\/www.11bouge.com\/wordpress\/wp-json\/wp\/v2\/media?parent=73"}],"curies":[{"name":"wp","href":"https:\/\/api.w.org\/{rel}","templated":true}]}}