{"id":63,"date":"2012-04-11T16:00:15","date_gmt":"2012-04-11T16:00:15","guid":{"rendered":"http:\/\/www.11bouge.com\/wordpress\/?page_id=63"},"modified":"2014-08-26T15:25:17","modified_gmt":"2014-08-26T15:25:17","slug":"atelier-danse-hip-hop","status":"publish","type":"page","link":"https:\/\/www.11bouge.com\/wordpress\/page-d-exemple\/atelier-danse-hip-hop\/","title":{"rendered":"Saison #4 &#8211; 2013-2014"},"content":{"rendered":"<p style=\"text-align: justify;\"><span style=\"color: #000000;\">Dans le cadre de ces actions culturelles, l&rsquo;association 11bouge pilote des projets qui participent au d\u00e9veloppement des cultures urbaines dans Carcassonne.<\/span><br \/>\n<span style=\"color: #000000;\">Elle propose des cours de danse hip-hop et des stages de graff dans le cadre de ses ateliers de pratiques et organise l&rsquo;\u00e9v\u00e9nement l&rsquo;Epop\u00e9e Hip Hop au mois de f\u00e9vrier.<\/span><\/p>\n<p style=\"text-align: justify;\"><span style=\"text-decoration: underline;\"><span style=\"color: #000000; text-decoration: underline;\">A VENIR :<\/span><\/span><br \/>\n<strong><span style=\"color: #000000;\"><a title=\"Permanent Link to Stage de danse adultes hip-hop funk styles\" href=\"http:\/\/reseauhiphoplr.fr\/stage-de-danse-adultes-hip-hop-funk-styles\/\" rel=\"bookmark\"><span style=\"color: #000000;\">Stage de danse adultes hip-hop funk styles<br \/>\n<\/span><\/a><\/span><\/strong><strong><span style=\"color: #000000;\">Vendredi 4 juillet \u00e0 la MJC de Carcassonne<\/span><\/strong><br \/>\n<span style=\"color: #000000;\"> 18h30 \u2013 21h \/ MJC de Carcassonne, salle 17<\/span><br \/>\n<span style=\"color: #000000;\"> Prix : 15 \u20ac par personne \/ places limit\u00e9es \/ <\/span><span style=\"color: #000000;\">R\u00e9servations par t\u00e9l\u00e9phone au 06.95.97.84.45 ou par mail \u00e0 mediation@11bouge.com.<\/span><\/p>\n<p style=\"text-align: justify;\"><span style=\"color: #000000;\">Venez d\u00e9couvrir ces disciplines avec Guillaume Penot, v\u00e9ritable amoureux de la danse hip-hop dans son ensemble. Il a suivi des stages avec les cr\u00e9ateurs de cette discipline, tels que Suga Pop ou Popping Pete, et la qualit\u00e9 de son travail est approuv\u00e9e par les Francas du Languedoc-Roussillon ainsi que le r\u00e9seau Hip-Hop Languedoc Roussillon.<\/span><\/p>\n<p style=\"text-align: justify;\"><span style=\"color: #000000;\">Le Locking et le popping sont 2 styles diff\u00e9rents de danse de club apparus dans les ann\u00e9es 1970 sur la c\u00f4te Ouest des Etats-Unis. Le popping repose sur des contractions musculaires sur le rythme de la musique ainsi que des ondulations, tandis que le locking est principalement bas\u00e9 sur des mouvements de bassins, de pointes, et de rotation des bras et des poignets.<br \/>\n___________________________________<br \/>\n<\/span><\/p>\n<div><strong><span style=\"color: #000000;\">Au vue de la situation actuelle de l\u2019association (suite \u00e0 la d\u00e9cision du Conseil Municipal de Carcassonne de baisser la subvention), nous ne sommes pas en mesure (pour le moment) de maintenir nos activit\u00e9s \u00e0 partir de septembre 2014. Nous tenons inform\u00e9s le public et les professionnels via notre site internet et les divers m\u00e9dias sociaux de l\u2019avanc\u00e9e du dossier.<\/span><\/strong><\/div>\n<p><span style=\"color: #000000;\">\u2022 <strong>FORMATION RAP ADDICT<\/strong> : workshop avec R.Can &#8211; samedi 5 avril de 14h \u00e0 17h &#8211; <\/span><br \/>\n<span style=\"color: #000000;\">20h30 : soir\u00e9e rap : open mic \/\/ places limit\u00e9es ! inscription \u00e0 mediation@11bouge.com \/ 06.95.97.84.45<\/span><\/p>\n<p><span style=\"color: #000000;\">\u2022 <strong>STAGE DE GRAFF<\/strong> : de l\u2019esquisse au maniement de la bombe, comment apprendre \u00e0 r\u00e9aliser un graff !<\/span><br \/>\n<span style=\"color: #000000;\">Lundi 28 avril 14h-17h : stage niveau d\u00e9butant : \u00e0 partir de 11 ans. <\/span><br \/>\n<span style=\"color: #000000;\">Mardi 29 avril 14h-17h : stage niveau interm\u00e9diaire. <\/span><br \/>\n<span style=\"color: #000000;\">Tarif : 20 \u20ac \/\/ places limit\u00e9es ! inscription \u00e0 mediation@11bouge.com \/ 06.95.97.84.45<\/span><\/p>\n<p><span style=\"color: #000000;\">\u2022 <strong>COURS DE DANSE HIP-HOP <\/strong><\/span><br \/>\n<span style=\"color: #000000;\">Stage de danse hip hop pour adultes : pr\u00e9vu entre avril et juin + d\u2019infos \u00e0 venir sur le site !<\/span><br \/>\n<span style=\"color: #000000;\">Le reste de l\u2019ann\u00e9e : cours les mercredis et samedis \/ d\u00e8s 5 ans, plusieurs cr\u00e9neaux, tous niveaux !<\/span><br \/>\n<span style=\"color: #000000;\">Reprise des cours le<\/span><strong> :<span style=\"color: #000000;\"> D\u00c9CISION EN COURS<\/span><\/strong><br \/>\n<span style=\"color: #000000;\">Battle des \u00e9l\u00e8ves &#8211; SAM 7 JUIN &#8211; lors de Quartiers en F\u00eate ! \u00e0 l\u2019Espace Domec (La Conte) &#8211; <strong>REPORTE A LA RENTREE CAR EVENEMENT QUARTIERS EN F\u00caTE REPORTE !<\/strong><br \/>\n<\/span><\/p>\n<p><span style=\"color: #000000;\">\u2022 ATELIER RAP : le mercredi avec l\u2019Association Couleurs Citoyennes \u00e0 La Conte \/ 04 68 25 38 17<\/span><\/p>\n<p><strong><span style=\"color: #000000;\">ANN\u00c9E SCOLAIRE 2013-2014 :<\/span><\/strong><br \/>\n<span style=\"color: #800000;\"><strong><strong>REPRISE DES COURS LE MERCREDI 25 SEPTEMBRE ET LE SAMEDI 28 SEPTEMBRE 2013<\/strong><br \/>\n<\/strong><\/span><\/p>\n<p><a href=\"http:\/\/www.11bouge.com\/wordpress\/wp-content\/uploads\/2012\/04\/bandeauannoncecours.jpg\"><img loading=\"lazy\" decoding=\"async\" class=\"alignnone  wp-image-2187\" src=\"http:\/\/www.11bouge.com\/wordpress\/wp-content\/uploads\/2012\/04\/bandeauannoncecours.jpg\" alt=\"bandeauannoncecours\" width=\"512\" height=\"189\" srcset=\"https:\/\/www.11bouge.com\/wordpress\/wp-content\/uploads\/2012\/04\/bandeauannoncecours.jpg 853w, https:\/\/www.11bouge.com\/wordpress\/wp-content\/uploads\/2012\/04\/bandeauannoncecours-300x110.jpg 300w\" sizes=\"auto, (max-width: 512px) 100vw, 512px\" \/><\/a><\/p>\n<p><strong><span style=\"color: #000000;\">T\u00e9l\u00e9chargement formulaire inscription &lt;<a title=\"formulaire inscription danse hip-hop\" href=\"http:\/\/www.11bouge.com\/wordpress\/LUDIVINE-SITEWEB\/actionculturelle\/20132014\/formulairehiphop.pdf\" target=\"_blank\">t\u00e9l\u00e9charger<\/a>&gt;<\/span><\/strong><br \/>\n<span style=\"color: #000000;\"><strong>PLANNING POUR L\u2019ANNEE 2013 &#8211; 2014<\/strong><\/span><br \/>\n<span style=\"color: #000000;\"><strong>MERCREDI<\/strong> &#8212;&#8212;&#8212;&#8212;&#8212;&#8212;&#8212;&#8212;&#8212;&#8212;&#8212;&#8212;&#8212;&#8212;&#8212;&#8212;&#8212;&#8212;&#8212;&#8212;&#8212;&#8212;&#8212;&#8212;&#8212;&#8212;&#8212;&#8212;&#8212;&#8212;-<\/span><br \/>\n<span style=\"color: #000000;\">Lieu : Centre Social Jean-Montsarrat &#8211; avenue Jules Verne, 11000 Carcassonne <\/span><br \/>\n<span style=\"color: #000000;\">\u2022 Horaire : 14h00 &#8211; 15h15<\/span><br \/>\n<span style=\"color: #000000;\">Cours : Danse Hip-Hop tous styles (popping, locking, house et top rock)<\/span><br \/>\n<span style=\"color: #000000;\">Age : d\u00e8s 12 ans et tous niveaux<\/span><br \/>\n<span style=\"color: #000000;\">Intervenant : Guillaume Penot<\/span><\/p>\n<p><span style=\"color: #000000;\"><strong>SAMEDI MATIN<\/strong> &#8212;&#8212;&#8212;&#8212;&#8212;&#8212;&#8212;&#8212;&#8212;&#8212;&#8212;&#8212;&#8212;&#8212;&#8212;&#8212;&#8212;&#8212;&#8212;&#8212;&#8212;&#8212;&#8212;&#8212;&#8212;&#8212;&#8212;&#8212;-<\/span><br \/>\n<span style=\"color: #000000;\">Lieu : Centre Social de la Roseraie &#8211; 25 bis, avenue G\u00e9n\u00e9ral Leclerc, 11000 Carcassonne<\/span><br \/>\n<span style=\"color: #000000;\">\u2022 Horaire : 11h00 &#8211; 12h00<\/span><br \/>\n<span style=\"color: #000000;\">Cours : Baby hip-hop breakdance<\/span><br \/>\n<span style=\"color: #000000;\">Age : de 5 \u00e0 7 ans<\/span><br \/>\n<span style=\"color: #000000;\">Intervenant : Camille Casteignau<\/span><\/p>\n<p><span style=\"color: #000000;\"><strong>SAMEDI APRES-MIDI<\/strong> &#8212;&#8212;&#8212;&#8212;&#8212;&#8212;&#8212;&#8212;&#8212;&#8212;&#8212;&#8212;&#8212;&#8212;&#8212;&#8212;&#8212;&#8212;&#8212;&#8212;&#8212;&#8212;&#8212;&#8212;&#8212;&#8212;<\/span><br \/>\n<span style=\"color: #000000;\">Lieu : Gymnase de l\u2019Ecole de la Gravette &#8211; 15 Rue Jacquard, 11000 Carcassonne<\/span><br \/>\n<span style=\"color: #000000;\">\u2022 Horaire : 14h00 &#8211; 15h15<\/span><br \/>\n<span style=\"color: #000000;\">Cours : Danse hip-hop breakdance<\/span><br \/>\n<span style=\"color: #000000;\">Age : de 8 \u00e0 11 ans \/ NIVEAU DEBUTANT<\/span><br \/>\n<span style=\"color: #000000;\">\u2022 Horaire : 15h30 &#8211; 16h45<\/span><br \/>\n<span style=\"color: #000000;\">Cours : Danse Hip Hop Breakdance<\/span><br \/>\n<span style=\"color: #000000;\">Age : enfants-ados \/ NIVEAU INTERMEDIAIRE<\/span><br \/>\n<span style=\"color: #000000;\">Intervenants : Camille Casteignau \/ Guillaume Penot<\/span><\/p>\n<p><span style=\"color: #000000;\"><strong>INSCRIPTIONS et RENSEIGNEMENTS<\/strong><\/span><br \/>\n<span style=\"color: #000000;\"> Plein Tarif : (tarif pour l\u2019ann\u00e9e)<\/span><br \/>\n<span style=\"color: #000000;\"> &#8211; 1 cours par semaine : 80\u20ac \/\/ 2 cours par semaine : 140\u20ac<\/span><br \/>\n<span style=\"color: #000000;\"> &#8211; Tarif famille : plein tarif pour le premier enfant, -10% pour les autres<\/span><br \/>\n<span style=\"color: #000000;\"> Tarif r\u00e9duit :<\/span><br \/>\n<span style=\"color: #000000;\"> &#8211; 1 cours par semaine : 60\u20ac\u00a0 \/\/ 2 cours par semaine : 120\u20ac pour les abonn\u00e9s de la carte ActiCity &#8211; inscription en station.<\/span><br \/>\n<span style=\"color: #000000;\"> &#8211; Paiement par \u00ab Ch\u00e8que passerelle Culture et Sports \u00bb du Conseil G\u00e9n\u00e9ral de l\u2019Aude.<\/span><br \/>\n<span style=\"color: #000000;\"> (Le tarif comprend l\u2019inscription et l\u2019adh\u00e9sion \u00e0 l\u2019association 11bouge)<\/span><br \/>\n<span style=\"color: #000000;\"> \u2022 D\u00e9p\u00f4t des dossiers complets (formulaire rempli, justificatifs + r\u00e8glement) : sur place, aux horaires habituels de cours.<\/span><\/p>\n<p><span style=\"color: #000000;\">Infos : 04 30 34 47 93 \/ mediation@11bouge.com<\/span><\/p>\n","protected":false},"excerpt":{"rendered":"<p>Dans le cadre de ces actions culturelles, l&rsquo;association 11bouge pilote des projets qui participent au d\u00e9veloppement des cultures urbaines dans Carcassonne. Elle propose des cours de danse hip-hop et des stages de graff dans le cadre de ses ateliers de pratiques et organise l&rsquo;\u00e9v\u00e9nement l&rsquo;Epop\u00e9e Hip Hop au mois de f\u00e9vrier. A VENIR : Stage [&hellip;]<\/p>\n","protected":false},"author":1,"featured_media":0,"parent":2,"menu_order":4,"comment_status":"closed","ping_status":"open","template":"","meta":{"_acf_changed":false,"_exactmetrics_skip_tracking":false,"_exactmetrics_sitenote_active":false,"_exactmetrics_sitenote_note":"","_exactmetrics_sitenote_category":0,"footnotes":""},"class_list":["post-63","page","type-page","status-publish","hentry"],"acf":[],"_links":{"self":[{"href":"https:\/\/www.11bouge.com\/wordpress\/wp-json\/wp\/v2\/pages\/63","targetHints":{"allow":["GET"]}}],"collection":[{"href":"https:\/\/www.11bouge.com\/wordpress\/wp-json\/wp\/v2\/pages"}],"about":[{"href":"https:\/\/www.11bouge.com\/wordpress\/wp-json\/wp\/v2\/types\/page"}],"author":[{"embeddable":true,"href":"https:\/\/www.11bouge.com\/wordpress\/wp-json\/wp\/v2\/users\/1"}],"replies":[{"embeddable":true,"href":"https:\/\/www.11bouge.com\/wordpress\/wp-json\/wp\/v2\/comments?post=63"}],"version-history":[{"count":37,"href":"https:\/\/www.11bouge.com\/wordpress\/wp-json\/wp\/v2\/pages\/63\/revisions"}],"predecessor-version":[{"id":3891,"href":"https:\/\/www.11bouge.com\/wordpress\/wp-json\/wp\/v2\/pages\/63\/revisions\/3891"}],"up":[{"embeddable":true,"href":"https:\/\/www.11bouge.com\/wordpress\/wp-json\/wp\/v2\/pages\/2"}],"wp:attachment":[{"href":"https:\/\/www.11bouge.com\/wordpress\/wp-json\/wp\/v2\/media?parent=63"}],"curies":[{"name":"wp","href":"https:\/\/api.w.org\/{rel}","templated":true}]}}