{"id":6090,"date":"2019-09-15T20:52:18","date_gmt":"2019-09-15T18:52:18","guid":{"rendered":"http:\/\/www.11bouge.com\/wordpress\/?page_id=6090"},"modified":"2023-02-14T16:16:10","modified_gmt":"2023-02-14T15:16:10","slug":"politique-de-confidentialite-standard-rgpd","status":"publish","type":"page","link":"https:\/\/www.11bouge.com\/wordpress\/politique-de-confidentialite-standard-rgpd\/","title":{"rendered":"Politique de confidentialit\u00e9 (standard RGPD)"},"content":{"rendered":"<p><strong>D\u00e9finitions :<\/strong><\/p>\n<p><strong>L&rsquo;\u00c9diteur :<\/strong> La personne, physique ou morale, qui \u00e9dite les services de communication au public en<br \/>\nligne.<\/p>\n<p><strong>Le Site :<\/strong> L&rsquo;ensemble des sites, pages Internet et services en ligne propos\u00e9s par l&rsquo;\u00c9diteur.<\/p>\n<p><strong>L&rsquo;Utilisateur :<\/strong> La personne utilisant le Site et les services.<\/p>\n<h2>Nature des donn\u00e9es collect\u00e9es<\/h2>\n<p><strong>Dans le cadre de l&rsquo;utilisation des Sites, l&rsquo;\u00c9diteur est susceptible de collecter les cat\u00e9gories de <\/strong><br \/>\n<strong>donn\u00e9es suivantes concernant ses Utilisateurs :<\/strong><\/p>\n<p>Donn\u00e9es de connexion (adresses IP, journaux d&rsquo;\u00e9v\u00e9nements&#8230;)<\/p>\n<h2>Communication des donn\u00e9es personnelles \u00e0 des tiers<\/h2>\n<p><strong>Pas de communication \u00e0 des tiers<\/strong><\/p>\n<p>Vos donn\u00e9es ne font l&rsquo;objet d&rsquo;aucune communication \u00e0 des tiers. Vous \u00eates toutefois inform\u00e9s<br \/>\nqu&rsquo;elles pourront \u00eatre divulgu\u00e9es en application d&rsquo;une loi, d&rsquo;un r\u00e8glement ou en vertu d&rsquo;une<br \/>\nd\u00e9cision d&rsquo;une autorit\u00e9 r\u00e9glementaire ou judiciaire comp\u00e9tente.<\/p>\n<h2>Information pr\u00e9alable pour la communication des donn\u00e9es personnelles \u00e0 des tiers en cas de fusion \/<br \/>\nabsorption<\/h2>\n<p><strong>Information pr\u00e9alable et possibilit\u00e9 d\u2019opt-out avant et apr\u00e8s la fusion \/ acquisition<\/strong><\/p>\n<p>Dans le cas o\u00f9 nous prendrions part \u00e0 une op\u00e9ration de fusion, d\u2019acquisition ou \u00e0 toute autre forme<br \/>\nde cession d\u2019actifs, nous nous engageons \u00e0 garantir la confidentialit\u00e9 de vos donn\u00e9es personnelles<br \/>\net \u00e0 vous informer<\/p>\n<p>avant que celles-ci ne soient transf\u00e9r\u00e9es ou soumises \u00e0 de nouvelles r\u00e8gles de confidentialit\u00e9.<\/p>\n<h2>Finalit\u00e9 de la r\u00e9utilisation des donn\u00e9es personnelles collect\u00e9es<\/h2>\n<p><strong>Effectuer les op\u00e9rations relatives \u00e0 la gestion des clients concernant<\/strong><\/p>\n<p>\u2022 les contrats ; les commandes ; les livraisons ; les factures ; la comptabilit\u00e9 et en particulier<br \/>\nla gestion des comptes clients<\/p>\n<p>\u2022 un programme de fid\u00e9lit\u00e9 au sein d&rsquo;une entit\u00e9 ou plusieurs entit\u00e9s juridiques ;<\/p>\n<p>\u2022 le suivi de la relation client tel que la r\u00e9alisation d&rsquo;enqu\u00eates de satisfaction, la gestion des<br \/>\nr\u00e9clamations et du service apr\u00e8s-vente<\/p>\n<p>\u2022 la s\u00e9lection de clients pour r\u00e9aliser des \u00e9tudes, sondages et tests produits (sauf consentement<br \/>\ndes personnes concern\u00e9es recueilli dans les conditions pr\u00e9vues \u00e0 l\u2019article 6, ces op\u00e9rations ne<br \/>\ndoivent pas conduire \u00e0 l&rsquo;\u00e9tablissement de profils susceptibles de faire appara\u00eetre des donn\u00e9es<br \/>\nsensibles &#8211; origines raciales ou ethniques, opinions philosophiques, politiques, syndicales,<br \/>\nreligieuses, vie sexuelle ou sant\u00e9 des personnes)<\/p>\n<p><strong>La gestion des avis des personnes sur des produits, services ou contenus<\/strong><\/p>\n<p>&nbsp;<\/p>\n<h2>Agr\u00e9gation des donn\u00e9es<\/h2>\n<h3>Agr\u00e9gation avec des donn\u00e9es non personnelles<\/h3>\n<p>Nous pouvons publier, divulguer et utiliser les informations agr\u00e9g\u00e9es (informations relatives \u00e0<br \/>\ntous nos Utilisateurs ou \u00e0 des groupes ou cat\u00e9gories sp\u00e9cifiques d&rsquo;Utilisateurs que nous combinons<br \/>\nde mani\u00e8re \u00e0 ce qu&rsquo;un Utilisateur individuel ne puisse plus \u00eatre identifi\u00e9 ou mentionn\u00e9) et les<br \/>\ninformations non personnelles \u00e0 des fins d&rsquo;analyse du secteur et du march\u00e9, de profilage<br \/>\nd\u00e9mographique, \u00e0 des fins promotionnelles et publicitaires et \u00e0 d&rsquo;autres fins commerciales.<\/p>\n<h3>Agr\u00e9gation avec des donn\u00e9es personnelles disponibles sur les comptes sociaux de l&rsquo;Utilisateur<\/h3>\n<p>Si vous connectez votre compte \u00e0 un compte d\u2019un autre service afin de faire des envois crois\u00e9s,<br \/>\nledit service pourra nous communiquer vos informations de profil, de connexion, ainsi que toute<br \/>\nautre information dont vous avez autoris\u00e9 la divulgation. Nous pouvons agr\u00e9ger les informations<br \/>\nrelatives \u00e0 tous nos autres<\/p>\n<p>Utilisateurs, groupes, comptes, aux donn\u00e9es personnelles disponibles sur l\u2019Utilisateur.<\/p>\n<p>&nbsp;<\/p>\n<h2>Collecte des donn\u00e9es d&rsquo;identit\u00e9<\/h2>\n<h3>Consultation libre<\/h3>\n<p>La consultation du Site ne n\u00e9cessite pas d&rsquo;inscription ni d&rsquo;identification pr\u00e9alable. Elle peut<br \/>\ns&rsquo;effectuer sans que vous ne communiquiez de donn\u00e9es nominatives vous concernant (nom, pr\u00e9nom,<br \/>\nadresse, etc). Nous ne proc\u00e9dons \u00e0 aucun enregistrement de donn\u00e9es nominatives pour la simple consultation du Site.<\/p>\n<h2>Collecte des donn\u00e9es d&rsquo;identification<\/h2>\n<h3>Utilisation de l&rsquo;identifiant de l&rsquo;utilisateur pour proposition de mise en relation et offres<br \/>\ncommerciales<\/h3>\n<p>Nous utilisons vos identifiants \u00e9lectroniques pour rechercher des relations pr\u00e9sentes par<br \/>\nconnexion, par adresse mail ou par services. Nous pouvons utiliser vos informations de contact pour permettre \u00e0<br \/>\nd&rsquo;autres personnes de trouver votre compte, notamment via des services tiers et des applications<br \/>\nclientes. Vous pouvez t\u00e9l\u00e9charger votre carnet d&rsquo;adresses afin que nous soyons en mesure de vous<br \/>\naider \u00e0 trouver des connaissances sur notre r\u00e9seau ou pour permettre \u00e0 d&rsquo;autres Utilisateurs de<br \/>\nnotre r\u00e9seau de vous trouver. Nous pouvons vous proposer des suggestions, \u00e0 vous et \u00e0 d&rsquo;autres<br \/>\nUtilisateurs du r\u00e9seau, \u00e0 partir des contacts import\u00e9s de votre carnet d\u2019adresses. Nous sommes<br \/>\nsusceptibles de travailler en partenariat avec des soci\u00e9t\u00e9s qui proposent des offres incitatives.<br \/>\nPour prendre en charge ce type de promotion et d&rsquo;offre incitative, nous sommes susceptibles de partager votre identifiant \u00e9lectronique.<\/p>\n<p>&nbsp;<\/p>\n<h2>G\u00e9olocalisation<\/h2>\n<h3>G\u00e9olocalisation \u00e0 des fins de fourniture du service<\/h3>\n<p>Nous collectons et traitons vos donn\u00e9es de g\u00e9olocalisation afin de vous fournir nos services. Nous<br \/>\npouvons \u00eatre amen\u00e9s \u00e0 faire usage des donn\u00e9es personnelles dans le but de d\u00e9terminer votre<br \/>\nposition g\u00e9ographique en temps r\u00e9el. Conform\u00e9ment \u00e0 votre droit d&rsquo;opposition pr\u00e9vu par la loi<br \/>\nn\u00b078-17 du 6 janvier 1978 relative \u00e0 l&rsquo;informatique, aux fichiers et aux libert\u00e9s, vous avez la<br \/>\npossibilit\u00e9, \u00e0 tout moment, de d\u00e9sactiver les fonctions relatives \u00e0 la g\u00e9olocalisation.<\/p>\n<h3>G\u00e9olocalisation \u00e0 des fins de croisement<\/h3>\n<p>Nous collectons et traitons vos donn\u00e9es de g\u00e9olocalisation afin de permettre \u00e0 nos services<br \/>\nd&rsquo;identifier les points de croisement dans le temps et dans l&rsquo;espace avec d&rsquo;autres Utilisateurs du<br \/>\nservice afin de vous pr\u00e9senter le profil des Utilisateurs crois\u00e9s. Conform\u00e9ment \u00e0 votre droit<br \/>\nd&rsquo;opposition pr\u00e9vu par la loi n\u00b078-17 du 6 janvier 1978 relative \u00e0 l&rsquo;informatique, aux fichiers et<br \/>\naux libert\u00e9s, vous avez la possibilit\u00e9, \u00e0 tout moment, de d\u00e9sactiver les fonctions relatives \u00e0 la<br \/>\ng\u00e9olocalisation. Vous reconnaissez alors que le service ne sera plus en mesure de vous pr\u00e9senter de<br \/>\nprofil des autres Utilisateurs.<\/p>\n<p>G\u00e9olocalisation avec mise \u00e0 disposition des partenaires pour r\u00e9f\u00e9rencement et agr\u00e9gation (avec<br \/>\nopt-in) Nous pouvons collecter et traiter vos donn\u00e9es de g\u00e9olocalisation avec nos partenaires. Nous<br \/>\nnous engageons \u00e0 anonymiser les donn\u00e9es utilis\u00e9es. Conform\u00e9ment \u00e0 votre droit d&rsquo;opposition pr\u00e9vu<br \/>\npar la loi n\u00b078-17 du 6 janvier 1978 relative \u00e0 l&rsquo;informatique, aux fichiers et aux libert\u00e9s, vous<br \/>\navez la possibilit\u00e9, \u00e0 tout moment, de<\/p>\n<h3>d\u00e9sactiver les fonctions relatives \u00e0 la g\u00e9olocalisation.<\/h3>\n<p>&nbsp;<\/p>\n<h2>Collecte des donn\u00e9es du terminal<\/h2>\n<h2>Collecte des donn\u00e9es de profilage et des donn\u00e9es techniques \u00e0 des fins de fourniture du service<\/h2>\n<p>Certaines des donn\u00e9es techniques de votre appareil sont collect\u00e9es automatiquement par le Site. Ces<br \/>\ninformations incluent notamment votre adresse IP, fournisseur d&rsquo;acc\u00e8s \u00e0 Internet, configuration<br \/>\nmat\u00e9rielle, configuration logicielle, type et langue du navigateur&#8230; La collecte de ces donn\u00e9es<br \/>\nest n\u00e9cessaire \u00e0 la fourniture des services.<\/p>\n<h3>Collecte des donn\u00e9es techniques \u00e0 des fins publicitaires, commerciales et statistiques<\/h3>\n<p>Les donn\u00e9es techniques de votre appareil sont automatiquement collect\u00e9es et enregistr\u00e9es par le<br \/>\nSite, \u00e0 des fins publicitaires, commerciales et statistiques. Ces informations nous aident \u00e0<br \/>\npersonnaliser et \u00e0 am\u00e9liorer continuellement votre exp\u00e9rience sur notre Site. Nous ne collectons ni<br \/>\nne conservons aucune donn\u00e9e nominative (nom, pr\u00e9nom, adresse&#8230;) \u00e9ventuellement attach\u00e9e \u00e0 une<br \/>\ndonn\u00e9e technique. Les donn\u00e9es collect\u00e9es sont susceptibles d\u2019\u00eatre revendues \u00e0 des tiers.<\/p>\n<p>&nbsp;<\/p>\n<h2>Cookies<\/h2>\n<h3>Dur\u00e9e de conservation des cookies<\/h3>\n<p>Conform\u00e9ment aux recommandations de la CNIL, la dur\u00e9e maximale de conservation des cookies est de<br \/>\n13 mois au maximum apr\u00e8s leur premier d\u00e9p\u00f4t dans le terminal de l&rsquo;Utilisateur, tout comme la dur\u00e9e<br \/>\nde la validit\u00e9 du consentement de l\u2019Utilisateur \u00e0 l\u2019utilisation de ces cookies. La dur\u00e9e de vie des<br \/>\ncookies n\u2019est pas prolong\u00e9e \u00e0 chaque visite. Le consentement de l\u2019Utilisateur devra donc \u00eatre<br \/>\nrenouvel\u00e9 \u00e0 l&rsquo;issue de ce d\u00e9lai.<\/p>\n<h3>Finalit\u00e9 cookies<\/h3>\n<p>Les cookies peuvent \u00eatre utilis\u00e9s pour des fins statistiques notamment pour optimiser les services<br \/>\nrendus \u00e0 l&rsquo;Utilisateur, \u00e0 partir du traitement des informations concernant la fr\u00e9quence d&rsquo;acc\u00e8s, la<br \/>\npersonnalisation des pages ainsi que les op\u00e9rations r\u00e9alis\u00e9es et les informations consult\u00e9es.<\/p>\n<p>Vous \u00eates inform\u00e9 que l&rsquo;\u00c9diteur est susceptible de d\u00e9poser des cookies sur votre terminal. Le<br \/>\ncookie enregistre des informations relatives \u00e0 la navigation sur le service (les pages que vous<br \/>\navez consult\u00e9es, la date et l&rsquo;heure de la consultation&#8230;) que nous pourrons lire lors de vos<br \/>\nvisites ult\u00e9rieures.<\/p>\n<h3>Droit de l&rsquo;Utilisateur de refuser les cookies<\/h3>\n<p>Vous reconnaissez avoir \u00e9t\u00e9 inform\u00e9 que l&rsquo;\u00c9diteur peut avoir recours \u00e0 des cookies. Si vous ne<br \/>\nsouhaitez pas que des cookies soient utilis\u00e9s sur votre terminal, la plupart des navigateurs vous<br \/>\npermettent de d\u00e9sactiver les cookies en passant par les options de r\u00e9glage.<\/p>\n<p>&nbsp;<\/p>\n<h2>Conservation des donn\u00e9es techniques<\/h2>\n<h3>Dur\u00e9e de conservation des donn\u00e9es techniques<\/h3>\n<p>Les donn\u00e9es techniques sont conserv\u00e9es pour la dur\u00e9e strictement n\u00e9cessaire \u00e0 la r\u00e9alisation des<br \/>\nfinalit\u00e9s vis\u00e9es ci-avant.<\/p>\n<h2>D\u00e9lai de conservation des donn\u00e9es personnelles et d&rsquo;anonymisation<\/h2>\n<h3>Conservation des donn\u00e9es pendant la dur\u00e9e de la relation contractuelle<\/h3>\n<p>Conform\u00e9ment \u00e0 l&rsquo;article 6-5\u00b0 de la loi n\u00b078-17 du 6 janvier 1978 relative \u00e0 l&rsquo;informatique, aux<br \/>\nfichiers et aux libert\u00e9s, les donn\u00e9es \u00e0 caract\u00e8re personnel faisant l&rsquo;objet d&rsquo;un traitement ne sont<br \/>\npas conserv\u00e9es au-del\u00e0 du temps n\u00e9cessaire \u00e0 l&rsquo;ex\u00e9cution des obligations d\u00e9finies lors de la<br \/>\nconclusion du contrat ou de la dur\u00e9e pr\u00e9d\u00e9finie de la relation contractuelle.<\/p>\n<h3>Conservation des donn\u00e9es anonymis\u00e9es au del\u00e0 de la relation contractuelle \/ apr\u00e8s la suppression du<br \/>\ncompte<\/h3>\n<p>Nous conservons les donn\u00e9es personnelles pour la dur\u00e9e strictement n\u00e9cessaire \u00e0 la r\u00e9alisation des<br \/>\nfinalit\u00e9s d\u00e9crites dans les pr\u00e9sentes CGU. Au-del\u00e0 de cette dur\u00e9e, elles seront anonymis\u00e9es et<br \/>\nconserv\u00e9es \u00e0 des fins exclusivement statistiques et ne donneront lieu \u00e0 aucune exploitation, de<br \/>\nquelque nature que ce soit.<\/p>\n<h3>Suppression des donn\u00e9es apr\u00e8s suppression du compte<\/h3>\n<p>Des moyens de purge de donn\u00e9es sont mis en place afin d&rsquo;en pr\u00e9voir la suppression effective d\u00e8s<br \/>\nlors que la dur\u00e9e de conservation ou d&rsquo;archivage n\u00e9cessaire \u00e0 l&rsquo;accomplissement des finalit\u00e9s<br \/>\nd\u00e9termin\u00e9es ou impos\u00e9es est atteinte. Conform\u00e9ment \u00e0 la loi n\u00b078-17 du 6 janvier 1978 relative \u00e0<br \/>\nl&rsquo;informatique, aux fichiers et aux libert\u00e9s, vous disposez par ailleurs d&rsquo;un droit de suppression<br \/>\nsur vos donn\u00e9es que vous pouvez exercer \u00e0 tout moment en prenant contact avec l&rsquo;\u00c9diteur.<\/p>\n<h3>Suppression des donn\u00e9es apr\u00e8s 3 ans d&rsquo;inactivit\u00e9<\/h3>\n<p>Pour des raisons de s\u00e9curit\u00e9, si vous ne vous \u00eates pas authentifi\u00e9 sur le Site pendant une p\u00e9riode<br \/>\nde trois ans, vous recevrez un e-mail vous invitant \u00e0 vous connecter dans les plus brefs d\u00e9lais,<br \/>\nsans quoi vos donn\u00e9es seront supprim\u00e9es de nos bases de donn\u00e9es.<\/p>\n<p>&nbsp;<\/p>\n<h2>Suppression du compte<\/h2>\n<h3>Suppression du compte \u00e0 la demande<\/h3>\n<p>L&rsquo;Utilisateur a la possibilit\u00e9 de supprimer son Compte \u00e0 tout moment, par simple demande \u00e0<br \/>\nl&rsquo;\u00c9diteur OU par le menu de suppression de Compte pr\u00e9sent dans les param\u00e8tres du Compte le cas \u00e9ch\u00e9ant.<\/p>\n<h3>Suppression du compte en cas de violation des CGU<\/h3>\n<p>En cas de violation d&rsquo;une ou de plusieurs dispositions des CGU ou de tout autre document incorpor\u00e9<br \/>\naux pr\u00e9sentes par r\u00e9f\u00e9rence, l&rsquo;\u00c9diteur se r\u00e9serve le droit de mettre fin ou restreindre sans aucun<br \/>\navertissement pr\u00e9alable et \u00e0 sa seule discr\u00e9tion, votre usage et acc\u00e8s aux services, \u00e0 votre compte et \u00e0 tous les Sites.<\/p>\n<p>&nbsp;<\/p>\n<h2>Indications en cas de faille de s\u00e9curit\u00e9 d\u00e9cel\u00e9e par l&rsquo;\u00c9diteur<\/h2>\n<h3>Information de l&rsquo;Utilisateur en cas de faille de s\u00e9curit\u00e9<\/h3>\n<p>Nous nous engageons \u00e0 mettre en oeuvre toutes les mesures techniques et organisationnelles<br \/>\nappropri\u00e9es afin de garantir un niveau de s\u00e9curit\u00e9 adapt\u00e9 au regard des risques d&rsquo;acc\u00e8s<br \/>\naccidentels, non autoris\u00e9s ou ill\u00e9gaux, de divulgation, d&rsquo;alt\u00e9ration, de perte ou encore de<br \/>\ndestruction des donn\u00e9es personnelles vous concernant.<\/p>\n<p>Dans l&rsquo;\u00e9ventualit\u00e9 o\u00f9 nous prendrions connaissance d&rsquo;un acc\u00e8s ill\u00e9gal aux donn\u00e9es personnelles vous<br \/>\nconcernant stock\u00e9es sur nos serveurs ou ceux de nos prestataires, ou d&rsquo;un acc\u00e8s non autoris\u00e9 ayant<br \/>\npour cons\u00e9quence la r\u00e9alisation des risques identifi\u00e9s ci-dessus, nous nous engageons \u00e0 :<\/p>\n<p>\u2022 Vous notifier l&rsquo;incident dans les plus brefs d\u00e9lais ;<\/p>\n<p>\u2022 Examiner les causes de l&rsquo;incident et vous en informer ;<\/p>\n<p>\u2022 Prendre les mesures n\u00e9cessaires dans la limite du raisonnable afin d&rsquo;amoindrir les effets<br \/>\nn\u00e9gatifs et pr\u00e9judices pouvant r\u00e9sulter dudit incident<\/p>\n<h3>Limitation de la responsabilit\u00e9<\/h3>\n<p>En aucun cas les engagements d\u00e9finis au point ci-dessus relatifs \u00e0 la notification en cas de faille<br \/>\nde s\u00e9curit\u00e9 ne peuvent \u00eatre assimil\u00e9s \u00e0 une quelconque reconnaissance de faute ou de responsabilit\u00e9<br \/>\nquant \u00e0 la survenance de l&rsquo;incident en question.<\/p>\n<p>&nbsp;<\/p>\n<h2>Transfert des donn\u00e9es personnelles \u00e0 l&rsquo;\u00e9tranger<\/h2>\n<h3>Pas de transfert en dehors de l&rsquo;Union europ\u00e9enne<\/h3>\n<p>L&rsquo;\u00c9diteur s&rsquo;engage \u00e0 ne pas transf\u00e9rer les donn\u00e9es personnelles de ses Utilisateurs en dehors de l&rsquo;Union europ\u00e9enne.<\/p>\n<p>&nbsp;<\/p>\n<h2>Modification des CGU et de la politique de confidentialit\u00e9<\/h2>\n<p><strong>En cas de modification des pr\u00e9sentes CGU, engagement de ne pas baisser le niveau de confidentialit\u00e9 <\/strong><br \/>\n<strong>de mani\u00e8re substantielle sans l&rsquo;information pr\u00e9alable des personnes concern\u00e9es<\/strong><\/p>\n<p>Nous nous engageons \u00e0 vous informer en cas de modification substantielle des pr\u00e9sentes CGU, et \u00e0 ne<br \/>\npas baisser le niveau de confidentialit\u00e9 de vos donn\u00e9es de mani\u00e8re substantielle sans vous en<br \/>\ninformer et obtenir votre consentement.<\/p>\n<h2>Droit applicable et modalit\u00e9s de recours<\/h2>\n<h3>Application du droit fran\u00e7ais (l\u00e9gislation CNIL) et comp\u00e9tence des tribunaux<\/h3>\n<p>Les pr\u00e9sentes CGU et votre utilisation du Site sont r\u00e9gies et interpr\u00e9t\u00e9es conform ment aux lois<br \/>\nde France, et notamment \u00e0 la Loi n\u00b0 78-17 du 6 janvier 1978 relative \u00e0 l&rsquo;informatique, aux fichiers<br \/>\net aux libert\u00e9s. Le choix de la loi applicable ne porte pas atteinte \u00e0 vos droits en tant que<br \/>\nconsommateur conform\u00e9ment \u00e0 la loi applicable de votre lieu de r\u00e9sidence. Si vous \u00eates un<br \/>\nconsommateur, vous et nous acceptons de se soumettre \u00e0 la comp\u00e9tence non-exclusive des juridictions<br \/>\nfran\u00e7aises, ce qui signifie que vous pouvez engager une action relative aux pr\u00e9sentes CGU en France<br \/>\nou dans le pays de l&rsquo;UE dans lequel vous vivez. Si vous \u00eates un professionnel, toutes les actions \u00e0<br \/>\nnotre encontre doivent \u00eatre engag\u00e9es devant une juridiction en France.<\/p>\n<p>En cas de litige, les parties chercheront une solution amiable avant toute action judiciaire. En<br \/>\ncas d&rsquo;\u00e9chec de ces tentatives, toutes contestations \u00e0 la validit\u00e9, l&rsquo;interpr\u00e9tation et \/ ou<br \/>\nl&rsquo;ex\u00e9cution des pr\u00e9sentes CGU devront \u00eatre port\u00e9es m\u00eame en cas de pluralit\u00e9 des d\u00e9fendeurs ou<br \/>\nd&rsquo;appel en garantie, devant les tribunaux fran\u00e7ais.<\/p>\n","protected":false},"excerpt":{"rendered":"<p>D\u00e9finitions : L&rsquo;\u00c9diteur : La personne, physique ou morale, qui \u00e9dite les services de communication au public en ligne. Le Site : L&rsquo;ensemble des sites, pages Internet et services en ligne propos\u00e9s par l&rsquo;\u00c9diteur. L&rsquo;Utilisateur : La personne utilisant le Site et les services. Nature des donn\u00e9es collect\u00e9es Dans le cadre de l&rsquo;utilisation des Sites, [&hellip;]<\/p>\n","protected":false},"author":1,"featured_media":0,"parent":0,"menu_order":0,"comment_status":"closed","ping_status":"closed","template":"","meta":{"_acf_changed":false,"_exactmetrics_skip_tracking":false,"_exactmetrics_sitenote_active":false,"_exactmetrics_sitenote_note":"","_exactmetrics_sitenote_category":0,"footnotes":""},"class_list":["post-6090","page","type-page","status-publish","hentry"],"acf":[],"_links":{"self":[{"href":"https:\/\/www.11bouge.com\/wordpress\/wp-json\/wp\/v2\/pages\/6090","targetHints":{"allow":["GET"]}}],"collection":[{"href":"https:\/\/www.11bouge.com\/wordpress\/wp-json\/wp\/v2\/pages"}],"about":[{"href":"https:\/\/www.11bouge.com\/wordpress\/wp-json\/wp\/v2\/types\/page"}],"author":[{"embeddable":true,"href":"https:\/\/www.11bouge.com\/wordpress\/wp-json\/wp\/v2\/users\/1"}],"replies":[{"embeddable":true,"href":"https:\/\/www.11bouge.com\/wordpress\/wp-json\/wp\/v2\/comments?post=6090"}],"version-history":[{"count":2,"href":"https:\/\/www.11bouge.com\/wordpress\/wp-json\/wp\/v2\/pages\/6090\/revisions"}],"predecessor-version":[{"id":7002,"href":"https:\/\/www.11bouge.com\/wordpress\/wp-json\/wp\/v2\/pages\/6090\/revisions\/7002"}],"wp:attachment":[{"href":"https:\/\/www.11bouge.com\/wordpress\/wp-json\/wp\/v2\/media?parent=6090"}],"curies":[{"name":"wp","href":"https:\/\/api.w.org\/{rel}","templated":true}]}}