{"id":540,"date":"2012-09-21T09:43:06","date_gmt":"2012-09-21T09:43:06","guid":{"rendered":"http:\/\/www.11bouge.com\/wordpress\/?page_id=540"},"modified":"2023-02-21T11:28:27","modified_gmt":"2023-02-21T10:28:27","slug":"chapeaubox","status":"publish","type":"page","link":"https:\/\/www.11bouge.com\/wordpress\/une-asso-un-lieu\/chapeaubox\/","title":{"rendered":"Infos pratiques"},"content":{"rendered":"<p><span style=\"color: #000000;\"><strong>Coordonn\u00e9es<br \/>\n<\/strong><span style=\"text-decoration: underline;\"><em>Adresse admin<\/em><\/span><em><span style=\"text-decoration: underline;\">istrative<\/span><\/em><\/span><\/p>\n<p>&nbsp;<\/p>\n<ul>\n<li>7 impasse de la plaine st Nazaire &#8211; 11000 Carcassonne<\/li>\n<li><span style=\"color: #000000;\">T\u00e9l.: 06.32.99.75.73<br \/>\n<\/span><\/li>\n<li><span style=\"color: #000000;\">Courriel : contact@11bouge.com<\/span><\/li>\n<\/ul>\n<p><span style=\"color: #000000;\"><span style=\"text-decoration: underline;\"><strong>Venir en voiture<\/strong><\/span> : voir le plan d&rsquo;acc\u00e8s &lt;<a style=\"color: #000000;\" title=\"plan\" href=\"https:\/\/goo.gl\/maps\/AbAWXxU6Ghbxe2bE6\" target=\"_blank\" rel=\"noopener\">cliquer ici<\/a>&gt; &#8211; parking gratuit<\/span><\/p>\n<p><span style=\"color: #000000;\"><strong><span style=\"text-decoration: underline;\">Lors de nos \u00e9v\u00e9nements<\/span> :<br \/>\n<\/strong><\/span><span style=\"color: #000000;\">Pensez au covoiturage ! Trouver ou proposer une voiture &lt;<a style=\"color: #000000;\" title=\"covoiturage\" href=\"http:\/\/www.aude.fr\/295-covoiturage.htm\" target=\"_blank\" rel=\"noopener\">par ici<\/a><\/span><span style=\"color: #000000;\">&gt; \/\/ <\/span><span style=\"color: #000000;\">Allo Carcassonne Taxi \u2013 par t\u00e9l. au<strong> 04 68 71 50 50<\/strong><\/span><\/p>\n<p><span style=\"color: #000000;\">____________________________________________________________________<br \/>\n<\/span><\/p>\n<p><strong style=\"color: #000000;\"><span style=\"color: #000000;\">Horaires d\u2019ouvertures<\/span><\/strong><\/p>\n<ul>\n<li><span style=\"color: #000000;\">LUNDI : administration &gt; 9h00-12h30 et 13h30 -17h30<\/span><\/li>\n<li><span style=\"color: #000000;\">MARDI : administration &gt; 9h00-12h30 et 13h30 -17h30<br \/>\n<\/span><\/li>\n<li><span style=\"color: #000000;\">MERCREDI : administration &gt; 9h00-12h30 et 13h30 -17h30<br \/>\n<\/span><\/li>\n<li><span style=\"color: #000000;\">JEUDI : administration &gt; 9h00-12h30 et 13h30 -17h30<br \/>\n<\/span><\/li>\n<li><span style=\"color: #000000;\">VENDREDI : administration &gt; 9h00-12h30 et 13h30 -17h30<br \/>\n<\/span><\/li>\n<li><span style=\"color: #000000;\">SAMEDI: administration &gt; Ferm\u00e9e<br \/>\n<\/span><\/li>\n<li><span style=\"color: #000000;\">DIMANCHE : administration &gt; Ferm\u00e9e<br \/>\n<\/span><\/li>\n<\/ul>\n<p>____________________________________________________________________<\/p>\n","protected":false},"excerpt":{"rendered":"<p>Coordonn\u00e9es Adresse administrative &nbsp; 7 impasse de la plaine st Nazaire &#8211; 11000 Carcassonne T\u00e9l.: 06.32.99.75.73 Courriel : contact@11bouge.com Venir en voiture : voir le plan d&rsquo;acc\u00e8s &lt;cliquer ici&gt; &#8211; parking gratuit Lors de nos \u00e9v\u00e9nements : Pensez au covoiturage ! Trouver ou proposer une voiture &lt;par ici&gt; \/\/ Allo Carcassonne Taxi \u2013 par t\u00e9l. [&hellip;]<\/p>\n","protected":false},"author":1,"featured_media":0,"parent":504,"menu_order":17,"comment_status":"closed","ping_status":"closed","template":"","meta":{"_acf_changed":false,"_exactmetrics_skip_tracking":false,"_exactmetrics_sitenote_active":false,"_exactmetrics_sitenote_note":"","_exactmetrics_sitenote_category":0,"footnotes":""},"class_list":["post-540","page","type-page","status-publish","hentry"],"acf":[],"_links":{"self":[{"href":"https:\/\/www.11bouge.com\/wordpress\/wp-json\/wp\/v2\/pages\/540","targetHints":{"allow":["GET"]}}],"collection":[{"href":"https:\/\/www.11bouge.com\/wordpress\/wp-json\/wp\/v2\/pages"}],"about":[{"href":"https:\/\/www.11bouge.com\/wordpress\/wp-json\/wp\/v2\/types\/page"}],"author":[{"embeddable":true,"href":"https:\/\/www.11bouge.com\/wordpress\/wp-json\/wp\/v2\/users\/1"}],"replies":[{"embeddable":true,"href":"https:\/\/www.11bouge.com\/wordpress\/wp-json\/wp\/v2\/comments?post=540"}],"version-history":[{"count":22,"href":"https:\/\/www.11bouge.com\/wordpress\/wp-json\/wp\/v2\/pages\/540\/revisions"}],"predecessor-version":[{"id":7011,"href":"https:\/\/www.11bouge.com\/wordpress\/wp-json\/wp\/v2\/pages\/540\/revisions\/7011"}],"up":[{"embeddable":true,"href":"https:\/\/www.11bouge.com\/wordpress\/wp-json\/wp\/v2\/pages\/504"}],"wp:attachment":[{"href":"https:\/\/www.11bouge.com\/wordpress\/wp-json\/wp\/v2\/media?parent=540"}],"curies":[{"name":"wp","href":"https:\/\/api.w.org\/{rel}","templated":true}]}}