{"id":519,"date":"2012-09-21T08:41:21","date_gmt":"2012-09-21T08:41:21","guid":{"rendered":"http:\/\/www.11bouge.com\/wordpress\/?page_id=519"},"modified":"2015-07-07T13:31:42","modified_gmt":"2015-07-07T13:31:42","slug":"partenaires","status":"publish","type":"page","link":"https:\/\/www.11bouge.com\/wordpress\/partenaires\/","title":{"rendered":"Partenaires"},"content":{"rendered":"<p style=\"margin-bottom: 0cm;\"><span style=\"color: #000000;\"><strong><em><span style=\"font-size: small;\">Merci<\/span><\/em><em> aux partenaires, indispensables de notre histoire !<\/em><\/strong><\/span><\/p>\n<p>&nbsp;<\/p>\n<p><span style=\"color: #000000;\"><strong>INSTITUTIONNELS<\/strong><\/span><br \/>\n<span style=\"color: #000000;\"> La Communaut\u00e9 d&rsquo;agglom\u00e9ration du Carcassonnais : <a href=\"http:\/http:\/\/www.agglocarcassonnais.fr\/\/\" target=\"_blank\"><span style=\"color: #000000;\">http:\/\/www.agglocarcassonnais.fr\/<\/span><\/a><\/span><br \/>\n<span style=\"color: #000000;\"> Le Conseil D\u00e9partemental de l&rsquo;Aude : <a href=\"http:\/\/www.aude.fr\/\" target=\"_blank\"><span style=\"color: #000000;\">www.aude.fr\/<\/span><\/a><\/span><br \/>\n<span style=\"color: #000000;\"> Le Conseil R\u00e9gional du Languedoc-Roussillon : <a href=\"www.laregion.fr\/\" target=\"_blank\"><span style=\"color: #000000;\">www.laregion.fr\/<\/span><\/a><\/span><br \/>\n<span style=\"color: #000000;\"> Direction r\u00e9gionale des affaires culturelles (DRAC) du Languedoc-Roussillon : <a href=\"http:\/\/www.languedoc-roussillon.culture.gouv.fr\/\" target=\"_blank\"><span style=\"color: #000000;\">www.languedoc-roussillon.culture.gouv.fr\/<\/span><\/a><\/span><\/p>\n<p><strong><span style=\"color: #000000;\">PROFESSIONNELS<br \/>\n<\/span><\/strong><span style=\"color: #000000;\">CNV : <\/span><span style=\"color: #000000;\"><a href=\"https:\/\/www.cnv.fr\/\" target=\"_blank\">https:\/\/www.cnv.fr\/<\/a><\/span><strong><span style=\"color: #000000;\"><a href=\"https:\/\/www.cnv.fr\/\" target=\"_blank\"><br \/>\n<\/a><\/span><\/strong><span style=\"color: #000000;\">R\u00e9seau en sc\u00e8ne Languedoc-Roussillon : <a href=\"http:\/\/www.reseauenscene.fr\/\" target=\"_blank\"><span style=\"color: #000000;\">www.reseauenscene.fr\/<\/span><\/a><\/span><br \/>\n<span style=\"color: #000000;\"> Arts Vivants 11 : <\/span><a href=\"http:\/\/www.artsvivants11.fr\/\" target=\"_blank\">http:\/\/www.artsvivants11.fr\/<\/a><span style=\"color: #000000;\"><strong><br \/>\n<\/strong>Acti city : <a style=\"color: #000000;\" title=\"Acti City\" href=\"http:\/\/www.acticity.com\/\" target=\"_blank\">http:\/\/www.acticity.com\/<\/a><\/span><br \/>\n<span style=\"color: #000000;\"> Le Cr\u00e9dit coop\u00e9ratif : <a style=\"color: #000000;\" title=\"Cr\u00e9dit coop\u00e9ratif\" href=\"http:\/\/www.credit-cooperatif.coop\/\" target=\"_blank\">http:\/\/www.credit-cooperatif.coop\/<\/a><\/span><\/p>\n<p><span style=\"color: #000000;\"><strong>MEDIA<br \/>\n<\/strong>Le Petit Agenda : <a style=\"color: #000000;\" title=\"le petit agenda\" href=\"http:\/\/www.lepetitagenda.com\/fr\" target=\"_blank\">http:\/\/www.lepetitagenda.com\/fr<\/a><strong><br \/>\n<\/strong>RCF : <a style=\"color: #000000;\" href=\"https:\/\/rcf.fr\/vie-quotidienne\/pays-de-carcassonne\" target=\"_blank\">https:\/\/rcf.fr\/vie-quotidienne\/pays-de-carcassonne<strong><br \/>\n<\/strong><\/a>Radio Marseillette : <a style=\"color: #000000;\" title=\"radio marseillette\" href=\"http:\/\/www.marseillettefm.com\/\" target=\"_blank\">http:\/\/www.marseillettefm.com\/<strong><br \/>\n<\/strong><\/a>Radio Transparence : <a style=\"color: #000000;\" href=\"http:\/\/www.radio-transparence.org\/\" target=\"_blank\">http:\/\/www.radio-transparence.org\/<\/a><\/span><br \/>\n<span style=\"color: #000000;\"> Radio ballade : <a style=\"color: #000000;\" href=\"http:\/\/www.radioballade.com\/\" target=\"_blank\">http:\/\/www.radioballade.com\/<\/a><\/span><span style=\"color: #000000;\"><a style=\"color: #000000;\" href=\"http:\/\/www.contactfm.fr\/\" target=\"_blank\"><br \/>\n<\/a>Radio 100% : <a style=\"color: #000000;\" href=\"http:\/\/www.centpourcent.com\/\" target=\"_blank\">http:\/\/www.centpourcent.com\/<\/a><\/span><\/p>\n<p><strong><span style=\"color: #000000;\">Nous remercions aussi<\/span><\/strong><br \/>\n<span style=\"color: #000000;\">Couleurs Citoyennes, La Mine d&rsquo;Art, Musical&rsquo;Sol, Antoli Imprimeur, SOS Musique, Contact FM, Capitole Live, WeeMove&#8230;<\/span><\/p>\n<p style=\"text-align: justify;\"><span style=\"color: #000000;\"><strong>R\u00c9SEAUX<\/strong><\/span><br \/>\n<span style=\"color: #000000;\">&#8211; <strong>la FEDELIMA (F\u00e9d\u00e9ration des lieux de musiques actuelles)<\/strong> :<\/span> <span style=\"color: #000000;\">R\u00e9seau national qui regroupe 142 lieux d\u00e9di\u00e9s aux musiques actuelles sur l\u2019ensemble du territoire m\u00e9tropolitain et ultra-marin.<br \/>\nCes lieux majoritairement associatifs assument un r\u00f4le d\u00e9terminant sur le plan artistique et culturel tant local, r\u00e9gional, national voire international gr\u00e2ce \u00e0 des projets qui allient diffusion, action culturelle et accompagnement des pratiques professionnelles et amateurs.<\/span>\u00a0 <span style=\"color: #000000;\"><a title=\"f\u00e9d\u00e9lima\" href=\"http:\/\/www.la-fedurok.org\/\" target=\"_blank\">http:\/\/www.la-fedurok.org\/<\/a><\/span><\/p>\n<p style=\"text-align: justify;\"><span style=\"color: #000000;\">&#8211;<strong> le SMA<\/strong> : Syndicat des Musiques Actuelles. Organisation patronale compos\u00e9e de quelques\u00a0200 entreprises issues de la fili\u00e8re des musiques actuelles. Il repr\u00e9sente ainsi tant des salles de concerts, des festivals, des producteurs de spectacles, comme des labels, des centres de formation ou encore des radios, ainsi que des f\u00e9d\u00e9rations et r\u00e9seaux. Ces entreprises et f\u00e9d\u00e9rations ont pour\u00a0point commun d\u2019\u0153uvrer en faveur de l\u2019int\u00e9r\u00eat g\u00e9n\u00e9ral et de la diversit\u00e9. C\u2019est ainsi qu\u2019elles sont, pour la plupart, \u00e0 but non lucratif ou ont inscrit leur projet \u00e9conomique dans le champ de\u00a0l\u2019\u00e9conomie sociale et solidaire. <a href=\"http:\/\/www.sma-syndicat.org\/\" target=\"_blank\">http:\/\/www.sma-syndicat.org\/<\/a><\/span><\/p>\n<p style=\"text-align: justify;\"><span style=\"color: #000000;\">&#8211; <strong>Avant-Mardi<\/strong> (R\u00e9seau de Musiques Actuelles en Midi-Pyr\u00e9n\u00e9es)<\/span><span id=\"fbPhotoSnowliftCaption\" class=\"fbPhotosPhotoCaption\" tabindex=\"0\"><span class=\"hasCaption\"><span style=\"color: #000000;\"><br \/>\nL\u2019association\u00a0 Avant-Mardi,\u00a0 r\u00e9seau\u00a0 r\u00e9gional\u00a0 qui\u00a0 regroupe\u00a0 46\u00a0 structures\u00a0 de\u00a0 Musiques\u00a0 Actuelles comprenant des salles, festivals, d\u00e9veloppeurs d\u2019artistes, associations organisatrices de concerts et diffuseurs\u00a0 sur\u00a0 l\u2019ensemble\u00a0 du\u00a0 territoire\u00a0 de\u00a0 Midi-Pyr\u00e9n\u00e9es.<span style=\"text-decoration: underline;\"> <a href=\"www.avant-mardi.com\/\" target=\"_blank\">http:\/\/www.avant-mardi.com\/<\/a><\/span><\/span><\/span><\/span><\/p>\n<p style=\"text-align: justify;\">&#8211; <span style=\"color: #000000;\"><strong>RCAlr<\/strong> ( R\u00e9seau de Coop\u00e9ration des Acteurs de musiques actuelles en Languedoc-Roussillon)<\/span><br \/>\nL<span style=\"color: #000000;\">e RCA est le regroupement professionnel des acteurs des musiques actuelles du Languedoc-Roussillon. Les objectifs de ce r\u00e9seau r\u00e9gional sont de multiplier les collaborations, faciliter la circulation de l\u2019information, \u00eatre un espace de r\u00e9flexion, faire reconna\u00eetre l\u2019utilit\u00e9 des musiques actuelles, d\u00e9fendre l\u2019\u00e9quit\u00e9 territoriale et valoriser toutes les pratiques musicales. <a title=\"rca\" href=\"http:\/\/www.rca-lr.org\/\" target=\"_blank\">http:\/\/www.rca-lr.org\/<\/a><\/span><\/p>\n<p style=\"text-align: justify;\"><span style=\"color: #000000;\">&#8211; <strong>R\u00e9seau Hip Hop Languedoc-Roussillon<\/strong> : La R\u00e9gion Languedoc-Roussillon s\u2019est dot\u00e9e depuis 2007 d\u2019un R\u00e9seau Hip Hop, port\u00e9 par l\u2019association Attitude \u00e0 Montpellier, la Casa Musicale de Perpignan et l\u2019association Da Storm \u00e0 N\u00eemes. Les cultures urbaines sont au c\u0153ur du projet culturel que d\u00e9fend la R\u00e9gion. En effet, elles sont non seulement un domaine culturel riche par leurs diversit\u00e9s esth\u00e9tiques, mais \u00e9galement un domaine culturel puissamment vecteur de lien social. L&rsquo;Association 11bouge a rejoint le r\u00e9seau en janvier 2014 en tant que relais d\u00e9partemental. <a style=\"color: #000000;\" href=\"http:\/\/reseauhiphoplr.fr\/\" target=\"_blank\">http:\/\/reseauhiphoplr.fr<\/a><\/span><\/p>\n<p><span style=\"color: #000000;\"><cite><br \/>\n<\/cite><\/span><\/p>\n<p>&nbsp;<\/p>\n","protected":false},"excerpt":{"rendered":"<p>Merci aux partenaires, indispensables de notre histoire ! &nbsp; INSTITUTIONNELS La Communaut\u00e9 d&rsquo;agglom\u00e9ration du Carcassonnais : http:\/\/www.agglocarcassonnais.fr\/ Le Conseil D\u00e9partemental de l&rsquo;Aude : www.aude.fr\/ Le Conseil R\u00e9gional du Languedoc-Roussillon : www.laregion.fr\/ Direction r\u00e9gionale des affaires culturelles (DRAC) du Languedoc-Roussillon : www.languedoc-roussillon.culture.gouv.fr\/ PROFESSIONNELS CNV : https:\/\/www.cnv.fr\/ R\u00e9seau en sc\u00e8ne Languedoc-Roussillon : www.reseauenscene.fr\/ Arts Vivants 11 : [&hellip;]<\/p>\n","protected":false},"author":1,"featured_media":0,"parent":0,"menu_order":4,"comment_status":"closed","ping_status":"closed","template":"","meta":{"_acf_changed":false,"_exactmetrics_skip_tracking":false,"_exactmetrics_sitenote_active":false,"_exactmetrics_sitenote_note":"","_exactmetrics_sitenote_category":0,"footnotes":""},"class_list":["post-519","page","type-page","status-publish","hentry"],"acf":[],"_links":{"self":[{"href":"https:\/\/www.11bouge.com\/wordpress\/wp-json\/wp\/v2\/pages\/519","targetHints":{"allow":["GET"]}}],"collection":[{"href":"https:\/\/www.11bouge.com\/wordpress\/wp-json\/wp\/v2\/pages"}],"about":[{"href":"https:\/\/www.11bouge.com\/wordpress\/wp-json\/wp\/v2\/types\/page"}],"author":[{"embeddable":true,"href":"https:\/\/www.11bouge.com\/wordpress\/wp-json\/wp\/v2\/users\/1"}],"replies":[{"embeddable":true,"href":"https:\/\/www.11bouge.com\/wordpress\/wp-json\/wp\/v2\/comments?post=519"}],"version-history":[{"count":55,"href":"https:\/\/www.11bouge.com\/wordpress\/wp-json\/wp\/v2\/pages\/519\/revisions"}],"predecessor-version":[{"id":5017,"href":"https:\/\/www.11bouge.com\/wordpress\/wp-json\/wp\/v2\/pages\/519\/revisions\/5017"}],"wp:attachment":[{"href":"https:\/\/www.11bouge.com\/wordpress\/wp-json\/wp\/v2\/media?parent=519"}],"curies":[{"name":"wp","href":"https:\/\/api.w.org\/{rel}","templated":true}]}}