{"id":517,"date":"2012-09-21T08:40:42","date_gmt":"2012-09-21T08:40:42","guid":{"rendered":"http:\/\/www.11bouge.com\/wordpress\/?page_id=517"},"modified":"2024-09-26T12:42:16","modified_gmt":"2024-09-26T10:42:16","slug":"l-equipe","status":"publish","type":"page","link":"https:\/\/www.11bouge.com\/wordpress\/une-asso-un-lieu\/l-equipe\/","title":{"rendered":"L&rsquo;\u00e9quipe"},"content":{"rendered":"<h2>Salari\u00e9s &#8211; Prestataires<\/h2>\n<p>Franck TANNEAU, Directeur<br \/>\nMagali Sanchez, Administratrice<br \/>\nYounes ESSABBAHI, M\u00e9diateur Culturel<br \/>\nPierrot MONTEL, R\u00e9gisseur Technique<br \/>\nWalter LUPANO, Communication<\/p>\n<p><a href=\"https:\/\/www.11bouge.com\/wordpress\/wp-content\/uploads\/2024\/09\/rentree-equipe.jpg\"><img loading=\"lazy\" decoding=\"async\" class=\"alignnone wp-image-7519 size-full\" src=\"https:\/\/www.11bouge.com\/wordpress\/wp-content\/uploads\/2024\/09\/rentree-equipe.jpg\" alt=\"L'\u00e9quipe \" width=\"850\" height=\"478\" srcset=\"https:\/\/www.11bouge.com\/wordpress\/wp-content\/uploads\/2024\/09\/rentree-equipe.jpg 850w, https:\/\/www.11bouge.com\/wordpress\/wp-content\/uploads\/2024\/09\/rentree-equipe-300x169.jpg 300w, https:\/\/www.11bouge.com\/wordpress\/wp-content\/uploads\/2024\/09\/rentree-equipe-768x432.jpg 768w\" sizes=\"auto, (max-width: 850px) 100vw, 850px\" \/><\/a><\/p>\n<p><a href=\"https:\/\/www.11bouge.com\/wordpress\/wp-content\/uploads\/2024\/09\/05A0869.jpg\"><img loading=\"lazy\" decoding=\"async\" class=\"alignnone size-full wp-image-7520\" src=\"https:\/\/www.11bouge.com\/wordpress\/wp-content\/uploads\/2024\/09\/05A0869.jpg\" alt=\"\" width=\"850\" height=\"566\" srcset=\"https:\/\/www.11bouge.com\/wordpress\/wp-content\/uploads\/2024\/09\/05A0869.jpg 850w, https:\/\/www.11bouge.com\/wordpress\/wp-content\/uploads\/2024\/09\/05A0869-300x200.jpg 300w, https:\/\/www.11bouge.com\/wordpress\/wp-content\/uploads\/2024\/09\/05A0869-768x511.jpg 768w\" sizes=\"auto, (max-width: 850px) 100vw, 850px\" \/><\/a><\/p>\n<h2>Conseil d&rsquo;administration<\/h2>\n<p>Patrick LAPENA, \u00a0Pr\u00e9sident.<br \/>\nDidier ROBBE, \u00a0Vice-pr\u00e9sident<br \/>\nAline OLIVIER, Vice-pr\u00e9sidente.<br \/>\nJ\u00e9r\u00f4me BAUZON,\u00a0Tr\u00e9sorier.<br \/>\nMarie-Pierre BAILLAUQUES,\u00a0Secr\u00e9taire.<br \/>\nDanielle RIVIERE,\u00a0Secr\u00e9taire adjointe.<br \/>\nShani GRUMBACH,\u00a0Membre administrateur.<br \/>\nNicolas WORMS, \u00a0Membre administrateur.<br \/>\nR\u00e9mi DE LA RUA, \u00a0Membre administrateur.<br \/>\nPascale MARTEL, \u00a0Membre administrateur.<br \/>\nLena GRUMBACH, \u00a0Membre administrateur.<br \/>\nG\u00e9rard GASSON,\u00a0Membre administrateur.<br \/>\nMathieu IRONDELA, \u00a0Membre administrateur.<br \/>\nNina LAFON, Membre administrateur.<br \/>\nLe\u00efla TOFFALONI, Membre administrateur.<br \/>\nWilliam JAMMET, Membre administrateur.<br \/>\nSandrine GASTOU,\u00a0Membre administrateur.<br \/>\nMarie Jo AMADIEU, \u00a0Membre administrateur.<br \/>\nMaya CONSTANT, Membre administrateur.<br \/>\nDidier BUCHHLOZ,\u00a0Membre administrateur.<br \/>\nKarim SEBBAR, Membre administrateur.<br \/>\nSylvie FRANCISCO, Membre administrateur.<br \/>\nOlivier KRUG,\u00a0Membre administrateur.<br \/>\nChristian GODEMAN,\u00a0Membre administrateur.<\/p>\n<p><a href=\"https:\/\/www.11bouge.com\/wordpress\/wp-content\/uploads\/2024\/09\/CA-2019-bis.jpg\"><img loading=\"lazy\" decoding=\"async\" class=\"size-full wp-image-7521\" src=\"https:\/\/www.11bouge.com\/wordpress\/wp-content\/uploads\/2024\/09\/CA-2019-bis.jpg\" alt=\"CA 2019\" width=\"850\" height=\"566\" srcset=\"https:\/\/www.11bouge.com\/wordpress\/wp-content\/uploads\/2024\/09\/CA-2019-bis.jpg 850w, https:\/\/www.11bouge.com\/wordpress\/wp-content\/uploads\/2024\/09\/CA-2019-bis-300x200.jpg 300w, https:\/\/www.11bouge.com\/wordpress\/wp-content\/uploads\/2024\/09\/CA-2019-bis-768x511.jpg 768w\" sizes=\"auto, (max-width: 850px) 100vw, 850px\" \/><\/a><\/p>\n<p><a href=\"https:\/\/www.11bouge.com\/wordpress\/wp-content\/uploads\/2024\/09\/CA-Annif-Mya-24-01-23.jpg\"><img loading=\"lazy\" decoding=\"async\" class=\"alignnone size-full wp-image-7522\" src=\"https:\/\/www.11bouge.com\/wordpress\/wp-content\/uploads\/2024\/09\/CA-Annif-Mya-24-01-23.jpg\" alt=\"\" width=\"850\" height=\"520\" srcset=\"https:\/\/www.11bouge.com\/wordpress\/wp-content\/uploads\/2024\/09\/CA-Annif-Mya-24-01-23.jpg 850w, https:\/\/www.11bouge.com\/wordpress\/wp-content\/uploads\/2024\/09\/CA-Annif-Mya-24-01-23-300x184.jpg 300w, https:\/\/www.11bouge.com\/wordpress\/wp-content\/uploads\/2024\/09\/CA-Annif-Mya-24-01-23-768x470.jpg 768w\" sizes=\"auto, (max-width: 850px) 100vw, 850px\" \/><\/a><\/p>\n<p><a href=\"https:\/\/www.11bouge.com\/wordpress\/wp-content\/uploads\/2024\/09\/CA-annif-Pascale.jpg\"><img loading=\"lazy\" decoding=\"async\" class=\"alignnone size-full wp-image-7523\" src=\"https:\/\/www.11bouge.com\/wordpress\/wp-content\/uploads\/2024\/09\/CA-annif-Pascale.jpg\" alt=\"\" width=\"850\" height=\"637\" srcset=\"https:\/\/www.11bouge.com\/wordpress\/wp-content\/uploads\/2024\/09\/CA-annif-Pascale.jpg 850w, https:\/\/www.11bouge.com\/wordpress\/wp-content\/uploads\/2024\/09\/CA-annif-Pascale-300x225.jpg 300w, https:\/\/www.11bouge.com\/wordpress\/wp-content\/uploads\/2024\/09\/CA-annif-Pascale-768x576.jpg 768w\" sizes=\"auto, (max-width: 850px) 100vw, 850px\" \/><\/a><\/p>\n<p align=\"LEFT\"><span style=\"color: #000000;\"><span style=\"font-family: Arial,sans-serif;\"><span style=\"font-size: medium;\">\u00a0<\/span><\/span><\/span><\/p>\n<p>&nbsp;<\/p>\n","protected":false},"excerpt":{"rendered":"<p>Salari\u00e9s &#8211; Prestataires Franck TANNEAU, Directeur Magali Sanchez, Administratrice Younes ESSABBAHI, M\u00e9diateur Culturel Pierrot MONTEL, R\u00e9gisseur Technique Walter LUPANO, Communication Conseil d&rsquo;administration Patrick LAPENA, \u00a0Pr\u00e9sident. Didier ROBBE, \u00a0Vice-pr\u00e9sident Aline OLIVIER, Vice-pr\u00e9sidente. J\u00e9r\u00f4me BAUZON,\u00a0Tr\u00e9sorier. Marie-Pierre BAILLAUQUES,\u00a0Secr\u00e9taire. Danielle RIVIERE,\u00a0Secr\u00e9taire adjointe. Shani GRUMBACH,\u00a0Membre administrateur. Nicolas WORMS, \u00a0Membre administrateur. R\u00e9mi DE LA RUA, \u00a0Membre administrateur. Pascale MARTEL, \u00a0Membre administrateur. [&hellip;]<\/p>\n","protected":false},"author":1,"featured_media":0,"parent":504,"menu_order":3,"comment_status":"closed","ping_status":"closed","template":"","meta":{"_acf_changed":false,"_exactmetrics_skip_tracking":false,"_exactmetrics_sitenote_active":false,"_exactmetrics_sitenote_note":"","_exactmetrics_sitenote_category":0,"footnotes":""},"class_list":["post-517","page","type-page","status-publish","hentry"],"acf":[],"_links":{"self":[{"href":"https:\/\/www.11bouge.com\/wordpress\/wp-json\/wp\/v2\/pages\/517","targetHints":{"allow":["GET"]}}],"collection":[{"href":"https:\/\/www.11bouge.com\/wordpress\/wp-json\/wp\/v2\/pages"}],"about":[{"href":"https:\/\/www.11bouge.com\/wordpress\/wp-json\/wp\/v2\/types\/page"}],"author":[{"embeddable":true,"href":"https:\/\/www.11bouge.com\/wordpress\/wp-json\/wp\/v2\/users\/1"}],"replies":[{"embeddable":true,"href":"https:\/\/www.11bouge.com\/wordpress\/wp-json\/wp\/v2\/comments?post=517"}],"version-history":[{"count":52,"href":"https:\/\/www.11bouge.com\/wordpress\/wp-json\/wp\/v2\/pages\/517\/revisions"}],"predecessor-version":[{"id":7524,"href":"https:\/\/www.11bouge.com\/wordpress\/wp-json\/wp\/v2\/pages\/517\/revisions\/7524"}],"up":[{"embeddable":true,"href":"https:\/\/www.11bouge.com\/wordpress\/wp-json\/wp\/v2\/pages\/504"}],"wp:attachment":[{"href":"https:\/\/www.11bouge.com\/wordpress\/wp-json\/wp\/v2\/media?parent=517"}],"curies":[{"name":"wp","href":"https:\/\/api.w.org\/{rel}","templated":true}]}}