{"id":5072,"date":"2015-09-10T09:26:38","date_gmt":"2015-09-10T09:26:38","guid":{"rendered":"http:\/\/www.11bouge.com\/wordpress\/?page_id=5072"},"modified":"2015-09-10T09:27:30","modified_gmt":"2015-09-10T09:27:30","slug":"saison-5-20142015","status":"publish","type":"page","link":"https:\/\/www.11bouge.com\/wordpress\/page-d-exemple\/saison-5-20142015\/","title":{"rendered":"Saison #5 &#8211; 2014\/2015"},"content":{"rendered":"<p><span style=\"color: #000000;\">Dans le cadre de ces actions culturelles, l\u2019association 11bouge pilote des projets qui participent au d\u00e9veloppement des cultures urbaines dans Carcassonne.<\/span><br \/>\n<span style=\"color: #000000;\"> Elle propose des cours de danse hip-hop et des stages de graff dans le cadre de ses ateliers de pratiques et organise l\u2019\u00e9v\u00e9nement l\u2019Epop\u00e9e Hip Hop au mois de f\u00e9vrier.<\/span><\/p>\n<div><span style=\"color: #000000;\"><strong>\/\/ C\u2019est une rentr\u00e9e morose pour l\u2019Association qui vit ses derniers jours dans les locaux du Chapeau Rouge\u2026. L\u2019\u00e9quipe et le CA continuent \u00e0 travailler d\u2019arrache-pied pour remanier le projet associatif li\u00e9 \u00e0 la Salle. Une p\u00e9riode de transition commence, le mouvement ne s\u2019arr\u00eate pas ! Des emplois restent menac\u00e9s, la baisse de la subvention de la Ville de Carcassonne et l\u2019expulsion des murs du Chapeau rouge mettent \u00e0 mal le travail men\u00e9 depuis 3 ans 1\/2 sur la Ville \/\/<\/strong><\/span><\/div>\n<div>\n<hr \/>\n<\/div>\n<div><span class=\"fsl\" style=\"color: #000000;\"><strong>Sortie Puma Battle Of The Year France 2015<\/strong><br \/>\nDans le cadre de ses activit\u00e9s autour des Cultures Urbaines, l\u2019association 11bouge met en place un bus pour assister \u00e0 la 15\u00e8me \u00e9dition du Puma Battle Of The Year France, l\u2019\u00e9v\u00e8nement breakdance de l\u2019ann\u00e9e, le samedi 23 mai, au Z\u00e9nith Sud de Montpellier.<br \/>\nSamedi 23 mai 2015 \u2013 D\u00e9part de Carcassonne et Narbonne &lt;<a style=\"color: #000000;\" title=\"formulaire inscription battle\" href=\"http:\/\/www.11bouge.com\/wordpress\/LUDIVINE-SITEWEB\/actionculturelle\/20142015\/forminscription_battleoftheyear_11bouge.pdf\" target=\"_blank\">inscription et informations<\/a>&gt; \/\/ formulaire sp\u00e9cial structure &lt;<a style=\"color: #000000;\" title=\"formulaire inscription battle\" href=\"http:\/\/www.11bouge.com\/wordpress\/LUDIVINE-SITEWEB\/actionculturelle\/20142015\/forminscription_asso_battleoftheyear_11bouge.pdf\" target=\"_blank\">cliquer ici<\/a>&gt;<br \/>\nCette sortie est propos\u00e9e par l\u2019association 11bouge (relais d\u00e9partemental) en partenariat avec Acti City et le R\u00e9seau Hip Hop Languedoc-Roussillon.<\/span><\/div>\n<div><span style=\"color: #000000;\">\u00a0<\/span><\/div>\n<div><span style=\"color: #000000;\"><strong>TERMINE<br \/>\n<\/strong><\/span><\/div>\n<div><span style=\"color: #000000;\"><strong>15 et 16 avril 2015<\/strong> : Atelier rap et \u00e9criture \u2013 anim\u00e9 par JIDMA \u2013 Centre Social Jean-Montsarrat<strong><br \/>\n13 et 14 avril 2015<\/strong> : Danse hip-hop debout (newstyle) \u2013 anim\u00e9 par Jordan Jo \u2013 Centre Social Jean-Montsarrat<strong><br \/>\n8 avril 2015<\/strong> : Fabrique des Arts \u2013 Rencontres urbaines autour de la danse hip hop et du rap, dans le cadre du Festival Futuring Jeunes en Sc\u00e8nes<\/span><\/div>\n<div><span style=\"color: #000000;\"><strong>9 et 10 f\u00e9v. 2015<\/strong> : stage de rap\/\u00e9criture de 14h \u00e0 17h \u2013 anim\u00e9 par JIDMA \u2013 Centre social de la Conte avec Couleurs Citoyennes<\/span><br \/>\n<span style=\"color: #000000;\"> <strong>11 et 12 f\u00e9v. 2015<\/strong> : stage de danse hip-hop (breakdance) de 14h30 \u00e0 16h30 \u2013 anim\u00e9 par Rapha\u00ebl Saint-Laurent &#8211; Centre social de la Conte avec Couleurs Citoyennes<\/span><br \/>\n<span style=\"color: #000000;\"> <strong>13 f\u00e9v. 2015<\/strong> : restitution de 14h30 \u00e0 17h &#8211; Centre social de la Conte avec Couleurs Citoyennes<\/span><\/div>\n<div>\n<hr \/>\n<p><span style=\"color: #000000;\">\u2022 <strong>COURS DE DANSE HIP-HOP <\/strong><\/span><br \/>\n<span style=\"color: #000000;\"> <strong>REPRISE DES COURS LE MERCREDI 01 OCTOBRE 2014<br \/>\n<\/strong><\/span><\/p>\n<\/div>\n<p><span style=\"color: #000000;\"><strong>T\u00e9l\u00e9chargement formulaire inscription &lt;<a style=\"color: #000000;\" title=\"formulaire inscription danse hip-hop\" href=\"http:\/\/www.11bouge.com\/wordpress\/LUDIVINE-SITEWEB\/actionculturelle\/20142015\/formulaireInscript_HipHop.pdf\" target=\"_blank\">t\u00e9l\u00e9charger<\/a>&gt;<\/strong><\/span><\/p>\n<p><span style=\"color: #000000;\"><strong>COURS DE BREAKDANCE (danse au sol)<\/strong><\/span><br \/>\n<span style=\"color: #000000;\"> Lieu : Centre Social Jean-Montsarrat \u2013 avenue Jules Verne, 11000 Carcassonne<\/span><br \/>\n<span style=\"color: #000000;\"> \u2022 MERCREDI<\/span><br \/>\n<span style=\"color: #000000;\"> 14h00 \u2013 15h00 pour les 7\/8 ans<\/span><br \/>\n<span style=\"color: #000000;\"> 15h00 \u2013 16h15 pour les 9\/11 ans<\/span><br \/>\n<span style=\"color: #000000;\"> 16h30 \u2013 17h45 pour les 12 ans et plus<\/span><br \/>\n<span style=\"color: #000000;\"> Intervenant : Rapha\u00ebl Saint-Laurent<\/span><\/p>\n<p><span style=\"color: #000000;\"><strong>COURS DE DANSE HIP-HOP DEBOUT (Popping, locking etc.)<\/strong><\/span><br \/>\n<span style=\"color: #000000;\"> Lieu : Centre Social de Grazailles \u2013 1, Rue du Moulin de La Seigne, 11000 Carcassonne<\/span><br \/>\n<span style=\"color: #000000;\"> \u2022 SAMEDI<\/span><br \/>\n<span style=\"color: #000000;\"> 14h00 \u2013 15h30 pour les 12 ans et plus<\/span><br \/>\n<span style=\"color: #000000;\"> Intervenante : Sylia Achouri<\/span><\/p>\n<p><span style=\"color: #000000;\">Il est recommand\u00e9 pour la pratique du hip-hop une tenue vestimentaire sportive et une paire de chaussures adapt\u00e9e.<\/span><\/p>\n<p><span style=\"color: #000000;\"><strong>INSCRIPTIONS et RENSEIGNEMENTS<\/strong><\/span><br \/>\n<span style=\"color: #000000;\"> D\u00e9but des cours : Mercredi 01 octobre 2014 au\u00a0 mercredi 17 juin 2015.<\/span><br \/>\n<span style=\"color: #000000;\"> Pas de cours pendant les vacances scolaires.<\/span><\/p>\n<p><span style=\"color: #000000;\">Tarif des cours :<\/span><br \/>\n<span style=\"color: #000000;\"> Possibilit\u00e9 de paiement par \u00ab Ch\u00e8que passerelle Culture et Sports \u00bb du Conseil G\u00e9n\u00e9ral de l\u2019Aude.<\/span><br \/>\n<span style=\"color: #000000;\"> <em>Plein tarif<\/em> :<\/span><br \/>\n<span style=\"color: #000000;\"> Le co\u00fbt annuel est de 80\u20ac (15\u20ac pour l\u2019adh\u00e9sion inclus) pour 1 cours par semaine<\/span><br \/>\n<span style=\"color: #000000;\"> Le co\u00fbt annuel est de 140 \u20ac (15\u20ac pour l\u2019adh\u00e9sion inclus) pour 2 cours par semaine<\/span><br \/>\n<span style=\"color: #000000;\"> Pack famille (pour 2 enfants et +) = Plein tarif pour le premier enfant, -10% pour les autres<\/span><\/p>\n<p><span style=\"color: #000000;\"><em>Tarif r\u00e9duit<\/em> : Pour les abonn\u00e9s de la carte acti-city (bon \u00e0 retirer en station)<\/span><br \/>\n<span style=\"color: #000000;\"> Le co\u00fbt annuel est de 60\u20ac (15\u20ac pour l\u2019adh\u00e9sion inclus) pour 1 cours par semaine<\/span><br \/>\n<span style=\"color: #000000;\"> Le co\u00fbt annuel est de 120 \u20ac (15\u20ac pour l\u2019adh\u00e9sion inclus) pour 2 cours par semaine<\/span><br \/>\n<span style=\"color: #000000;\"> Pack famille (pour 2 enfants et +) = Plein tarif pour le premier enfant, -10% pour les autres<\/span><\/p>\n<p><span style=\"color: #000000;\">Les inscriptions d\u00e9finitives se feront lors de la remise du dossier d\u2019inscription complet sur place, aux horaires habituels de cours. Possibilit\u00e9 d\u2019envoyer par courrier le dossier d\u2019inscription : Association 11bouhe \u2013 18 rue des Chasseurs \u2013 11000 Carcassonne. Attention ! Les dossiers incomplets ne pourront \u00eatre pris en compte. Si apr\u00e8s une inscription un \u00e9l\u00e8ve d\u00e9cide d\u2019arr\u00eater les cours, aucun remboursement ne sera effectu\u00e9.<\/span><\/p>\n<p><span style=\"color: #000000;\">Les pi\u00e8ces du dossier d\u2019inscription \u00e0 nous restituer sont\u00a0 :<\/span><br \/>\n<span style=\"color: #000000;\"> \u2013 un certificat d\u2019assurance responsabilit\u00e9 civile<\/span><br \/>\n<span style=\"color: #000000;\"> \u2013 un certificat m\u00e9dical autorisant la pratique de la danse hip-hop<\/span><br \/>\n<span style=\"color: #000000;\"> \u2013 la photocopie de la pi\u00e8ce d\u2019identit\u00e9 de l\u2019enfant et du parent<\/span><br \/>\n<span style=\"color: #000000;\"> \u2013 Le r\u00e8glement des cours par ch\u00e8que \u00e0 l\u2019ordre de l\u2019Association 11bouge<\/span><\/p>\n<p><span style=\"color: #000000;\">Infos : 04 30 34 47 93 \/ contact@11bouge.com<\/span><\/p>\n<p><span style=\"color: #000000;\"><strong><\/strong><strong>T\u00e9l\u00e9chargement formulaire inscription &lt;<a style=\"color: #000000;\" title=\"formulaire inscription danse hip-hop\" href=\"http:\/\/www.11bouge.com\/wordpress\/LUDIVINE-SITEWEB\/actionculturelle\/20142015\/formulaireInscript_HipHop.pdf\" target=\"_blank\">t\u00e9l\u00e9charger<\/a>&gt;<\/strong> <\/span><\/p>\n<p><span style=\"color: #000000;\">\u2022 <strong>ATELIER RAP<\/strong> : le mercredi avec l\u2019Association Couleurs Citoyennes \u00e0 La Conte \/ 04 68 25 38 17<\/span><\/p>\n","protected":false},"excerpt":{"rendered":"<p>Dans le cadre de ces actions culturelles, l\u2019association 11bouge pilote des projets qui participent au d\u00e9veloppement des cultures urbaines dans Carcassonne. Elle propose des cours de danse hip-hop et des stages de graff dans le cadre de ses ateliers de pratiques et organise l\u2019\u00e9v\u00e9nement l\u2019Epop\u00e9e Hip Hop au mois de f\u00e9vrier. \/\/ C\u2019est une rentr\u00e9e [&hellip;]<\/p>\n","protected":false},"author":1,"featured_media":0,"parent":2,"menu_order":0,"comment_status":"open","ping_status":"open","template":"","meta":{"_acf_changed":false,"_exactmetrics_skip_tracking":false,"_exactmetrics_sitenote_active":false,"_exactmetrics_sitenote_note":"","_exactmetrics_sitenote_category":0,"footnotes":""},"class_list":["post-5072","page","type-page","status-publish","hentry"],"acf":[],"_links":{"self":[{"href":"https:\/\/www.11bouge.com\/wordpress\/wp-json\/wp\/v2\/pages\/5072","targetHints":{"allow":["GET"]}}],"collection":[{"href":"https:\/\/www.11bouge.com\/wordpress\/wp-json\/wp\/v2\/pages"}],"about":[{"href":"https:\/\/www.11bouge.com\/wordpress\/wp-json\/wp\/v2\/types\/page"}],"author":[{"embeddable":true,"href":"https:\/\/www.11bouge.com\/wordpress\/wp-json\/wp\/v2\/users\/1"}],"replies":[{"embeddable":true,"href":"https:\/\/www.11bouge.com\/wordpress\/wp-json\/wp\/v2\/comments?post=5072"}],"version-history":[{"count":2,"href":"https:\/\/www.11bouge.com\/wordpress\/wp-json\/wp\/v2\/pages\/5072\/revisions"}],"predecessor-version":[{"id":5074,"href":"https:\/\/www.11bouge.com\/wordpress\/wp-json\/wp\/v2\/pages\/5072\/revisions\/5074"}],"up":[{"embeddable":true,"href":"https:\/\/www.11bouge.com\/wordpress\/wp-json\/wp\/v2\/pages\/2"}],"wp:attachment":[{"href":"https:\/\/www.11bouge.com\/wordpress\/wp-json\/wp\/v2\/media?parent=5072"}],"curies":[{"name":"wp","href":"https:\/\/api.w.org\/{rel}","templated":true}]}}