{"id":504,"date":"2012-09-20T15:59:04","date_gmt":"2012-09-20T15:59:04","guid":{"rendered":"http:\/\/www.11bouge.com\/wordpress\/?page_id=504"},"modified":"2022-11-24T12:10:14","modified_gmt":"2022-11-24T11:10:14","slug":"une-asso-un-lieu","status":"publish","type":"page","link":"https:\/\/www.11bouge.com\/wordpress\/une-asso-un-lieu\/","title":{"rendered":"Association 11bouge"},"content":{"rendered":"<h2 style=\"text-align: justify;\"><span style=\"color: #000000;\"><strong>L\u2019ASSOCIATION 11BOUGE<br \/>\n<\/strong><\/span><\/h2>\n<blockquote>\n<div>\n<div>\n<p style=\"text-align: left;\"><span style=\"font-family: Arial, sans-serif;\"><span style=\"font-size: small;\">Cr\u00e9\u00e9e en 2004, 11bouge d\u00e9veloppe tout au long de l\u2019ann\u00e9e un projet culturel sur l\u2019agglom\u00e9ration de Carcassonne, ax\u00e9 autour de la diffusion des musiques actuelles et des cultures populaires, sous la forme d\u2019une saison itin\u00e9rante en lien avec de nombreux lieux et acteurs du territoire. Portant un projet artistique interrogeant l\u2019identit\u00e9 culturelle et les probl\u00e9matiques soci\u00e9tales, l\u2019association est ancr\u00e9e dans une d\u00e9marche d\u2019\u00e9ducation populaire et de d\u00e9veloppement local, et \u2013 en parall\u00e8le de l\u2019organisation de concerts et de spectacles, elle met en place de nombreuses actions d\u2019\u00e9ducation culturelle, en lien avec les structures \u00e9ducatives et sociales du territoire, avec un travail sp\u00e9cifique en direction des publics (centres sociaux, maison d\u2019arr\u00eat, handicap,\u2026).<\/span><\/span><\/p>\n<p style=\"text-align: left;\"><b>25 concerts par an<\/b>\u00a0= rock, rap, electro, jazz, trad, chanson,&#8230;<\/p>\n<p style=\"text-align: left;\"><b>Un r\u00e9seau de lieux<\/b>\u00a0= th\u00e9\u00e2tres, centres sociaux, m\u00e9diath\u00e8ques, lieux patrimoniaux, salles polyvalentes,&#8230;<\/p>\n<p style=\"text-align: left;\"><b>En itin\u00e9rance, dans les communes de l&rsquo;agglo de Carcassonne<\/b>\u00a0<i>=<\/i>\u00a0Carcassonne, Pennautier, Capendu, Couffoulens, Douzens, Montolieu, Montlaur, Conques-sur-Orbiel, Caunes-Minervois, Ventenac-Cabard\u00e8s, Alzonne, Saint-Martin-Le Viel,&#8230;<\/p>\n<p style=\"text-align: left;\"><b>Des actions culturelles, au service de tous les publics<\/b>\u00a0= ateliers de pratiques artistiques, initiations, sorties culturelles, cr\u00e9ations participatives,&#8230;<\/p>\n<p style=\"text-align: left;\"><b>Des \u00e9v\u00e9nements<\/b>\u00a0= Festival L&rsquo;Epop\u00e9e Hip-Hop, projet Arab&rsquo;Oc, Sc\u00e8nes d&rsquo;Enfance, Total Festum, Temps de Cirque dans l&rsquo;Aude,&#8230;<\/p>\n<p style=\"text-align: left;\"><b>Des valeurs<\/b>\u00a0= la culture pour tous au service de l&rsquo;\u00e9ducation populaire, la richesse de chaque Individu enrichit l&rsquo;\u00e9quilibre du Collectif, faire ensemble, \u00eatre Heureux !<\/p>\n<p style=\"text-align: left;\"><b>Une \u00e9quipe<\/b>\u00a0= 5 salari\u00e9s et prestataires, 25 administrateurs, 150 adh\u00e9rents, 30 b\u00e9n\u00e9voles,&#8230;<\/p>\n<p style=\"text-align: left;\"><b>Une Belle Histoire\u00a0<\/b>(depuis 18 ans&#8230;)<\/p>\n<p style=\"text-align: left;\">2015 &#8211; 2022 = Saison Musiques Actuelles sur l&rsquo;Agglo de Carcassonne<\/p>\n<p style=\"text-align: left;\">2010 &#8211; 2014 = Salle Le Chapeau Rouge \u00e0 Carcassonne<\/p>\n<p style=\"text-align: left;\">2004 &#8211; 2010 = Festival Chapiteuf \u00e0 Carcassonne \/\/ Saison Musiques en Pays Lauragais<\/p>\n<p style=\"text-align: left;\"><b>Contacts<\/b><\/p>\n<p style=\"text-align: left;\">06 32 99 75 73 \/\/\u00a0<a href=\"mailto:contact@11bouge.com\" target=\"_blank\" rel=\"noopener\">contact@11bouge.com<\/a><\/p>\n<p style=\"text-align: left;\">Association 11bouge &#8211; 7, impasse de la Plaine Saint-Nazaire &#8211; 11 000 Carcassonne<\/p>\n<p><a href=\"https:\/\/www.11bouge.com\/wordpress\/wp-content\/uploads\/2022\/11\/fiche-de-presentation.jpg\"><img loading=\"lazy\" decoding=\"async\" class=\"alignnone size-large wp-image-6883\" src=\"https:\/\/www.11bouge.com\/wordpress\/wp-content\/uploads\/2022\/11\/fiche-de-presentation-722x1024.jpg\" alt=\"Pr\u00e9sentation de l'association 11bouge\" width=\"722\" height=\"1024\" srcset=\"https:\/\/www.11bouge.com\/wordpress\/wp-content\/uploads\/2022\/11\/fiche-de-presentation-722x1024.jpg 722w, https:\/\/www.11bouge.com\/wordpress\/wp-content\/uploads\/2022\/11\/fiche-de-presentation-211x300.jpg 211w, https:\/\/www.11bouge.com\/wordpress\/wp-content\/uploads\/2022\/11\/fiche-de-presentation-768x1090.jpg 768w, https:\/\/www.11bouge.com\/wordpress\/wp-content\/uploads\/2022\/11\/fiche-de-presentation-1083x1536.jpg 1083w, https:\/\/www.11bouge.com\/wordpress\/wp-content\/uploads\/2022\/11\/fiche-de-presentation-1444x2048.jpg 1444w, https:\/\/www.11bouge.com\/wordpress\/wp-content\/uploads\/2022\/11\/fiche-de-presentation.jpg 1748w\" sizes=\"auto, (max-width: 722px) 100vw, 722px\" \/><\/a><\/p>\n<\/div>\n<\/div>\n<\/blockquote>\n","protected":false},"excerpt":{"rendered":"<p>L\u2019ASSOCIATION 11BOUGE Cr\u00e9\u00e9e en 2004, 11bouge d\u00e9veloppe tout au long de l\u2019ann\u00e9e un projet culturel sur l\u2019agglom\u00e9ration de Carcassonne, ax\u00e9 autour de la diffusion des musiques actuelles et des cultures populaires, sous la forme d\u2019une saison itin\u00e9rante en lien avec de nombreux lieux et acteurs du territoire. Portant un projet artistique interrogeant l\u2019identit\u00e9 culturelle et [&hellip;]<\/p>\n","protected":false},"author":1,"featured_media":0,"parent":0,"menu_order":0,"comment_status":"closed","ping_status":"closed","template":"","meta":{"_acf_changed":false,"_exactmetrics_skip_tracking":false,"_exactmetrics_sitenote_active":false,"_exactmetrics_sitenote_note":"","_exactmetrics_sitenote_category":0,"footnotes":""},"class_list":["post-504","page","type-page","status-publish","hentry"],"acf":[],"_links":{"self":[{"href":"https:\/\/www.11bouge.com\/wordpress\/wp-json\/wp\/v2\/pages\/504","targetHints":{"allow":["GET"]}}],"collection":[{"href":"https:\/\/www.11bouge.com\/wordpress\/wp-json\/wp\/v2\/pages"}],"about":[{"href":"https:\/\/www.11bouge.com\/wordpress\/wp-json\/wp\/v2\/types\/page"}],"author":[{"embeddable":true,"href":"https:\/\/www.11bouge.com\/wordpress\/wp-json\/wp\/v2\/users\/1"}],"replies":[{"embeddable":true,"href":"https:\/\/www.11bouge.com\/wordpress\/wp-json\/wp\/v2\/comments?post=504"}],"version-history":[{"count":26,"href":"https:\/\/www.11bouge.com\/wordpress\/wp-json\/wp\/v2\/pages\/504\/revisions"}],"predecessor-version":[{"id":6890,"href":"https:\/\/www.11bouge.com\/wordpress\/wp-json\/wp\/v2\/pages\/504\/revisions\/6890"}],"wp:attachment":[{"href":"https:\/\/www.11bouge.com\/wordpress\/wp-json\/wp\/v2\/media?parent=504"}],"curies":[{"name":"wp","href":"https:\/\/api.w.org\/{rel}","templated":true}]}}