{"id":41,"date":"2012-04-11T15:44:27","date_gmt":"2012-04-11T15:44:27","guid":{"rendered":"http:\/\/www.11bouge.com\/wordpress\/?page_id=41"},"modified":"2015-07-07T14:07:37","modified_gmt":"2015-07-07T14:07:37","slug":"association-11bouge-2","status":"publish","type":"page","link":"https:\/\/www.11bouge.com\/wordpress\/une-asso-un-lieu\/association-11bouge-2\/","title":{"rendered":"Qui sommes-nous ?"},"content":{"rendered":"<p style=\"margin-bottom: 0cm; text-align: justify;\"><span style=\"color: #800000;\"><strong>L&rsquo;ASSOCIATION<\/strong><\/span><\/p>\n<p style=\"margin-bottom: 0cm; text-align: justify;\"><span style=\"color: #000000;\">L\u2019association 11bouge est une association agr\u00e9\u00e9e <em><strong>Jeunesse \u00c9ducation Populaire<\/strong><\/em>, elle est <strong><em>relais d\u00e9partemental hip-hop Languedoc-Roussillon<\/em><\/strong>. Son si\u00e8ge se situe \u00e0 Carcassonne.<br \/>\nElle d\u00e9veloppe depuis 10 ans un <strong>projet culturel autour des musiques actuelles et des cultures urbaines<\/strong>, avec des missions de diffusion (spectacles, concerts, etc.), de cr\u00e9ation artistique (r\u00e9sidence, etc.), d&rsquo;ateliers de pratiques et de travail sur les publics (handicap, maison d&rsquo;arr\u00eat, etc.).<br \/>\nApr\u00e8s avoir g\u00e9r\u00e9 la Salle du Chapeau Rouge \u00e0 Carcassonne pendant 4 ans, l&rsquo;association 11bouge d\u00e9veloppe aujourd&rsquo;hui un projet territorial sur Carcassonne Agglo qui repose sur la <strong>transversalit\u00e9 culture\/\u00e9ducation\/social<\/strong>. Cette nouvelle dynamique territoriale favorise la mise en r\u00e9seau des acteurs (th\u00e9\u00e2tres, MJC, centres sociaux, m\u00e9diath\u00e8ques, etc.), la circulation des publics et r\u00e9pond ainsi aux probl\u00e9matiques du d\u00e9veloppement local : d\u00e9centraliser les \u00e9quipements publics concentr\u00e9s sur Carcassonne et permettre ainsi l&rsquo;\u00e9quit\u00e9 territorial urbain\/rural.<\/span><\/p>\n<p style=\"margin-bottom: 0cm; text-align: justify;\"><strong><span style=\"color: #800000;\"><br \/>\n2004 \u2013 2014<\/span><\/strong><br \/>\n<strong><span style=\"color: #000000;\">10 ans de projets territoriaux d\u00e9velopp\u00e9s sur le d\u00e9partement de l&rsquo;Aude autour des Musiques Actuelles<\/span>.<\/strong><br \/>\n<span style=\"color: #000000;\"> &#8211; Capacit\u00e9 \u00e0 porter des projets innovants qui r\u00e9pondent aux probl\u00e9matiques des territoires et au besoin des populations, en lien avec les politiques publiques.<\/span><br \/>\n<span style=\"color: #000000;\"> &#8211; Capacit\u00e9 \u00e0 f\u00e9d\u00e9rer les acteurs du territoire que ce soit en milieu rural ou urbain, avec des actions transversales reconnues nationalement.<\/span><\/p>\n<p>&nbsp;<\/p>\n<p><span style=\"color: #000000;\"><strong>&lt;&lt;&lt;&lt;&lt;&lt;&lt;&lt;&lt;&lt;&lt;&lt;&lt;&lt;&lt;&lt;&lt;&lt;&lt;&lt;&lt;&lt;&lt;<\/strong><\/span><\/p>\n<p style=\"margin-bottom: 0cm; text-align: justify;\"><span style=\"color: #800000;\"><span style=\"color: #000000;\"><strong>Notre identit\u00e9<br \/>\n11 BOUGE <\/strong>marque l\u2019attachement au territoire, le dynamisme, la n\u00e9cessaire action collective, une implication <\/span><span style=\"color: #000000;\">personnelle volontaire et enthousiaste dans les projets et les actions communs.<\/span><strong><br \/>\n<span style=\"color: #000000;\">PLEGAREM PAS <\/span><\/strong><span style=\"color: #000000;\">invoque de ne jamais plier. Rien n\u2019est acquis et l\u2019association s\u2019inscrit dans l\u2019histoire, dans un <\/span><span style=\"color: #000000;\">temps long n\u00e9cessaire pour laisser m\u00fbrir les projets et pour connaitre les gens.<\/span><strong><br \/>\n<span style=\"color: #000000;\">ON\u00a0 L\u00c2CHE\u00a0 RIEN <\/span><\/strong><span style=\"color: #000000;\">ou l\u2019\u00e9nergie n\u00e9cessaire pour un pr\u00e9sent digne et enthousiaste, en m\u00e9moire de ceux qui ont <\/span><span style=\"color: #000000;\">\u0153uvr\u00e9 \u00e0 plus de libert\u00e9, d\u2019\u00e9galit\u00e9 et de fraternit\u00e9 !<\/span><\/span><\/p>\n<p>&nbsp;<\/p>\n<p><span style=\"color: #000000;\"><strong>&lt;&lt;&lt;&lt;&lt;&lt;&lt;&lt;&lt;&lt;&lt;&lt;&lt;&lt;&lt;&lt;&lt;&lt;&lt;&lt;&lt;&lt;&lt;<\/strong><\/span><\/p>\n<p style=\"margin-bottom: 0cm; text-align: justify;\"><strong><span style=\"color: #000000;\">Nos valeurs<br \/>\n<\/span><\/strong><span style=\"color: #000000;\">11bouge a su faire \u00e9voluer son projet en s&rsquo;appuyant sur un socle de valeurs partag\u00e9es par les membres de l&rsquo;association, valeurs qui font sa force depuis plus de 10 ans autour de 4 piliers :<\/span><br \/>\n<span style=\"color: #000000;\">&#8211; <strong>Humain<\/strong> = Autour des valeurs de l&rsquo;\u00e9ducation populaire, ax\u00e9 sur la Solidarit\u00e9, la dignit\u00e9, la tol\u00e9rance, le respect, <\/span><span style=\"color: #000000;\">la fraternit\u00e9 et l&rsquo;\u00e9galit\u00e9 des chances<\/span><br \/>\n<span style=\"color: #000000;\">&#8211; <strong>Citoyen<\/strong> = \u0152uvrer pour la coh\u00e9sion sociale, d\u00e9fendre l\u2019Int\u00e9r\u00eat g\u00e9n\u00e9ral !<\/span><br \/>\n<span style=\"color: #000000;\">&#8211; <strong>Innovation<\/strong>\u00a0 = S\u2019inscrire dans l&rsquo;Economie Sociale et Solidaire, s&rsquo;appuyer sur des id\u00e9es alternatives qui valori<\/span><span style=\"color: #000000;\">sent les d\u00e9marches de d\u00e9veloppement durable et d&rsquo;ancrage territorial<\/span><br \/>\n<span style=\"color: #000000;\">&#8211; <strong>Collectif<\/strong> = Avancer avec l&rsquo;esprit de partage, de convivialit\u00e9 et de collectif pour favoriser le vivre-ensemble<\/span><\/p>\n<p>&nbsp;<\/p>\n<p style=\"margin-bottom: 0cm; text-align: justify;\"><strong><span style=\"color: #000000;\">&lt;&lt;&lt;&lt;&lt;&lt;&lt;&lt;&lt;&lt;&lt;&lt;&lt;&lt;&lt;&lt;&lt;&lt;&lt;&lt;&lt;&lt;&lt;<\/span><\/strong><\/p>\n<p style=\"margin-bottom: 0cm; text-align: justify;\"><span style=\"color: #800000;\"><strong><br \/>\nHISTORIQUE<br \/>\n<\/strong><\/span><span style=\"color: #800000;\"><strong>L&rsquo;association 11bouge en quelques dates&#8230;<br \/>\n<\/strong><\/span><\/p>\n<p style=\"margin-bottom: 0cm; text-align: justify;\"><span style=\"color: #000000;\"><strong>2004<\/strong> &#8211; naissance de l&rsquo;association \u00e0 Castelnaudary sous le nom d&rsquo;Alternateuf<\/span>.<br \/>\n<span style=\"color: #000000;\"> D\u00e9veloppement des musiques actuelles dans le cadre d&rsquo;un projet citoyen, en particulier aupr\u00e8s des jeunes (Label Jeunesse et Education Populaire).<\/span><br \/>\n<span style=\"color: #000000;\"> <strong>2005 \u00e0 2010<\/strong> &#8211; saison itin\u00e9rante \u00ab\u00a0Musiques en Lauragais\u00a0\u00bb, sur le Pays Lauragais<\/span> : <span style=\"color: #000000;\">15 manifestations par an, dont le Festival Chapiteuf qui rassemble jusqu&rsquo;\u00e0 10 000 personnes = <\/span><span style=\"color: #000000;\">10 communes, 3 d\u00e9partements (Aude, Haute-Garonne, Tarn), 2 r\u00e9gions (Languedoc-Roussillon, Midi-Pyr\u00e9n\u00e9es).<\/span><br \/>\n<span style=\"color: #000000;\"> Mise en r\u00e9seau des acteurs culturels du Pays Lauragais, impulsion du R\u00e9seau Culturel du Lauragais.<\/span><br \/>\n<span style=\"color: #000000;\"> <strong>2010<\/strong> &#8211; d\u00e9m\u00e9nagement sur Carcassonne, l\u2019association devient 11bouge.<\/span><br \/>\n<span style=\"color: #000000;\"> <strong>2010 \u00e0 2014<\/strong> &#8211; gestion de la salle du Chapeau Rouge , d\u00e9veloppement d&rsquo;un projet territorial sur l&rsquo;ensemble de la ville de Carcassonne \u00e0 travers les musiques actuelles et les cultures urbaines : 40 concerts par an, 15 r\u00e9sidences, des actions culturelles, des ateliers de pratique, un projet \u00e9ducatif, etc.<\/span><br \/>\n<span style=\"color: #000000;\"> Plus de 40 partenaires f\u00e9d\u00e9r\u00e9s \u00e0 travers les diff\u00e9rents projets.<\/span><\/p>\n<p>&nbsp;<\/p>\n<p><strong><span style=\"color: #000000;\">Prix et nominations<br \/>\n<\/span><\/strong><span style=\"color: #000000;\">2014 &#8211; Proposition du Minist\u00e8re de la Culture <\/span><span style=\"color: #000000;\">de rentrer en phase de <\/span><span style=\"color: #000000;\">pr\u00e9figuration du label SMAC<\/span><br \/>\n<span style=\"color: #000000;\"> 2014 &#8211; Nomination dans le cadre <\/span><span style=\"color: #000000;\">du Prix de l\u2019Audace Artistique et <\/span><span style=\"color: #000000;\">Culturelle &#8211; L\u2019Elys\u00e9e &#8211;<\/span><br \/>\n<span style=\"color: #000000;\"> 2013 &#8211; Nomination dans le cadre du Prix <\/span><span style=\"color: #000000;\">S&rsquo;engager pour les Quartiers <\/span><span style=\"color: #000000;\">&#8211; Assembl\u00e9e Nationale &#8211;<\/span><br \/>\n<span style=\"color: #000000;\"> 2015 &#8211; Laur\u00e9at r\u00e9gional du Prix <\/span><span style=\"color: #000000;\">de l\u2019initiative en \u00e9conomie sociale <\/span><span style=\"color: #000000;\">pour le projet de l\u2019Op\u00e9ra Urbain &#8211; Cr\u00e9dit Coop\u00e9ratif &#8211;<\/span><\/p>\n<p><span style=\"color: #000000;\">&#8212;&#8212;&#8212;&#8212;&#8212;&#8212;&#8212;&#8212;&#8211;<br \/>\n<\/span><br \/>\n[calameo code=0030925568723ab8a1b5e mode=mini width=400 height=250 ]<\/p>\n","protected":false},"excerpt":{"rendered":"<p>L&rsquo;ASSOCIATION L\u2019association 11bouge est une association agr\u00e9\u00e9e Jeunesse \u00c9ducation Populaire, elle est relais d\u00e9partemental hip-hop Languedoc-Roussillon. Son si\u00e8ge se situe \u00e0 Carcassonne. Elle d\u00e9veloppe depuis 10 ans un projet culturel autour des musiques actuelles et des cultures urbaines, avec des missions de diffusion (spectacles, concerts, etc.), de cr\u00e9ation artistique (r\u00e9sidence, etc.), d&rsquo;ateliers de pratiques et [&hellip;]<\/p>\n","protected":false},"author":1,"featured_media":0,"parent":504,"menu_order":1,"comment_status":"closed","ping_status":"closed","template":"","meta":{"_acf_changed":false,"_exactmetrics_skip_tracking":false,"_exactmetrics_sitenote_active":false,"_exactmetrics_sitenote_note":"","_exactmetrics_sitenote_category":0,"footnotes":""},"class_list":["post-41","page","type-page","status-publish","hentry"],"acf":[],"_links":{"self":[{"href":"https:\/\/www.11bouge.com\/wordpress\/wp-json\/wp\/v2\/pages\/41","targetHints":{"allow":["GET"]}}],"collection":[{"href":"https:\/\/www.11bouge.com\/wordpress\/wp-json\/wp\/v2\/pages"}],"about":[{"href":"https:\/\/www.11bouge.com\/wordpress\/wp-json\/wp\/v2\/types\/page"}],"author":[{"embeddable":true,"href":"https:\/\/www.11bouge.com\/wordpress\/wp-json\/wp\/v2\/users\/1"}],"replies":[{"embeddable":true,"href":"https:\/\/www.11bouge.com\/wordpress\/wp-json\/wp\/v2\/comments?post=41"}],"version-history":[{"count":101,"href":"https:\/\/www.11bouge.com\/wordpress\/wp-json\/wp\/v2\/pages\/41\/revisions"}],"predecessor-version":[{"id":5024,"href":"https:\/\/www.11bouge.com\/wordpress\/wp-json\/wp\/v2\/pages\/41\/revisions\/5024"}],"up":[{"embeddable":true,"href":"https:\/\/www.11bouge.com\/wordpress\/wp-json\/wp\/v2\/pages\/504"}],"wp:attachment":[{"href":"https:\/\/www.11bouge.com\/wordpress\/wp-json\/wp\/v2\/media?parent=41"}],"curies":[{"name":"wp","href":"https:\/\/api.w.org\/{rel}","templated":true}]}}