{"id":3941,"date":"2014-09-03T13:22:28","date_gmt":"2014-09-03T13:22:28","guid":{"rendered":"http:\/\/www.11bouge.com\/wordpress\/?page_id=3941"},"modified":"2015-11-10T11:32:48","modified_gmt":"2015-11-10T11:32:48","slug":"edition-3-2015","status":"publish","type":"page","link":"https:\/\/www.11bouge.com\/wordpress\/fest-lepopee-hip-hop\/edition-3-2015\/","title":{"rendered":"L&rsquo;Epop\u00e9e Hip-hop Edition #3 du 12 au 22 novembre 2015 sur l&rsquo;agglom\u00e9ration de Carcassonne"},"content":{"rendered":"<h2 style=\"text-align: justify;\"><strong><span style=\"color: #000000;\">Jeudi 12 Novembre : <span style=\"color: #8d2768;\">INAUGURATION<\/span><\/span><\/strong><\/h2>\n<p style=\"text-align: justify;\"><em>Hall de la Fabrique des Arts &#8211; 18h &#8211; Entr\u00e9e libre<\/em><\/p>\n<blockquote>\n<h3 style=\"text-align: justify;\"><span style=\"color: #8d2768;\"><strong>\u00ab Hip-Hop, l\u2019agenda secret d\u2019une r\u00e9volution culturelle \u00bb<\/strong><\/span><\/h3>\n<p style=\"text-align: justify;\">Exposition visible du 12 au 22 novembre<\/p>\n<\/blockquote>\n<p style=\"text-align: justify;\">Cette expo prend le parti de d\u00e9cloisonner les disciplines (musique, danse, graff) pour proposer un regard nouveau et global sur cette culture foisonnante et universelle.<br \/>\n18h &#8211; Vernissage + ap\u00e9ritif<br \/>\n<strong><span style=\"color: #8d2768;\">19h &#8211; Concert LE SUBSTITUT [Rap \/ Auri\u00e8ge]<\/span><\/strong><br \/>\nGuitare, basse, beatbox et un MC &#8211; L&rsquo;MA &#8211; pour un hip-hop \u00ab\u00a0\u00e9clectique\u00a0\u00bb !<\/p>\n<h2 style=\"text-align: justify;\"><strong><span style=\"color: #000000;\">Vendredi 13 Novembre :<\/span> <span style=\"color: #8d2768;\">CONCERT RAP<\/span><\/strong><\/h2>\n<p style=\"text-align: justify;\"><em>Centre social du Viguier &#8211; 20h30<\/em><\/p>\n<blockquote>\n<h3 style=\"text-align: justify;\"><span style=\"color: #8d2768;\"><strong>M\u00e9dine + Demi Portion<\/strong><\/span><\/h3>\n<\/blockquote>\n<p style=\"text-align: justify;\"><a href=\"http:\/\/www.11bouge.com\/wordpress\/wp-content\/uploads\/2014\/09\/concert-medine.jpg\"><img loading=\"lazy\" decoding=\"async\" class=\"alignnone size-full wp-image-5154\" src=\"http:\/\/www.11bouge.com\/wordpress\/wp-content\/uploads\/2014\/09\/concert-medine.jpg\" alt=\"M\u00e9dine\" width=\"422\" height=\"281\" srcset=\"https:\/\/www.11bouge.com\/wordpress\/wp-content\/uploads\/2014\/09\/concert-medine.jpg 422w, https:\/\/www.11bouge.com\/wordpress\/wp-content\/uploads\/2014\/09\/concert-medine-300x200.jpg 300w\" sizes=\"auto, (max-width: 422px) 100vw, 422px\" \/><\/a><\/p>\n<p><iframe loading=\"lazy\" title=\"M\u00e9dine - Speaker Corner (Official Video)\" width=\"500\" height=\"281\" src=\"https:\/\/www.youtube.com\/embed\/i_FCAOM8GG8?feature=oembed\" frameborder=\"0\" allow=\"accelerometer; autoplay; clipboard-write; encrypted-media; gyroscope; picture-in-picture; web-share\" referrerpolicy=\"strict-origin-when-cross-origin\" allowfullscreen><\/iframe><\/p>\n<p style=\"text-align: justify;\">Plumes incisives ! A l\u2019heure o\u00f9 la libert\u00e9 d\u2019expression est appliqu\u00e9e diff\u00e9remment selon qui s\u2019en r\u00e9clame, ils la\u00a0 d\u00e9fendent dans son enti\u00e8ret\u00e9.<br \/>\nPT : 12\u20ac \/ TR : 10\u20ac \/ Adh\u00e9rents : 8\u20ac \/ ActiCity : 1\u20ac<\/p>\n<p style=\"text-align: justify;\"><a href=\"http:\/\/www.digitick.com\/medine-demi-portion-concert-centre-social-du-viguier-carcassonne-13-novembre-2015-css4-digitick-pg101-ri3439614.html\"><strong><span style=\"color: #993366;\">R\u00e9servez !<\/span><\/strong><\/a><\/p>\n<p><span style=\"color: #8d2768;\">18h &#8211; Rencontre avec M\u00e9dine et Demi Portion<\/span>,<br \/>\nCentre social, entr\u00e9e libre<\/p>\n<p>&nbsp;<\/p>\n<h2 style=\"text-align: left;\"><strong><span style=\"color: #000000;\">Samedi 14 Novembre:<\/span><\/strong><\/h2>\n<p><em>Bar le 98 &#8211; 20h30 &#8211; Entr\u00e9e libre<\/em><\/p>\n<blockquote>\n<h3 style=\"text-align: justify;\"><span style=\"color: #8d2768;\"><strong>Open Mic<\/strong><\/span><\/h3>\n<p>Anim\u00e9 par la Mine d\u2019Art<br \/>\nInscriptions sur place<\/p><\/blockquote>\n<h2 style=\"text-align: left;\"><span style=\"color: #993366;\"><strong><a href=\"http:\/\/www.11bouge.com\/wordpress\/wp-content\/uploads\/2014\/09\/fabulous-wadness.jpg\"><img loading=\"lazy\" decoding=\"async\" class=\"wp-image-5158 size-full alignnone\" src=\"http:\/\/www.11bouge.com\/wordpress\/wp-content\/uploads\/2014\/09\/fabulous-wadness.jpg\" alt=\"fabulous-wadness\" width=\"300\" height=\"195\" \/><\/a><\/strong><\/span><\/h2>\n<p>&nbsp;<\/p>\n<p><iframe loading=\"lazy\" title=\"Animals - Fabulous Wadness (Martin Garrix cover) - Beatbox\" width=\"500\" height=\"281\" src=\"https:\/\/www.youtube.com\/embed\/cQnJxLe-f-0?feature=oembed\" frameborder=\"0\" allow=\"accelerometer; autoplay; clipboard-write; encrypted-media; gyroscope; picture-in-picture; web-share\" referrerpolicy=\"strict-origin-when-cross-origin\" allowfullscreen><\/iframe><\/p>\n<p><span style=\"color: #993366;\"><strong>+ show FABULOUS WADNESS [Beatbox &#8211; Toulouse]<\/strong><\/span><br \/>\nfeat. WaWad &amp; Beatness<br \/>\n[champions de France beatbox 2014]<\/p>\n<p>&nbsp;<\/p>\n<h2 style=\"text-align: justify;\"><strong><span style=\"color: #000000;\">Mercredi 18 Novembre :<br \/>\n<\/span><span style=\"color: #8d2768;\">CONFERENCE DANSEE<\/span><\/strong><\/h2>\n<p><em>Fabrique des Arts, Auditorium &#8211; 16h &#8211; Entr\u00e9e libre<br \/>\n<\/em><\/p>\n<blockquote>\n<h3 style=\"text-align: justify;\"><span style=\"color: #8d2768;\"><strong>L\u2019AB\u00e9c\u00e9daire du Hip-Hop, de Tayeb Benamara<br \/>\n<\/strong><\/span><\/h3>\n<\/blockquote>\n<h3 style=\"text-align: justify;\"><a href=\"http:\/\/www.11bouge.com\/wordpress\/wp-content\/uploads\/2014\/09\/conference-dansee-benamara.jpg\"><img loading=\"lazy\" decoding=\"async\" class=\"wp-image-5161 size-medium alignnone\" src=\"http:\/\/www.11bouge.com\/wordpress\/wp-content\/uploads\/2014\/09\/conference-dansee-benamara-300x259.jpg\" alt=\"conference-dansee-benamara\" width=\"300\" height=\"259\" srcset=\"https:\/\/www.11bouge.com\/wordpress\/wp-content\/uploads\/2014\/09\/conference-dansee-benamara-300x259.jpg 300w, https:\/\/www.11bouge.com\/wordpress\/wp-content\/uploads\/2014\/09\/conference-dansee-benamara.jpg 394w\" sizes=\"auto, (max-width: 300px) 100vw, 300px\" \/><\/a><\/h3>\n<p style=\"text-align: justify;\">D\u00e9criptage des origines de la gestuelle du breakdance (au sol) et du smurf (debout), mais aussi les codes de cet art urbain polyvalent.<br \/>\nDur\u00e9e : 1h30<\/p>\n<h2 style=\"text-align: justify;\"><strong><span style=\"color: #000000;\">Jeudi 19 Novembre : <\/span><br \/>\n<span style=\"color: #8d2768;\">REPETITION PUBLIQUE<\/span><\/strong><\/h2>\n<p><em>Fabrique des Arts, Auditorium &#8211; 19h &#8211; Entr\u00e9e libre<\/em><\/p>\n<blockquote>\n<h3 style=\"text-align: justify;\"><span style=\"color: #8d2768;\"><strong>Bois Vert [Hip-Hop \/ Montpellier]<br \/>\n<\/strong><\/span><\/h3>\n<\/blockquote>\n<h2 style=\"text-align: justify;\"><a href=\"http:\/\/www.11bouge.com\/wordpress\/wp-content\/uploads\/2014\/09\/bois-vert.jpg\"><img loading=\"lazy\" decoding=\"async\" class=\"size-full wp-image-5168 alignnone\" src=\"http:\/\/www.11bouge.com\/wordpress\/wp-content\/uploads\/2014\/09\/bois-vert.jpg\" alt=\"bois-vert\" width=\"270\" height=\"211\" \/><\/a><\/h2>\n<p><iframe loading=\"lazy\" title=\"Bois Vert - Pickpocket (Clip)\" width=\"500\" height=\"281\" src=\"https:\/\/www.youtube.com\/embed\/EhVkkLcskgk?feature=oembed\" frameborder=\"0\" allow=\"accelerometer; autoplay; clipboard-write; encrypted-media; gyroscope; picture-in-picture; web-share\" referrerpolicy=\"strict-origin-when-cross-origin\" allowfullscreen><\/iframe><\/p>\n<p>2 MC&rsquo;s \u00e0 l&rsquo;approche th\u00e9\u00e2tralis\u00e9e, une production percutante pour des sons et textes aux couleurs multiples !<br \/>\n<strong><span style=\"color: #cc99ff;\"><span style=\"color: #993366;\">En r\u00e9sidence du 16 au 20 novembre<\/span><\/span><\/strong><\/p>\n<p>&nbsp;<\/p>\n<h2 style=\"text-align: justify;\"><strong><span style=\"color: #000000;\"><a href=\"http:\/\/www.11bouge.com\/wordpress\/wp-content\/uploads\/2014\/09\/creations-danse.jpg\"><img loading=\"lazy\" decoding=\"async\" class=\"size-full wp-image-5184 alignright\" src=\"http:\/\/www.11bouge.com\/wordpress\/wp-content\/uploads\/2014\/09\/creations-danse.jpg\" alt=\"creations-danse\" width=\"176\" height=\"287\" \/><\/a>Vendredi 20 Novembre : <\/span><br \/>\n<span style=\"color: #8d2768;\">CREATIONS DANSE<\/span><\/strong><\/h2>\n<p><em>Th\u00e9\u00e2tre dans les Vignes &#8211; Hameau de Corn\u00e8ze &#8211; 20h30<br \/>\n<\/em><\/p>\n<blockquote>\n<h3 style=\"text-align: justify;\"><span style=\"color: #8d2768;\"><strong>\u00ab Gros \u00bb, Cie Influences [Hip-Hop contemporain \/ Perpignan]<br \/>\n<\/strong><\/span><\/h3>\n<\/blockquote>\n<p style=\"text-align: justify;\">C\u2019est l\u2019histoire d\u2019un homme, d\u2019un homme gros qui danse et qui se bat pour \u00e9chapper au regard de l\u2019autre trop souvent r\u00e9ducteur<\/p>\n<p>https:\/\/youtu.be\/hLw3pGeRVM4<\/p>\n<blockquote>\n<h3 style=\"text-align: justify;\"><span style=\"color: #8d2768;\"><strong>\u00ab Insomnia \u00bb, Cie Kenji [Hip-Hop contemporain \/ N\u00eemes]<br \/>\n<\/strong><\/span><\/h3>\n<\/blockquote>\n<p>Spectacle qui nous plonge dans une qu\u00eate interminable du sommeil. Ce duo retranscrit les \u00e9motions ressenties par un insomniaque.<br \/>\nPT : 12\u20ac \/ TR : 10\u20ac \/ Adh\u00e9rents : 8\u20ac \/ ActiCity : 1\u20ac<\/p>\n<p><iframe loading=\"lazy\" title=\"Cie Kenji Teaser &quot;Insomnia&quot;\" width=\"500\" height=\"281\" src=\"https:\/\/www.youtube.com\/embed\/uZ6MoOPvkjY?feature=oembed\" frameborder=\"0\" allow=\"accelerometer; autoplay; clipboard-write; encrypted-media; gyroscope; picture-in-picture; web-share\" referrerpolicy=\"strict-origin-when-cross-origin\" allowfullscreen><\/iframe><\/p>\n<p><em>Avec le soutien de R\u00e9seau en Sc\u00e8ne LR, d\u2019Arts Vivants 11<\/em><br \/>\n<em>et du R\u00e9seau Hip-Hop en LR<\/em><\/p>\n<p>&nbsp;<\/p>\n<h2 style=\"text-align: justify;\"><strong><span style=\"color: #000000;\">Samedi 21 Novembre : <\/span><br \/>\n<span style=\"color: #8d2768;\">PROJECTION FILM<\/span><\/strong><\/h2>\n<p><em>Centre social du Viguier &#8211; 17h &#8211; Entr\u00e9e libre<br \/>\n<\/em><\/p>\n<blockquote>\n<h3 style=\"text-align: justify;\"><span style=\"color: #8d2768;\"><strong>\u00ab Qu\u2019Allah b\u00e9nisse la France \u00bb<br \/>\nd\u2019Abd Al Malik 2014 &#8211; 1h36<br \/>\n<\/strong><\/span><\/h3>\n<\/blockquote>\n<h2 style=\"text-align: justify;\"><a href=\"http:\/\/www.11bouge.com\/wordpress\/wp-content\/uploads\/2014\/09\/abdel-malik.jpg\"><img loading=\"lazy\" decoding=\"async\" class=\"alignnone size-full wp-image-5186\" src=\"http:\/\/www.11bouge.com\/wordpress\/wp-content\/uploads\/2014\/09\/abdel-malik.jpg\" alt=\"abdel-malik\" width=\"281\" height=\"186\" \/><\/a><\/h2>\n<p><iframe loading=\"lazy\" title=\"Qu\u2019Allah b\u00e9nisse la France - Bande Annonce\" width=\"500\" height=\"281\" src=\"https:\/\/www.youtube.com\/embed\/WROeWXhd5nc?feature=oembed\" frameborder=\"0\" allow=\"accelerometer; autoplay; clipboard-write; encrypted-media; gyroscope; picture-in-picture; web-share\" referrerpolicy=\"strict-origin-when-cross-origin\" allowfullscreen><\/iframe><\/p>\n<p>Entre d\u00e9linquance, rap et islam, R\u00e9gis va d\u00e9couvrir l&rsquo;amour et trouver sa voie<\/p>\n<p><em>En partenariat avec les Amis du Cinoch<\/em><\/p>\n<p>&nbsp;<\/p>\n<p><a href=\"http:\/\/www.11bouge.com\/wordpress\/wp-content\/uploads\/2014\/09\/theatre-dans-les-vignes.jpg\"><img loading=\"lazy\" decoding=\"async\" class=\"alignnone size-full wp-image-5203\" src=\"http:\/\/www.11bouge.com\/wordpress\/wp-content\/uploads\/2014\/09\/theatre-dans-les-vignes.jpg\" alt=\"Battle dans les Vignes Couffoulens\" width=\"852\" height=\"1244\" srcset=\"https:\/\/www.11bouge.com\/wordpress\/wp-content\/uploads\/2014\/09\/theatre-dans-les-vignes.jpg 852w, https:\/\/www.11bouge.com\/wordpress\/wp-content\/uploads\/2014\/09\/theatre-dans-les-vignes-205x300.jpg 205w, https:\/\/www.11bouge.com\/wordpress\/wp-content\/uploads\/2014\/09\/theatre-dans-les-vignes-701x1024.jpg 701w\" sizes=\"auto, (max-width: 852px) 100vw, 852px\" \/><\/a><\/p>\n<p>&nbsp;<\/p>\n","protected":false},"excerpt":{"rendered":"<p>Jeudi 12 Novembre : INAUGURATION Hall de la Fabrique des Arts &#8211; 18h &#8211; Entr\u00e9e libre \u00ab Hip-Hop, l\u2019agenda secret d\u2019une r\u00e9volution culturelle \u00bb Exposition visible du 12 au 22 novembre Cette expo prend le parti de d\u00e9cloisonner les disciplines (musique, danse, graff) pour proposer un regard nouveau et global sur cette culture foisonnante et [&hellip;]<\/p>\n","protected":false},"author":1,"featured_media":0,"parent":1565,"menu_order":0,"comment_status":"open","ping_status":"open","template":"","meta":{"_acf_changed":false,"_exactmetrics_skip_tracking":false,"_exactmetrics_sitenote_active":false,"_exactmetrics_sitenote_note":"","_exactmetrics_sitenote_category":0,"footnotes":""},"class_list":["post-3941","page","type-page","status-publish","hentry"],"acf":[],"_links":{"self":[{"href":"https:\/\/www.11bouge.com\/wordpress\/wp-json\/wp\/v2\/pages\/3941","targetHints":{"allow":["GET"]}}],"collection":[{"href":"https:\/\/www.11bouge.com\/wordpress\/wp-json\/wp\/v2\/pages"}],"about":[{"href":"https:\/\/www.11bouge.com\/wordpress\/wp-json\/wp\/v2\/types\/page"}],"author":[{"embeddable":true,"href":"https:\/\/www.11bouge.com\/wordpress\/wp-json\/wp\/v2\/users\/1"}],"replies":[{"embeddable":true,"href":"https:\/\/www.11bouge.com\/wordpress\/wp-json\/wp\/v2\/comments?post=3941"}],"version-history":[{"count":38,"href":"https:\/\/www.11bouge.com\/wordpress\/wp-json\/wp\/v2\/pages\/3941\/revisions"}],"predecessor-version":[{"id":3948,"href":"https:\/\/www.11bouge.com\/wordpress\/wp-json\/wp\/v2\/pages\/3941\/revisions\/3948"}],"up":[{"embeddable":true,"href":"https:\/\/www.11bouge.com\/wordpress\/wp-json\/wp\/v2\/pages\/1565"}],"wp:attachment":[{"href":"https:\/\/www.11bouge.com\/wordpress\/wp-json\/wp\/v2\/media?parent=3941"}],"curies":[{"name":"wp","href":"https:\/\/api.w.org\/{rel}","templated":true}]}}