{"id":3409,"date":"2014-04-23T12:41:22","date_gmt":"2014-04-23T12:41:22","guid":{"rendered":"http:\/\/www.11bouge.com\/wordpress\/?page_id=3409"},"modified":"2014-04-23T12:56:50","modified_gmt":"2014-04-23T12:56:50","slug":"artistes-associes-antiquarks","status":"publish","type":"page","link":"https:\/\/www.11bouge.com\/wordpress\/lopera-urbain\/artistes-associes-antiquarks\/","title":{"rendered":"Artistes Associ\u00e9s : Antiquarks"},"content":{"rendered":"<p style=\"text-align: justify;\"><span style=\"color: #000000;\">En 2004, Sarah Battegay, Richard Mons\u00e9gu et S\u00e9bastien Tron fondent coin coin productions. Arm\u00e9s de concepts p\u00e9dagogiques forts, ils mettent en place des actions originales de transmission et de formation dans le champ artistique et culturel.<\/span><br \/>\n<span style=\"color: #000000;\">ils\u00a0 sont\u00a0 r\u00e9guli\u00e8rement\u00a0 sollicit\u00e9s\u00a0 par\u00a0 des\u00a0 structures\u00a0 de formations,\u00a0 des\u00a0 organisateurs\u00a0 de\u00a0 spectacle\u00a0 et\u00a0 des\u00a0 agences d\u00e9partementales\u00a0 pour\u00a0 mener\u00a0 des\u00a0 projets\u00a0 socioculturels, accompagner\u00a0 des\u00a0 groupes\u00a0 amateurs\u00a0 ou\u00a0 en\u00a0 voie\u00a0 de professionnalisation et encadrer des master-class en chant, musiques du monde, classique, Jazz et rock. Leur d\u00e9marche s\u2019engage sur une p\u00e9dagogie de la cr\u00e9ation et une sensibilisation aux croisements esth\u00e9tiques et culturels.<\/span><\/p>\n<p style=\"text-align: justify;\"><span style=\"color: #000000;\"><span style=\"text-decoration: underline;\"><strong>Actions culturelles : Urban Globe Trotters :<\/strong><\/span><br \/>\nLe Freestyle se base sur des valeurs universelles et inali\u00e9nables : la libert\u00e9, le partage, la cr\u00e9ation personnelle et le plaisir collectif. <\/span><br \/>\n<span style=\"color: #000000;\"> Avec cette philosophie accessible, Antiquarks cr\u00e9e Urban Globe Trotters, un objet artistique participatif interg\u00e9n\u00e9rationnel et multiculturel proche des gens et des habitants. <\/span><span style=\"color: #000000;\">Sur le terrain de jeu, les musiciens accompagnent, les chanteurs et la chorale supportent, les slameurs commentent, les com\u00e9diens voltigent, les danseurs encouragent et les graffeurs d\u00e9tournent des pubs. <\/span><span style=\"color: #000000;\">Une f\u00eate chaleureuse et indisciplin\u00e9e, accompagn\u00e9e par la musique live d\u2019Antiquarks, escort\u00e9e par une \u00e9quipe professionnelle.<\/span><\/p>\n<p><strong><span style=\"color: #000000;\">Une com\u00e9die musicale et sportive<\/span><\/strong><br \/>\n<span style=\"color: #000000;\">Pour avoir des chances de mobiliser une population mixte d\u2019habitants, jeunes et vieux, femmes et hommes, sportifs et non-sportifs, professionnels et amateurs; pour rompre avec les discours st\u00e9riles sur \u00ab l\u2019int\u00e9gration \u00bb; pour r\u00e9duire la reproduction des in\u00e9galit\u00e9s concernant l\u2019acc\u00e8s aux biens culturels et reconna\u00eetre ou valoriser les pratiques artistiques et culturelles des jeunes issus de milieu populaire 1, ce projet qui se situe \u00e0 la fronti\u00e8re du sport et de l\u2019art. La mobilisation d\u2019une \u00e9quipe pluridisciplinaire est indispensable pour redynamiser \u00ab l\u2019envie culturelle \u00bb d\u2019une ville solidaire sur le terrain de la cr\u00e9ativit\u00e9 et de l\u2019amusement.<\/span><\/p>\n<p><span style=\"color: #000000;\">Plus d&rsquo;infos : http:\/\/www.antiquarks.org\/<br \/>\nhttps:\/\/www.facebook.com\/antiquarks?fref=ts<\/span><span style=\"color: #000000;\">https:\/\/www.facebook.com\/urbanglobetrotters?fref=ts<\/span><\/p>\n<p>[vimeo]http:\/\/vimeo.com\/40879213[\/vimeo]<\/p>\n<p>&nbsp;<\/p>\n","protected":false},"excerpt":{"rendered":"<p>En 2004, Sarah Battegay, Richard Mons\u00e9gu et S\u00e9bastien Tron fondent coin coin productions. Arm\u00e9s de concepts p\u00e9dagogiques forts, ils mettent en place des actions originales de transmission et de formation dans le champ artistique et culturel. ils\u00a0 sont\u00a0 r\u00e9guli\u00e8rement\u00a0 sollicit\u00e9s\u00a0 par\u00a0 des\u00a0 structures\u00a0 de formations,\u00a0 des\u00a0 organisateurs\u00a0 de\u00a0 spectacle\u00a0 et\u00a0 des\u00a0 agences d\u00e9partementales\u00a0 pour\u00a0 mener\u00a0 [&hellip;]<\/p>\n","protected":false},"author":1,"featured_media":0,"parent":3388,"menu_order":0,"comment_status":"open","ping_status":"open","template":"","meta":{"_acf_changed":false,"_exactmetrics_skip_tracking":false,"_exactmetrics_sitenote_active":false,"_exactmetrics_sitenote_note":"","_exactmetrics_sitenote_category":0,"footnotes":""},"class_list":["post-3409","page","type-page","status-publish","hentry"],"acf":[],"_links":{"self":[{"href":"https:\/\/www.11bouge.com\/wordpress\/wp-json\/wp\/v2\/pages\/3409","targetHints":{"allow":["GET"]}}],"collection":[{"href":"https:\/\/www.11bouge.com\/wordpress\/wp-json\/wp\/v2\/pages"}],"about":[{"href":"https:\/\/www.11bouge.com\/wordpress\/wp-json\/wp\/v2\/types\/page"}],"author":[{"embeddable":true,"href":"https:\/\/www.11bouge.com\/wordpress\/wp-json\/wp\/v2\/users\/1"}],"replies":[{"embeddable":true,"href":"https:\/\/www.11bouge.com\/wordpress\/wp-json\/wp\/v2\/comments?post=3409"}],"version-history":[{"count":3,"href":"https:\/\/www.11bouge.com\/wordpress\/wp-json\/wp\/v2\/pages\/3409\/revisions"}],"predecessor-version":[{"id":3418,"href":"https:\/\/www.11bouge.com\/wordpress\/wp-json\/wp\/v2\/pages\/3409\/revisions\/3418"}],"up":[{"embeddable":true,"href":"https:\/\/www.11bouge.com\/wordpress\/wp-json\/wp\/v2\/pages\/3388"}],"wp:attachment":[{"href":"https:\/\/www.11bouge.com\/wordpress\/wp-json\/wp\/v2\/media?parent=3409"}],"curies":[{"name":"wp","href":"https:\/\/api.w.org\/{rel}","templated":true}]}}