{"id":3402,"date":"2014-04-23T11:01:03","date_gmt":"2014-04-23T11:01:03","guid":{"rendered":"http:\/\/www.11bouge.com\/wordpress\/?page_id=3402"},"modified":"2014-05-14T14:38:42","modified_gmt":"2014-05-14T14:38:42","slug":"spectacle","status":"publish","type":"page","link":"https:\/\/www.11bouge.com\/wordpress\/lopera-urbain\/spectacle\/","title":{"rendered":"Spectacle"},"content":{"rendered":"<p style=\"text-align: justify;\"><span style=\"color: #000000;\">Pilot\u00e9 en local par l\u2019association 11bouge, le projet territorial de l\u2019Op\u00e9ra Urbain, men\u00e9 de sept 2013 \u00e0 mai 2014 au Viguier (Carcassonne), int\u00e8gre le spectacle \u00ab Urban Globe Trotters \u00bb imagin\u00e9 par les musiciens fous d\u2019Antiquarks et qui rassemble plus de 300 participants ! <\/span><\/p>\n<p style=\"text-align: justify;\"><span style=\"color: #000000;\"><strong>Grand Final \u00ab L\u2019Op\u00e9ra Urbain \u2013 Urban Globe Trotters \u00bb<\/strong><\/span><br \/>\n<span style=\"color: #000000;\"> <strong>Venez vivre cette com\u00e9die musicale et sportive unique !<\/strong><\/span><br \/>\n<span style=\"color: #000000;\"> <strong>Sam 17 mai &#8211; Stade du Viguier &#8211; Carcassonne &#8211; <\/strong><\/span><span style=\"color: #000000;\"><strong>Gratuit, en plein air<\/strong><br \/>\n<\/span><\/p>\n<p style=\"text-align: justify;\"><span style=\"text-decoration: underline;\"><span style=\"color: #000000; text-decoration: underline;\">DEROULE DE LA JOURNEE<\/span><\/span><br \/>\n<span style=\"color: #000000;\">Lieu : Stade du Viguier, avenue Jules verne<\/span><br \/>\n<span style=\"color: #000000;\">Horaire : \u2022 17h : Match d\u2019ouverture avec l\u2019\u00e9quipe de Futsal du Viguier et animations<\/span><br \/>\n<span style=\"color: #000000;\">\u2022 18h : Urban Globe Trotters<\/span><br \/>\n<span style=\"color: #000000;\">\u2022 19h : Ap\u00e9ritif musical avec Dj Super Resistant, fanfare, repas partage et animations&#8230;<\/span><br \/>\n<span style=\"color: #000000;\">En cas de pluie, manifestation maintenue \u00e0 l\u2019int\u00e9rieur du gymnase.<\/span><\/p>\n<p style=\"text-align: justify;\"><span style=\"color: #000000;\"><em><strong>La com\u00e9die musicale et sportive \u2018Urban Globe Trotters\u201d :<\/strong><\/em><\/span><br \/>\n<span style=\"color: #000000;\"> Le Freestyle se base sur des valeurs universelles et inali\u00e9nables : la libert\u00e9, le partage, la cr\u00e9ation personnelle et le plaisir collectif. Avec cette philosophie\u00a0\u00a0 accessible,\u00a0 Antiquarks cr\u00e9e Urban Globe Trotters un objet artistique participatif interg\u00e9n\u00e9rationnel et multiculturel proche des gens et des habitants d\u2019un quartier. Urban Globe Trotters,\u00a0 c\u2019est une heure de com\u00e9die musicale et sportive o\u00f9 l\u2019ensemble des participants fait voler en \u00e9clats la fronti\u00e8re entre sport et art. Sur le terrain de jeu, les chanteurs et la chorale supportent, les slameurs commentent, les com\u00e9diens voltigent, les danseurs encouragent et les graffeurs d\u00e9tournent des pubs. Une f\u00eate chaleureuse et indisciplin\u00e9e, accompagn\u00e9e par la musique live d\u2019Antiquarks, escort\u00e9e par une \u00e9quipe professionnelle.<\/span><\/p>\n<p style=\"text-align: center;\"><a href=\"http:\/\/www.11bouge.com\/wordpress\/wp-content\/uploads\/2014\/04\/flyer_operaurbain_recto.jpg\"><img loading=\"lazy\" decoding=\"async\" class=\"aligncenter\" alt=\"flyer_operaurbain_recto\" src=\"http:\/\/www.11bouge.com\/wordpress\/wp-content\/uploads\/2014\/04\/flyer_operaurbain_recto.jpg\" width=\"255\" height=\"357\" \/><\/a><\/p>\n<p><em><strong>\u00a0<\/strong><\/em><\/p>\n","protected":false},"excerpt":{"rendered":"<p>Pilot\u00e9 en local par l\u2019association 11bouge, le projet territorial de l\u2019Op\u00e9ra Urbain, men\u00e9 de sept 2013 \u00e0 mai 2014 au Viguier (Carcassonne), int\u00e8gre le spectacle \u00ab Urban Globe Trotters \u00bb imagin\u00e9 par les musiciens fous d\u2019Antiquarks et qui rassemble plus de 300 participants ! Grand Final \u00ab L\u2019Op\u00e9ra Urbain \u2013 Urban Globe Trotters \u00bb Venez [&hellip;]<\/p>\n","protected":false},"author":1,"featured_media":0,"parent":3388,"menu_order":0,"comment_status":"open","ping_status":"open","template":"","meta":{"_acf_changed":false,"_exactmetrics_skip_tracking":false,"_exactmetrics_sitenote_active":false,"_exactmetrics_sitenote_note":"","_exactmetrics_sitenote_category":0,"footnotes":""},"class_list":["post-3402","page","type-page","status-publish","hentry"],"acf":[],"_links":{"self":[{"href":"https:\/\/www.11bouge.com\/wordpress\/wp-json\/wp\/v2\/pages\/3402","targetHints":{"allow":["GET"]}}],"collection":[{"href":"https:\/\/www.11bouge.com\/wordpress\/wp-json\/wp\/v2\/pages"}],"about":[{"href":"https:\/\/www.11bouge.com\/wordpress\/wp-json\/wp\/v2\/types\/page"}],"author":[{"embeddable":true,"href":"https:\/\/www.11bouge.com\/wordpress\/wp-json\/wp\/v2\/users\/1"}],"replies":[{"embeddable":true,"href":"https:\/\/www.11bouge.com\/wordpress\/wp-json\/wp\/v2\/comments?post=3402"}],"version-history":[{"count":4,"href":"https:\/\/www.11bouge.com\/wordpress\/wp-json\/wp\/v2\/pages\/3402\/revisions"}],"predecessor-version":[{"id":3495,"href":"https:\/\/www.11bouge.com\/wordpress\/wp-json\/wp\/v2\/pages\/3402\/revisions\/3495"}],"up":[{"embeddable":true,"href":"https:\/\/www.11bouge.com\/wordpress\/wp-json\/wp\/v2\/pages\/3388"}],"wp:attachment":[{"href":"https:\/\/www.11bouge.com\/wordpress\/wp-json\/wp\/v2\/media?parent=3402"}],"curies":[{"name":"wp","href":"https:\/\/api.w.org\/{rel}","templated":true}]}}