{"id":3396,"date":"2014-04-23T10:50:48","date_gmt":"2014-04-23T10:50:48","guid":{"rendered":"http:\/\/www.11bouge.com\/wordpress\/?page_id=3396"},"modified":"2014-05-14T14:36:39","modified_gmt":"2014-05-14T14:36:39","slug":"le-projet","status":"publish","type":"page","link":"https:\/\/www.11bouge.com\/wordpress\/lopera-urbain\/le-projet\/","title":{"rendered":"Le projet"},"content":{"rendered":"<p style=\"text-align: left;\"><strong><span style=\"color: #000000;\">La diversit\u00e9 culturelle au service d&rsquo;un projet commun : Le Vivre Ensemble !<br \/>\nL&rsquo;OPERA URBAIN : <\/span><\/strong><strong><span style=\"color: #000000;\">Un projet participatif en 2 actes<\/span><\/strong><strong><span style=\"color: #000000;\"><br \/>\n<\/span><\/strong><\/p>\n<p style=\"text-align: justify;\"><strong><span style=\"color: #000000;\">Qu&rsquo;est ce que l&rsquo;Op\u00e9ra Urbain ?<\/span><\/strong><br \/>\n<span style=\"color: #000000;\">C&rsquo;est un projet territorial participatif men\u00e9 de septembre 2013 \u00e0 mai 2014 et se d\u00e9roulant sur le quartier du Viguier \u00e0 Carcassonne. Il int\u00e8gre le spectacle \u00a0\u00bb Urban Globe Trotters \u00ab\u00a0, une com\u00e9die musicale et sportive imagin\u00e9 par le groupe Antiquarks, artistes associ\u00e9s. Il rassemble plus de 300 participants.<\/span><br \/>\n<span style=\"color: #000000;\">Ce projet est pr\u00e9sent\u00e9 et coordonn\u00e9 par l&rsquo;association 11bouge. <\/span><\/p>\n<p style=\"text-align: justify;\"><span style=\"color: #000000;\"><strong><em>En chiffres<\/em><\/strong><\/span><br \/>\n<span style=\"color: #000000;\"><strong>300 acteurs<\/strong> : parents,\u00a0 150 enfants, enseignants, animateurs&#8230;<\/span><br \/>\n<span style=\"color: #000000;\"><strong>10 structures<\/strong> : coll\u00e8ge Alain, \u00e9coles maternelles Condorcet et Ferry, \u00e9coles \u00e9l\u00e9mentaires Pagnol et Ferry, R\u00e9seau R\u00e9ussite Scolaire, centre social Jean Montsarrat (P\u00f4le Famille, accueil ados&#8230;), Fabrique des Arts.<\/span><br \/>\n<span style=\"color: #000000;\"><strong>10 classes impliqu\u00e9es<\/strong> : 4 classes grande section de maternelles, 1 classe de CP, 2 classes de CLIS, 1 classe de CM2, 1 classe de 4\u00e8me, 1 classe de 3\u00e8me.<\/span><br \/>\n<span style=\"color: #000000;\"><strong>Les partenaires impliqu\u00e9s<\/strong> : La Ville de Carcassonne, Carcassonne Agglo, L\u2019ACSE, La DRAC Languedoc-Roussillon, La CAF de l\u2019Aude et Antiquarks<\/span><br \/>\n<span style=\"color: #000000;\">Le projet est soutenu dans le cadre du Contrat Urbain de Coh\u00e9sion Sociale 2013\/2014. Nomin\u00e9 dans le cadre du Prix de l&rsquo;Audace artistique et culturelle 2014<\/span><\/p>\n<p style=\"text-align: justify;\"><strong><em><span style=\"color: #000000;\">Le projet<\/span><\/em><\/strong><br \/>\n<span style=\"color: #000000;\">Dans le cadre du d\u00e9veloppement de la culture pour les jeunes sur Carcassonne, l&rsquo;association 11bouge, en plus de la gestion et la programmation de la salle du Chapeau Rouge, impulse sur la Ville de nouveaux projets. <\/span><br \/>\n<span style=\"color: #000000;\">Apr\u00e8s la cr\u00e9ation du Festival l&rsquo;Epop\u00e9e Hip Hop en 2013 &#8211; \u00e9v\u00e9nement de 4 jours autour des Cultures Urbaines &#8211; l&rsquo;association cr\u00e9e l&rsquo;Op\u00e9ra Urbain autour d&rsquo;Urban\u00a0 Globe Trotters, une cr\u00e9ation participative port\u00e9e par le groupe Antiquarks.<\/span><br \/>\n<span style=\"color: #000000;\">Ce projet territorial se d\u00e9roule sur 9 mois au sein des \u00e9tablissements scolaires du Viguier (\u00e9coles maternelles, primaire et le coll\u00e8ge Alain), du centre social Jean Montsarrat et de la Fabrique des Arts. Cette p\u00e9riode constitue le temps de d\u00e9couvertes des diff\u00e9rentes disciplines des cultures urbaines ( foot freestyle, danse hip hop, graff et beat box) ainsi que de la chorale.<\/span><br \/>\n<span style=\"color: #000000;\">Une des volont\u00e9s de l&rsquo;association est de mener des actions nouvelles dans les diff\u00e9rents quartiers\u00a0 de Carcassonne. L&rsquo;Op\u00e9ra Urbain fait partie d&rsquo;un ensemble d&rsquo;actions d\u00e9centralis\u00e9es men\u00e9es sur tout le territoire tout au long de l&rsquo;ann\u00e9e et dont fait partie Quartiers en F\u00eate !, le Festival l&rsquo;Epop\u00e9e Hip Hop, les ateliers de pratiques (ateliers chant, graff, danse hip-hop) &#8230;<\/span><br \/>\n<span style=\"color: #000000;\">Tous ces projets s&rsquo;inscrivent dans un projet global labellis\u00e9 Jeunesse Education Populaire, v\u00e9ritable outil de d\u00e9mocratisation Culturelle. L&rsquo;association travaille sur une dynamique structurante dans laquelle la Culture est au service du Social et de l&rsquo;Education.<\/span><\/p>\n<p><em><span style=\"color: #000000;\">L&rsquo;Op\u00e9ra Urbain fait partie des 15 finalistes du Prix de l\u2019Audace artistique et culturelle 2014 organis\u00e9 conjointement par le Minist\u00e8re de l\u2019\u00c9ducation Nationale et le Minist\u00e8re de la Culture. La transversalit\u00e9 de l&rsquo;action associant culture, \u00e9ducation et social a retenu l&rsquo;attention du jury. La c\u00e9r\u00e9monie aura lieu le 10 juin \u00e0 L\u2019\u00c9lys\u00e9e <\/span><\/em><em><span style=\"color: #000000;\">en pr\u00e9sence du Pr\u00e9sident de la R\u00e9publique Fran\u00e7ois Hollande et de Djamel Debouze, pr\u00e9sident du jury.<\/span><\/em><\/p>\n<p style=\"text-align: justify;\"><span style=\"color: #000000;\"><strong>Premier acte : Temps d&rsquo;initations<\/strong><\/span><br \/>\n<span style=\"color: #000000;\">Septembre \u00e0 d\u00e9cembre 2013 : Dans chaque classe et au centre social : Initation aux cultures urbaines par des ateliers.<\/span><br \/>\n<span style=\"color: #000000;\">Les grandes sections de maternelle, le CP, le CM2 et les CLIS ont suivi les ateliers : chorale, danse, graff et beat box.<\/span><br \/>\n<span style=\"color: #000000;\">Les 4\u00b0 et 3\u00b0 ont suivi les ateliers : Foot Freestyle, danse, graff et beat box.<\/span><br \/>\n<span style=\"color: #000000;\">Janvier \u00e0 avril 2014 : Continuation des inititations et ouverture d&rsquo;ateliers au public pour la cr\u00e9ation de la com\u00e9die musicale et sportive Urban Globe Trotters.<\/span><br \/>\n<span style=\"text-decoration: underline; color: #000000;\">Intervenants :<\/span><br \/>\n<span style=\"color: #000000;\">Beat Box : Mic Lee <\/span><br \/>\n<span style=\"color: #000000;\">Danse hip hop : Camille Casteignau, Guillaume Penot<\/span><br \/>\n<span style=\"color: #000000;\">Graff : Association Aeroson, Camille Casteignau<\/span><br \/>\n<span style=\"color: #000000;\">Foot Freestyle : Nadir Ben Brahim<\/span><br \/>\n<span style=\"color: #000000;\">Chor\u00e9graphie : Fanny Vignals<\/span><br \/>\n<span style=\"color: #000000;\">Chorale : Richard Monts\u00e9gu et S\u00e9bastien Tron<\/span><br \/>\n<span style=\"color: #000000;\">Atelier couture : Rachida Julita<\/span><\/p>\n<p><span style=\"color: #000000;\"><strong>Deuxi\u00e8me acte : Les habitants du Viguier se mettent en sc\u00e8ne !<\/strong><\/span><br \/>\n<span style=\"color: #000000;\">Grand Final avec Urban Globe Trotters<\/span><br \/>\n<span style=\"color: #000000;\">Le Freestyle se base sur des valeurs universelles et inali\u00e9nables : la libert\u00e9, le partage, la cr\u00e9ation personnelle et le plaisir collectif. Avec cette philosophie accessible, Antiquarks cr\u00e9e Urban Globe Trotters un objet artistique participatif interg\u00e9n\u00e9rationnel et multiculturel proche des gens et des habitants d\u2019un quartier.<\/span><br \/>\n<span style=\"color: #000000;\">Urban\u00a0 Globe\u00a0 Trotters,\u00a0 c\u2019est\u00a0 une\u00a0 heure\u00a0 de\u00a0 com\u00e9die\u00a0 musicale\u00a0 et\u00a0 sportive\u00a0 o\u00f9\u00a0 l\u2019ensemble\u00a0 des participants fait voler en \u00e9clats la fronti\u00e8re entre sport et art. D\u00e9tail : &lt;aller sur la page&gt;<\/span><br \/>\n<span style=\"color: #000000;\">Direction artistique : Richard Mons\u00e9gu &amp; S\u00e9bastien Tron \/ Musique live : Antiquarks \/ Freestyle-sport : Nadir Ben Brahim \/ Dance trotters : Fanny Vignals<\/span><\/p>\n<p style=\"text-align: justify;\"><strong><span style=\"color: #000000;\">Valeurs<\/span><\/strong><br \/>\n<span style=\"color: #000000;\">Le vivre ensemble, l&rsquo;interg\u00e9n\u00e9rationnel, l&rsquo;ouverture, la convivialit\u00e9, le partage&#8230;<\/span><\/p>\n<p style=\"text-align: justify;\"><span style=\"color: #000000;\"><strong>Grand Final \u00ab L\u2019Op\u00e9ra Urbain \u2013 Urban Globe Trotters \u00bb<\/strong> : <strong>Sam 17 mai \u2013 17h \u2013 Stade du Viguier \u2013 Carcassonne<br \/>\n[vimeo]http:\/\/vimeo.com\/40879213[\/vimeo]<br \/>\n<\/strong><\/span><\/p>\n","protected":false},"excerpt":{"rendered":"<p>La diversit\u00e9 culturelle au service d&rsquo;un projet commun : Le Vivre Ensemble ! L&rsquo;OPERA URBAIN : Un projet participatif en 2 actes Qu&rsquo;est ce que l&rsquo;Op\u00e9ra Urbain ? C&rsquo;est un projet territorial participatif men\u00e9 de septembre 2013 \u00e0 mai 2014 et se d\u00e9roulant sur le quartier du Viguier \u00e0 Carcassonne. Il int\u00e8gre le spectacle \u00a0\u00bb [&hellip;]<\/p>\n","protected":false},"author":1,"featured_media":0,"parent":3388,"menu_order":0,"comment_status":"open","ping_status":"open","template":"","meta":{"_acf_changed":false,"_exactmetrics_skip_tracking":false,"_exactmetrics_sitenote_active":false,"_exactmetrics_sitenote_note":"","_exactmetrics_sitenote_category":0,"footnotes":""},"class_list":["post-3396","page","type-page","status-publish","hentry"],"acf":[],"_links":{"self":[{"href":"https:\/\/www.11bouge.com\/wordpress\/wp-json\/wp\/v2\/pages\/3396","targetHints":{"allow":["GET"]}}],"collection":[{"href":"https:\/\/www.11bouge.com\/wordpress\/wp-json\/wp\/v2\/pages"}],"about":[{"href":"https:\/\/www.11bouge.com\/wordpress\/wp-json\/wp\/v2\/types\/page"}],"author":[{"embeddable":true,"href":"https:\/\/www.11bouge.com\/wordpress\/wp-json\/wp\/v2\/users\/1"}],"replies":[{"embeddable":true,"href":"https:\/\/www.11bouge.com\/wordpress\/wp-json\/wp\/v2\/comments?post=3396"}],"version-history":[{"count":8,"href":"https:\/\/www.11bouge.com\/wordpress\/wp-json\/wp\/v2\/pages\/3396\/revisions"}],"predecessor-version":[{"id":3493,"href":"https:\/\/www.11bouge.com\/wordpress\/wp-json\/wp\/v2\/pages\/3396\/revisions\/3493"}],"up":[{"embeddable":true,"href":"https:\/\/www.11bouge.com\/wordpress\/wp-json\/wp\/v2\/pages\/3388"}],"wp:attachment":[{"href":"https:\/\/www.11bouge.com\/wordpress\/wp-json\/wp\/v2\/media?parent=3396"}],"curies":[{"name":"wp","href":"https:\/\/api.w.org\/{rel}","templated":true}]}}