{"id":3388,"date":"2014-04-23T10:47:32","date_gmt":"2014-04-23T10:47:32","guid":{"rendered":"http:\/\/www.11bouge.com\/wordpress\/?page_id=3388"},"modified":"2014-04-23T11:05:12","modified_gmt":"2014-04-23T11:05:12","slug":"lopera-urbain","status":"publish","type":"page","link":"https:\/\/www.11bouge.com\/wordpress\/lopera-urbain\/","title":{"rendered":"L&rsquo;OPERA URBAIN"},"content":{"rendered":"<p align=\"JUSTIFY\"><span style=\"color: #000000;\"><strong>L&rsquo;OPERA URBAIN est un projet territorial pilot\u00e9 en local par l\u2019association 11bouge. Men\u00e9 de sept 2013 \u00e0 mai 2014 dans le quartier du Viguier, il int\u00e8gre le spectacle \u00ab Urban Globe Trotters \u00bb imagin\u00e9 par les musiciens fous d\u2019Antiquarks et qui rassemble plus de 300 participants !<br \/>\n<\/strong><\/span><\/p>\n<p><span style=\"color: #000000;\">Cliquez sur l\u2019affiche correspondante afin de d\u00e9couvrir plus en d\u00e9tail le projet !<br \/>\n<\/span><\/p>\n<p style=\"color: #000000;\"><a href=\"http:\/\/www.11bouge.com\/wordpress\/lopera-urbain\/le-projet\/\" target=\"_blank\"><img loading=\"lazy\" decoding=\"async\" class=\"wp-image-3389 alignleft\" alt=\"flyer_operaurbain_recto\" src=\"http:\/\/www.11bouge.com\/wordpress\/wp-content\/uploads\/2014\/04\/flyer_operaurbain_recto.jpg\" width=\"255\" height=\"357\" srcset=\"https:\/\/www.11bouge.com\/wordpress\/wp-content\/uploads\/2014\/04\/flyer_operaurbain_recto.jpg 1181w, https:\/\/www.11bouge.com\/wordpress\/wp-content\/uploads\/2014\/04\/flyer_operaurbain_recto-214x300.jpg 214w, https:\/\/www.11bouge.com\/wordpress\/wp-content\/uploads\/2014\/04\/flyer_operaurbain_recto-731x1024.jpg 731w\" sizes=\"auto, (max-width: 255px) 100vw, 255px\" \/><\/a><\/p>\n","protected":false},"excerpt":{"rendered":"<p>L&rsquo;OPERA URBAIN est un projet territorial pilot\u00e9 en local par l\u2019association 11bouge. Men\u00e9 de sept 2013 \u00e0 mai 2014 dans le quartier du Viguier, il int\u00e8gre le spectacle \u00ab Urban Globe Trotters \u00bb imagin\u00e9 par les musiciens fous d\u2019Antiquarks et qui rassemble plus de 300 participants ! Cliquez sur l\u2019affiche correspondante afin de d\u00e9couvrir plus [&hellip;]<\/p>\n","protected":false},"author":1,"featured_media":0,"parent":0,"menu_order":0,"comment_status":"open","ping_status":"open","template":"","meta":{"_acf_changed":false,"_exactmetrics_skip_tracking":false,"_exactmetrics_sitenote_active":false,"_exactmetrics_sitenote_note":"","_exactmetrics_sitenote_category":0,"footnotes":""},"class_list":["post-3388","page","type-page","status-publish","hentry"],"acf":[],"_links":{"self":[{"href":"https:\/\/www.11bouge.com\/wordpress\/wp-json\/wp\/v2\/pages\/3388","targetHints":{"allow":["GET"]}}],"collection":[{"href":"https:\/\/www.11bouge.com\/wordpress\/wp-json\/wp\/v2\/pages"}],"about":[{"href":"https:\/\/www.11bouge.com\/wordpress\/wp-json\/wp\/v2\/types\/page"}],"author":[{"embeddable":true,"href":"https:\/\/www.11bouge.com\/wordpress\/wp-json\/wp\/v2\/users\/1"}],"replies":[{"embeddable":true,"href":"https:\/\/www.11bouge.com\/wordpress\/wp-json\/wp\/v2\/comments?post=3388"}],"version-history":[{"count":8,"href":"https:\/\/www.11bouge.com\/wordpress\/wp-json\/wp\/v2\/pages\/3388\/revisions"}],"predecessor-version":[{"id":3408,"href":"https:\/\/www.11bouge.com\/wordpress\/wp-json\/wp\/v2\/pages\/3388\/revisions\/3408"}],"wp:attachment":[{"href":"https:\/\/www.11bouge.com\/wordpress\/wp-json\/wp\/v2\/media?parent=3388"}],"curies":[{"name":"wp","href":"https:\/\/api.w.org\/{rel}","templated":true}]}}