{"id":2818,"date":"2014-01-23T16:16:36","date_gmt":"2014-01-23T16:16:36","guid":{"rendered":"http:\/\/www.11bouge.com\/wordpress\/?page_id=2818"},"modified":"2014-02-13T14:29:58","modified_gmt":"2014-02-13T14:29:58","slug":"vendredi-22-fevrier","status":"publish","type":"page","link":"https:\/\/www.11bouge.com\/wordpress\/fest-lepopee-hip-hop\/edition-2-2014\/vendredi-22-fevrier\/","title":{"rendered":"Samedi 22 f\u00e9vrier"},"content":{"rendered":"<p style=\"text-align: justify;\"><span style=\"color: #000000;\">Journ\u00e9e sous le signe des d\u00e9couvertes gr\u00e2ce au Village des cultures urbaines. Les meilleurs crews de la R\u00e9gion essayeront de d\u00e9crocher leur place pour le Battle International le soir m\u00eame, cette qualification est ouverte au public avant de d\u00e9couvrir lors du \u00ab\u00a0Kingdom Battle\u00a0\u00bb l&rsquo;\u00e9lite du breakdance fran\u00e7ais et \u00e9trangers.<\/span><\/p>\n<p style=\"text-align: justify;\"><strong><span style=\"color: #000000;\">\u2022 VILLAGE DES CULTURES URBAINES<\/span><\/strong><br \/>\n<span style=\"color: #000000;\">De 14h \u00e0 17h &#8211; Salle du D\u00f4me \/ <\/span><span style=\"color: #000000;\">Entr\u00e9e libre \/ <\/span><span style=\"color: #000000;\">Tarif : 3\u20ac l\u2019inscription aux activit\u00e9s<\/span><\/p>\n<p style=\"text-align: justify;\"><span style=\"color: #000000;\">D\u00e9monstration de skateboard avec la Team BTR<\/span><\/p>\n<p style=\"text-align: justify;\"><span style=\"color: #000000;\">Venez d\u00e9couvrir et essayer les disciplines suivantes : <\/span><br \/>\n<span style=\"color: #000000;\">&#8211; Human BeatBox avec Wawad<\/span><br \/>\n<span style=\"color: #000000;\">&#8211; Deejaying avec Dj Slab &amp; Dj Super Resistant<\/span><br \/>\n<span style=\"color: #000000;\">&#8211; Foot freestyle avec Nadir Ben Brahim (champion de Suisse <\/span><span style=\"color: #000000;\">et dixi\u00e8me mondial)<\/span><br \/>\n<span style=\"color: #000000;\">&#8211; Graffiti avec l\u2019association Aeroson<\/span><br \/>\n<span style=\"color: #000000;\">Choix de 3 disciplines sur les 4 propos\u00e9es. <\/span><br \/>\n<span style=\"color: #000000;\">Dur\u00e9e de chaque activit\u00e9 : 50mn. <\/span><br \/>\n<span style=\"color: #000000;\">Inscription par mail : mediation@11bouge.com \/ par t\u00e9l\u00e9phone au 06 95 97 84 85 \/ sur place le 22 f\u00e9vrier dans la limite des <\/span><br \/>\n<span style=\"color: #000000;\">places disponibles. Ouvert \u00e0 tous, les mineurs doivent \u00eatre accompagn\u00e9s par un adulte<br \/>\n<a href=\"http:\/\/www.11bouge.com\/wordpress\/wp-content\/uploads\/2014\/01\/villageurbain2202.jpg\"><img loading=\"lazy\" decoding=\"async\" class=\"alignnone  wp-image-2822\" alt=\"villageurbain  festival l'epop\u00e9e hip hop\" src=\"http:\/\/www.11bouge.com\/wordpress\/wp-content\/uploads\/2014\/01\/villageurbain2202.jpg\" width=\"638\" height=\"109\" srcset=\"https:\/\/www.11bouge.com\/wordpress\/wp-content\/uploads\/2014\/01\/villageurbain2202.jpg 2954w, https:\/\/www.11bouge.com\/wordpress\/wp-content\/uploads\/2014\/01\/villageurbain2202-300x50.jpg 300w, https:\/\/www.11bouge.com\/wordpress\/wp-content\/uploads\/2014\/01\/villageurbain2202-1024x173.jpg 1024w\" sizes=\"auto, (max-width: 638px) 100vw, 638px\" \/><\/a><br \/>\n<\/span><\/p>\n<p style=\"text-align: justify;\"><strong><span style=\"color: #000000;\">\u2022 BATTLE DE QUALIFICATIONS AMATEURS POUR LE \u00ab\u00a0KINGDOM BATTLE\u00a0\u00bb<\/span><\/strong><br \/>\n<span style=\"color: #000000;\"> A 17h30 &#8211; Salle du D\u00f4me \/ Entr\u00e9e libre \/ Dur\u00e9e : 1h30<\/span><br \/>\n<span style=\"color: #000000;\"> Les 10 meilleurs crews de la r\u00e9gion s\u2019affrontent pour d\u00e9crocher leur place dans la comp\u00e9tition du soir, le \u00ab Kingdom Battle \u00bb. Sur les 10 crews, seul le vainqueur obtiendra sa qualification.<\/span><\/p>\n<p style=\"text-align: justify;\"><strong><span style=\"color: #000000;\">\u2022 BATTLE INTERNATIONAL DE BREAKDANCE \u00ab\u00a0KINGDOM BATTLE\u00a0\u00bb<\/span><\/strong><br \/>\n<span style=\"color: #000000;\">Ouverture des portes \u00e0 20h30 &#8211; Salle du D\u00f4me<\/span><br \/>\n<span style=\"color: #000000;\">Plein tarif : 10\u20ac \/ tarif r\u00e9duit : 8\u20ac \/ tarif adh\u00e9rent : 6\u20ac\u00a0 \/ tarif acti city : 2\u20ac \/ Pass \u00ab Concert + Battle \u00bb = 20\u20ac<\/span><\/p>\n<p style=\"text-align: justify;\"><span style=\"color: #000000;\">Apr\u00e8s\u00a0 la\u00a0 victoire\u00a0 des\u00a0 champions\u00a0 de\u00a0 France\u00a0 Melting\u00a0 Force en\u00a0 2013,\u00a0 venez\u00a0 d\u00e9couvrir\u00a0 qui\u00a0 sera\u00a0 le\u00a0 nouveau\u00a0 vainqueur\u00a0 du \u00ab Kingdom Battle \u00bb. Cette ann\u00e9e encore, l\u2019\u00e9lite du breakdance fran\u00e7ais et 3 des meilleures \u00e9quipes \u00e9trang\u00e8res vont sortir leurs plus beaux freezes, powermoves, toprocks et footworks pour <\/span><span style=\"color: #000000;\">tenter de remporter le titre.<\/span><br \/>\n<span style=\"color: #000000;\">Speaker : Nasty \/ Dj : Taj Mahal \/ Juges : Abd-L Vagabonds, Karima Aktuel Force, Niek The ruggeds. <\/span><br \/>\n<span style=\"color: #000000;\">Price money : 1000\u20ac<\/span><\/p>\n<p style=\"text-align: justify;\"><span style=\"color: #000000;\"><strong>\u00c9quipes fran\u00e7aise<\/strong> : <strong><em>IMMIGRANDZ<\/em><\/strong>, Clermont-Ferrand : vainqueurs des qualifications de l\u2019\u00e9dition 2013, ils sont la rel\u00e8ve du b-boying fran\u00e7ais et comptent <\/span><br \/>\n<span style=\"color: #000000;\">bien le montrer! <strong>\u2022<\/strong> <\/span><span style=\"color: #000000;\"><em><strong>LEGITEAM\u00a0 OBSTRUXION<\/strong><\/em>,\u00a0 Le Mans : collectif cr\u00e9\u00e9 en 2003, <\/span><span style=\"color: #000000;\">regroupant une quinzaine de danseurs, pr\u00e9sents sur la sc\u00e8ne <\/span><span style=\"color: #000000;\">nationale et internationale, c\u2019est \u00e0 l\u2019heure actuelle un des meilleurs <\/span><span style=\"color: #000000;\">groupes fran\u00e7ais.<\/span> <strong><span style=\"color: #000000;\">\u2022<\/span> <\/strong><span style=\"color: #000000;\"><em><strong>POCKEMON CREW<\/strong><\/em>, Lyon : \u00e9voluant aussi bien dans les th\u00e9\u00e2tres <\/span><span style=\"color: #000000;\">que dans le circuit des battles, ils sont l\u2019un des crews le plus titr\u00e9 au <\/span><span style=\"color: #000000;\">monde: deux titres de Champion de France, un titre de Champion <\/span><span style=\"color: #000000;\">d\u2019Europe et trois titres de Champion du Monde&#8230; <strong>\u2022<\/strong> <\/span><span style=\"color: #000000;\"><strong><em>MELTING FORCE<\/em><\/strong>, Saint-Etienne : crew caract\u00e9ris\u00e9 par un style tr\u00e8s <\/span><span style=\"color: #000000;\">technique et acrobatique, champions de France 2013, vainqueurs <\/span><span style=\"color: #000000;\">du \u00ab Kingdom Battle \u00bb 2013, ils vont remettre leur titre en jeu cette <\/span><span style=\"color: #000000;\">ann\u00e9e !<\/span><\/p>\n<p style=\"text-align: justify;\"><span style=\"color: #000000;\"><strong>\u00c9quipes \u00e9trang\u00e8res<\/strong> : <strong><em>TEAM\u00a0 SHMETTA<\/em><\/strong>, Belgique : fond\u00e9 en 2005, v\u00e9ritable \u00abdream <\/span><span style=\"color: #000000;\">team\u00bb belge, ce crew rassemblant les meilleurs b-boys du pays est <\/span><br \/>\n<span style=\"color: #000000;\">l\u2019une des meilleures \u00e9quipes d\u2019Europe. <strong>\u2022<\/strong> <\/span><span style=\"color: #000000;\"><strong><em>HUSTLE KIDZ<\/em><\/strong>, Hollande : meilleur crew des pays Bas, vainqueur <\/span><span style=\"color: #000000;\">des dutch b-boy championship de 2006 \u00e0 2010, la team Hustle kidz <\/span><span style=\"color: #000000;\">enchaine les victoires\u00a0 dans les comp\u00e9titions internationales, aussi <\/span><span style=\"color: #000000;\">bien en groupe qu\u2019en solo. <strong>\u2022<\/strong> <\/span><span style=\"color: #000000;\"><strong><em>PREDATORZ<\/em><\/strong>, Russie : cr\u00e9\u00e9 en 2002 , le crew rassemble plusieurs <\/span><span style=\"color: #000000;\">danseurs du sud de la Russie. Malgr\u00e9 la distance qui s\u00e9pare ses <\/span><span style=\"color: #000000;\">membres, \u00e0 force de pers\u00e9v\u00e9rance, ils se sont peu \u00e0 peu impos\u00e9s <\/span><span style=\"color: #000000;\">comme\u00a0 num\u00e9ro\u00a0 1\u00a0 dans\u00a0 leur pays et sont aujourd\u2019hui une des <\/span><span style=\"color: #000000;\">\u00e9quipes les plus titr\u00e9es au monde.<\/span><\/p>\n<p><strong><em><span style=\"color: #000000;\">Club \u00ab Le 7 \u00bb soir\u00e9e de cl\u00f4ture du festival l\u2019Epop\u00e9e Hip Hop 2014<\/span><\/em><\/strong> !<br \/>\n<span style=\"color: #000000;\">Venez danser et faire la f\u00eate en compagnie des artistes et de l\u2019\u00e9quipe du festival !<\/span><br \/>\n<span style=\"color: #000000;\">Entr\u00e9e gratuite sur pr\u00e9sentation du billet du \u00ab Kingdom Battle \u00bb<\/span><\/p>\n<p><a href=\"http:\/\/www.11bouge.com\/wordpress\/wp-content\/uploads\/2014\/01\/battle2202.jpg\"><img loading=\"lazy\" decoding=\"async\" class=\"alignnone  wp-image-2825\" alt=\"kingdom battle\" src=\"http:\/\/www.11bouge.com\/wordpress\/wp-content\/uploads\/2014\/01\/battle2202.jpg\" width=\"638\" height=\"109\" srcset=\"https:\/\/www.11bouge.com\/wordpress\/wp-content\/uploads\/2014\/01\/battle2202.jpg 2954w, https:\/\/www.11bouge.com\/wordpress\/wp-content\/uploads\/2014\/01\/battle2202-300x50.jpg 300w, https:\/\/www.11bouge.com\/wordpress\/wp-content\/uploads\/2014\/01\/battle2202-1024x173.jpg 1024w\" sizes=\"auto, (max-width: 638px) 100vw, 638px\" \/><\/a><\/p>\n<p>&nbsp;<\/p>\n","protected":false},"excerpt":{"rendered":"<p>Journ\u00e9e sous le signe des d\u00e9couvertes gr\u00e2ce au Village des cultures urbaines. Les meilleurs crews de la R\u00e9gion essayeront de d\u00e9crocher leur place pour le Battle International le soir m\u00eame, cette qualification est ouverte au public avant de d\u00e9couvrir lors du \u00ab\u00a0Kingdom Battle\u00a0\u00bb l&rsquo;\u00e9lite du breakdance fran\u00e7ais et \u00e9trangers. \u2022 VILLAGE DES CULTURES URBAINES De [&hellip;]<\/p>\n","protected":false},"author":1,"featured_media":0,"parent":2222,"menu_order":0,"comment_status":"open","ping_status":"open","template":"","meta":{"_acf_changed":false,"_exactmetrics_skip_tracking":false,"_exactmetrics_sitenote_active":false,"_exactmetrics_sitenote_note":"","_exactmetrics_sitenote_category":0,"footnotes":""},"class_list":["post-2818","page","type-page","status-publish","hentry"],"acf":[],"_links":{"self":[{"href":"https:\/\/www.11bouge.com\/wordpress\/wp-json\/wp\/v2\/pages\/2818","targetHints":{"allow":["GET"]}}],"collection":[{"href":"https:\/\/www.11bouge.com\/wordpress\/wp-json\/wp\/v2\/pages"}],"about":[{"href":"https:\/\/www.11bouge.com\/wordpress\/wp-json\/wp\/v2\/types\/page"}],"author":[{"embeddable":true,"href":"https:\/\/www.11bouge.com\/wordpress\/wp-json\/wp\/v2\/users\/1"}],"replies":[{"embeddable":true,"href":"https:\/\/www.11bouge.com\/wordpress\/wp-json\/wp\/v2\/comments?post=2818"}],"version-history":[{"count":8,"href":"https:\/\/www.11bouge.com\/wordpress\/wp-json\/wp\/v2\/pages\/2818\/revisions"}],"predecessor-version":[{"id":2913,"href":"https:\/\/www.11bouge.com\/wordpress\/wp-json\/wp\/v2\/pages\/2818\/revisions\/2913"}],"up":[{"embeddable":true,"href":"https:\/\/www.11bouge.com\/wordpress\/wp-json\/wp\/v2\/pages\/2222"}],"wp:attachment":[{"href":"https:\/\/www.11bouge.com\/wordpress\/wp-json\/wp\/v2\/media?parent=2818"}],"curies":[{"name":"wp","href":"https:\/\/api.w.org\/{rel}","templated":true}]}}