{"id":2798,"date":"2014-01-22T15:47:41","date_gmt":"2014-01-22T15:47:41","guid":{"rendered":"http:\/\/www.11bouge.com\/wordpress\/?page_id=2798"},"modified":"2014-01-22T16:08:56","modified_gmt":"2014-01-22T16:08:56","slug":"vendredi-21-fevrier","status":"publish","type":"page","link":"https:\/\/www.11bouge.com\/wordpress\/fest-lepopee-hip-hop\/edition-2-2014\/vendredi-21-fevrier\/","title":{"rendered":"Vendredi 21 f\u00e9vrier"},"content":{"rendered":"<p style=\"text-align: justify;\"><span style=\"color: #000000;\">Journ\u00e9e sous le signe du rap avec une rencontre \u00e0 l&rsquo;heure de l&rsquo;ap\u00e9ro chez BTR Shop en cie du groupe Set et Match qui assurera la premi\u00e8re partie du concert de Disiz le soir m\u00eame dans la Salle du Chapeau Rouge.<\/span><\/p>\n<p style=\"text-align: justify;\"><span style=\"color: #000000;\"><strong>\u2022 Ap\u00e9ro AVEC SET ET MATCH<\/strong><\/span><br \/>\n<a href=\"http:\/\/www.11bouge.com\/wordpress\/wp-content\/uploads\/2014\/01\/Vignette_SetMatch.jpg\"><img loading=\"lazy\" decoding=\"async\" class=\" wp-image-2804 alignleft\" alt=\"Vignette_Set&amp;Match\" src=\"http:\/\/www.11bouge.com\/wordpress\/wp-content\/uploads\/2014\/01\/Vignette_SetMatch.jpg\" width=\"144\" height=\"95\" srcset=\"https:\/\/www.11bouge.com\/wordpress\/wp-content\/uploads\/2014\/01\/Vignette_SetMatch.jpg 400w, https:\/\/www.11bouge.com\/wordpress\/wp-content\/uploads\/2014\/01\/Vignette_SetMatch-300x198.jpg 300w\" sizes=\"auto, (max-width: 144px) 100vw, 144px\" \/><\/a><span style=\"color: #000000;\">Rencontre avec le groupe Montpelli\u00e9rain Set et Match chez BTR Shop dans une ambiance conviviale.<\/span><br \/>\n<span style=\"color: #000000;\">18h &#8211; BTR Shop &#8211; 6 rue de l\u2019aigle d\u2019or &#8211; 11000 CARCASSONNE<\/span><br \/>\n<span style=\"color: #000000;\">\u2022\u00a0 Vente de t-shirts et autres accessoires du groupe<\/span><br \/>\n<span style=\"color: #000000;\">\u2022\u00a0 Tirage au sort pour gagner des places de concert de Disiz<\/span><\/p>\n<p style=\"text-align: justify;\"><span style=\"color: #000000;\"><strong>\u2022 CONCERT RAP<br \/>\n<\/strong><\/span><strong><span style=\"color: #000000;\">DISIZ \/\/ 1\u00e8re PARTIE SET ET MATCH<\/span><\/strong><br \/>\n<span style=\"color: #000000;\">Bboyz Sound System : Dj Super Resistant &amp; Mc Spike Spadaro<\/span><br \/>\n<span style=\"color: #000000;\"><a href=\"http:\/\/www.11bouge.com\/wordpress\/wp-content\/uploads\/2014\/01\/bandeaudisiz.jpg\"><img loading=\"lazy\" decoding=\"async\" class=\"alignnone  wp-image-2806\" alt=\"bandeaudisiz\" src=\"http:\/\/www.11bouge.com\/wordpress\/wp-content\/uploads\/2014\/01\/bandeaudisiz.jpg\" width=\"512\" height=\"189\" srcset=\"https:\/\/www.11bouge.com\/wordpress\/wp-content\/uploads\/2014\/01\/bandeaudisiz.jpg 853w, https:\/\/www.11bouge.com\/wordpress\/wp-content\/uploads\/2014\/01\/bandeaudisiz-300x110.jpg 300w\" sizes=\"auto, (max-width: 512px) 100vw, 512px\" \/><\/a><br \/>\nSalle le Chapeau Rouge &#8211; 37 rue Trivalle &#8211; 11000 Carcassonne<\/span><br \/>\n<span style=\"color: #000000;\">Plein tarif : 15\u20ac \/ tarif r\u00e9duit : 13\u20ac \/ tarif adh\u00e9rent : 11\u20ac \/ <\/span><span style=\"color: #000000;\">tarif acti city : 7\u20ac \/ Pass \u00ab Concert + Battle \u00bb\u00a0 = 20\u20ac \/ Ouverture des portes : 20h30 &#8211; d\u00e9but du concert : 21h<\/span><br \/>\n<span style=\"color: #000000;\"><br \/>\n<strong>DISIZ<br \/>\n<\/strong><\/span><span style=\"color: #000000;\">Apr\u00e8s\u00a0 plusieurs\u00a0 ann\u00e9es\u00a0 d\u00e9di\u00e9es\u00a0 \u00e0\u00a0 des\u00a0 projets\u00a0 parall\u00e8les\u00a0 et\u00a0 \u00e0\u00a0 des <\/span><span style=\"color: #000000;\">incartades vers l\u2019\u00e9lectro ou le rock, Disiz (ex-la peste) d\u00e9sormais connu <\/span><span style=\"color: #000000;\">sous le nom de Disiz Peter Punk revient \u00e0 ses premiers amours : le <\/span><span style=\"color: #000000;\">rap. R\u00e9v\u00e9l\u00e9 avec le fameux J\u2019P\u00e8te Les Plombs, single virtuose et carte <\/span><span style=\"color: #000000;\">de visite en or pour ce jeune aspirant \u00e0 la gloire rapologique, Disiz <\/span><span style=\"color: #000000;\">a depuis fait son chemin et a finalement d\u00e9cid\u00e9 de revenir sur le <\/span><span style=\"color: #000000;\">devant de la Sc\u00e8ne, ce dont nous nous r\u00e9jouissons \u00e0 l\u2019avance vu <\/span><span style=\"color: #000000;\">la qualit\u00e9 de son dernier album \u00ab Extra -Lucide \u00bb.<\/span><br \/>\n<strong><span style=\"color: #000000;\">1\u00e8re partie : SET ET MATCH : <\/span><\/strong><span style=\"color: #000000;\">D\u00e9couverte Printemps de Bourges 2013. <\/span><span style=\"color: #000000;\">Le style est d\u00e9tendu mais le flow en tension, des <\/span><span style=\"color: #000000;\">lyrics\u00a0 argument\u00e9s\u00a0 avec\u00a0 humour,\u00a0 des\u00a0 d\u00e9gaines <\/span><span style=\"color: #000000;\">de jeunes premiers charmeurs, un flegme serti <\/span><span style=\"color: #000000;\">d\u2019une\u00a0 magnifique\u00a0 capacit\u00e9\u00a0 de\u00a0 travail.\u00a0 Set <\/span><span style=\"color: #000000;\">&amp; Match ont aff\u00fbt\u00e9 leur verbe sur sc\u00e8ne, <\/span><span style=\"color: #000000;\">fort de leur entourage, ils s\u2019\u00e9chappent, <\/span><span style=\"color: #000000;\">croisent\u00a0 Greg\u00a0 Frite,\u00a0 N\u00e9mir,\u00a0 Orelsan, <\/span><span style=\"color: #000000;\">Disiz sur les routes, et conqui\u00e8rent <\/span><span style=\"color: #000000;\">la fine fleur de l\u2019hexagone.<\/span><\/p>\n<p><strong><span style=\"color: #000000;\">BILLETTERIE<\/span><\/strong><br \/>\n<span style=\"text-decoration: underline;\"><em><span style=\"color: #000000; text-decoration: underline;\">Sur Carcassonne :<\/span><\/em><\/span><br \/>\n<span style=\"color: #000000;\">\u2022 <strong>Espace Culturel Leclerc<\/strong> : 995 Rue Colbert &#8211; 11000 Carcassonne &#8211; 09h \u00e0 20h<\/span><br \/>\n<span style=\"color: #000000;\">\u2022 <strong>Cultura<\/strong> : Lieu-dit La Ferraudi\u00e8re &#8211; 11000 Carcassonne &#8211; 09h \u00e0 20h<\/span><br \/>\n<span style=\"color: #000000;\">\u2022 <strong>G\u00e9ant<\/strong> : Carcassonne Salvaza, bvl Henry Bouffet &#8211; 11000 Carcassonne &#8211; 08h30 \u00e0 20h<\/span><br \/>\n<span style=\"color: #000000;\">\u2022 <strong>Salle Le Chapeau Rouge<\/strong> : 37 rue Trivalle &#8211; 11000 Carcassonne &#8211; Les soirs de concert (sans frais de location) &#8211; R\u00e8glement esp\u00e8ce\/CB\/ch\u00e8que. Pas de r\u00e9servation par t\u00e9l\u00e9phone<br \/>\n<span style=\"text-decoration: underline;\"><em>En France :<\/em><\/span><\/span><br \/>\n<span style=\"color: #000000;\">\u2022 R\u00e9seau Digitick : www.digitick.com<\/span><br \/>\n<span style=\"color: #000000;\">\u2022 R\u00e9seau Dispobillet : www.fnac.com &#8211; 0 892 68 36 22 \u2013 0,34 \u20ac TTC min<\/span><br \/>\n<span style=\"color: #000000;\">\u2022 R\u00e9seau Francebillet : www.francebillet.com &#8211; Carrefour \/ G\u00e9ant \/ Magasins U \/ Intermarch\u00e9<\/span><\/p>\n<p style=\"text-align: justify;\"><span style=\"color: #000000;\">Par internet : www.11bouge.com<br \/>\nPour r\u00e9server directement sa place : <a href=\"http:\/\/www.11bouge.com\/wordpress\/wp-content\/uploads\/2013\/09\/Picto_billetterie_150.jpg\"><img loading=\"lazy\" decoding=\"async\" class=\"alignnone size-full wp-image-2520\" alt=\"billetterie\" src=\"http:\/\/www.11bouge.com\/wordpress\/wp-content\/uploads\/2013\/09\/Picto_billetterie_150.jpg\" width=\"98\" height=\"30\" \/><\/a><br \/>\n<\/span><\/p>\n<p style=\"text-align: justify;\">\n","protected":false},"excerpt":{"rendered":"<p>Journ\u00e9e sous le signe du rap avec une rencontre \u00e0 l&rsquo;heure de l&rsquo;ap\u00e9ro chez BTR Shop en cie du groupe Set et Match qui assurera la premi\u00e8re partie du concert de Disiz le soir m\u00eame dans la Salle du Chapeau Rouge. \u2022 Ap\u00e9ro AVEC SET ET MATCH Rencontre avec le groupe Montpelli\u00e9rain Set et Match [&hellip;]<\/p>\n","protected":false},"author":1,"featured_media":0,"parent":2222,"menu_order":0,"comment_status":"open","ping_status":"open","template":"","meta":{"_acf_changed":false,"_exactmetrics_skip_tracking":false,"_exactmetrics_sitenote_active":false,"_exactmetrics_sitenote_note":"","_exactmetrics_sitenote_category":0,"footnotes":""},"class_list":["post-2798","page","type-page","status-publish","hentry"],"acf":[],"_links":{"self":[{"href":"https:\/\/www.11bouge.com\/wordpress\/wp-json\/wp\/v2\/pages\/2798","targetHints":{"allow":["GET"]}}],"collection":[{"href":"https:\/\/www.11bouge.com\/wordpress\/wp-json\/wp\/v2\/pages"}],"about":[{"href":"https:\/\/www.11bouge.com\/wordpress\/wp-json\/wp\/v2\/types\/page"}],"author":[{"embeddable":true,"href":"https:\/\/www.11bouge.com\/wordpress\/wp-json\/wp\/v2\/users\/1"}],"replies":[{"embeddable":true,"href":"https:\/\/www.11bouge.com\/wordpress\/wp-json\/wp\/v2\/comments?post=2798"}],"version-history":[{"count":9,"href":"https:\/\/www.11bouge.com\/wordpress\/wp-json\/wp\/v2\/pages\/2798\/revisions"}],"predecessor-version":[{"id":2810,"href":"https:\/\/www.11bouge.com\/wordpress\/wp-json\/wp\/v2\/pages\/2798\/revisions\/2810"}],"up":[{"embeddable":true,"href":"https:\/\/www.11bouge.com\/wordpress\/wp-json\/wp\/v2\/pages\/2222"}],"wp:attachment":[{"href":"https:\/\/www.11bouge.com\/wordpress\/wp-json\/wp\/v2\/media?parent=2798"}],"curies":[{"name":"wp","href":"https:\/\/api.w.org\/{rel}","templated":true}]}}