{"id":2778,"date":"2014-01-22T14:58:47","date_gmt":"2014-01-22T14:58:47","guid":{"rendered":"http:\/\/www.11bouge.com\/wordpress\/?page_id=2778"},"modified":"2014-01-22T15:15:06","modified_gmt":"2014-01-22T15:15:06","slug":"mercredi-19-fevrier","status":"publish","type":"page","link":"https:\/\/www.11bouge.com\/wordpress\/fest-lepopee-hip-hop\/edition-2-2014\/mercredi-19-fevrier\/","title":{"rendered":"Mercredi 19 f\u00e9vrier"},"content":{"rendered":"<h3><span style=\"color: #000000;\"><strong>Soir\u00e9e d&rsquo;inauguration du Festival<br \/>\n<\/strong><\/span><\/h3>\n<p style=\"text-align: justify;\">\u2022 <span style=\"color: #000000;\"><em><strong>Vernissage de l\u2019exposition \u00ab DU BRONX \u00c0 CARCASSONNE !<\/strong><\/em> \u00bb, photos\/street art d\u2019artistes hip hop de la R\u00e9gion en pr\u00e9sence des partenaires et des artistes exposants.<\/span><br \/>\n<span style=\"color: #000000;\">19h &#8211; Maison de la R\u00e9gion &#8211; Entr\u00e9e gratuite<\/span><br \/>\n<span style=\"color: #000000;\">Soir\u00e9e anim\u00e9e par Dj Super R\u00e9sistant, activiste Hip-Hop depuis 1988, pionnier dans le d\u00e9partement de l\u2019Aude.<\/span><br \/>\n<span style=\"color: #000000;\">Exposition visible du mercredi 19 au vendredi 21 f\u00e9vrier de 9h \u00e0 12h et de 14h \u00e0 18h<\/span><\/p>\n<p><span style=\"color: #000000;\">\u00a0<a href=\"http:\/\/www.11bouge.com\/wordpress\/wp-content\/uploads\/2014\/01\/bandeau1902.jpg\"><img loading=\"lazy\" decoding=\"async\" class=\"alignnone  wp-image-2783\" alt=\"festiva l'epop\u00e9e hip hop\" src=\"http:\/\/www.11bouge.com\/wordpress\/wp-content\/uploads\/2014\/01\/bandeau1902.jpg\" width=\"556\" height=\"98\" srcset=\"https:\/\/www.11bouge.com\/wordpress\/wp-content\/uploads\/2014\/01\/bandeau1902.jpg 3300w, https:\/\/www.11bouge.com\/wordpress\/wp-content\/uploads\/2014\/01\/bandeau1902-300x52.jpg 300w, https:\/\/www.11bouge.com\/wordpress\/wp-content\/uploads\/2014\/01\/bandeau1902-1024x178.jpg 1024w\" sizes=\"auto, (max-width: 556px) 100vw, 556px\" \/><\/a><\/span><\/p>\n<p style=\"text-align: justify;\"><span style=\"color: #000000;\">\u2022 <em><strong>Projection du film \u00a0\u00bb Vandal \u00ab\u00a0<\/strong><\/em><\/span><br \/>\n<span style=\"color: #000000;\">En pr\u00e9sence du r\u00e9alisateur, dur\u00e9e : 1h24<\/span><br \/>\n<span style=\"color: #000000;\">21h &#8211; Cin\u00e9ma le Colis\u00e9e &#8211; tarif : billetterie au Colis\u00e9e<\/span><br \/>\n<span style=\"color: #000000;\">Ch\u00e9rif, 15 ans, est un adolescent rebelle et solitaire. D\u00e9pass\u00e9e, sa m\u00e8re d\u00e9cide de le placer chez son oncle et sa tante \u00e0 Strasbourg, o\u00f9 il doit reprendre son CAP ma\u00e7onnerie. C\u2019est sa derni\u00e8re chance. Tr\u00e8s vite, dans cette nouvelle vie, Ch\u00e9rif \u00e9touffe. Mais toutes les nuits, des graffeurs \u0153uvrent sur les murs de la ville. Un nouveau monde s\u2019offre \u00e0 lui&#8230;<\/span><br \/>\n<em><span style=\"color: #000000;\"><span style=\"text-decoration: underline;\">Autre s\u00e9ance<\/span> : dimanche 23\/02 \u00e0 16h1<strong><\/strong>5<\/span><\/em><\/p>\n<p><a href=\"http:\/\/www.11bouge.com\/wordpress\/wp-content\/uploads\/2014\/01\/bandeaufilm.jpg\"><img loading=\"lazy\" decoding=\"async\" class=\"alignnone  wp-image-2784\" alt=\"vandal\" src=\"http:\/\/www.11bouge.com\/wordpress\/wp-content\/uploads\/2014\/01\/bandeaufilm.jpg\" width=\"592\" height=\"96\" srcset=\"https:\/\/www.11bouge.com\/wordpress\/wp-content\/uploads\/2014\/01\/bandeaufilm.jpg 3508w, https:\/\/www.11bouge.com\/wordpress\/wp-content\/uploads\/2014\/01\/bandeaufilm-300x48.jpg 300w, https:\/\/www.11bouge.com\/wordpress\/wp-content\/uploads\/2014\/01\/bandeaufilm-1024x166.jpg 1024w\" sizes=\"auto, (max-width: 592px) 100vw, 592px\" \/><\/a><\/p>\n<table id=\"templatePreheader\" style=\"border-bottom-width: 0px; border-collapse: collapse; -ms-text-size-adjust: 100%; border-top-width: 0px; background-color: #ffffff; -webkit-text-size-adjust: 100%; mso-table-lspace: 0pt; mso-table-rspace: 0pt;\" width=\"600\" border=\"0\" cellspacing=\"0\" cellpadding=\"0\">\n<tbody>\n<tr>\n<td class=\"preheaderContainer\" style=\"-ms-text-size-adjust: 100%; padding-top: 9px; -webkit-text-size-adjust: 100%; mso-table-lspace: 0pt; mso-table-rspace: 0pt;\" valign=\"top\"><\/td>\n<\/tr>\n<\/tbody>\n<\/table>\n","protected":false},"excerpt":{"rendered":"<p>Soir\u00e9e d&rsquo;inauguration du Festival \u2022 Vernissage de l\u2019exposition \u00ab DU BRONX \u00c0 CARCASSONNE ! \u00bb, photos\/street art d\u2019artistes hip hop de la R\u00e9gion en pr\u00e9sence des partenaires et des artistes exposants. 19h &#8211; Maison de la R\u00e9gion &#8211; Entr\u00e9e gratuite Soir\u00e9e anim\u00e9e par Dj Super R\u00e9sistant, activiste Hip-Hop depuis 1988, pionnier dans le d\u00e9partement de [&hellip;]<\/p>\n","protected":false},"author":1,"featured_media":0,"parent":2222,"menu_order":0,"comment_status":"open","ping_status":"open","template":"","meta":{"_acf_changed":false,"_exactmetrics_skip_tracking":false,"_exactmetrics_sitenote_active":false,"_exactmetrics_sitenote_note":"","_exactmetrics_sitenote_category":0,"footnotes":""},"class_list":["post-2778","page","type-page","status-publish","hentry"],"acf":[],"_links":{"self":[{"href":"https:\/\/www.11bouge.com\/wordpress\/wp-json\/wp\/v2\/pages\/2778","targetHints":{"allow":["GET"]}}],"collection":[{"href":"https:\/\/www.11bouge.com\/wordpress\/wp-json\/wp\/v2\/pages"}],"about":[{"href":"https:\/\/www.11bouge.com\/wordpress\/wp-json\/wp\/v2\/types\/page"}],"author":[{"embeddable":true,"href":"https:\/\/www.11bouge.com\/wordpress\/wp-json\/wp\/v2\/users\/1"}],"replies":[{"embeddable":true,"href":"https:\/\/www.11bouge.com\/wordpress\/wp-json\/wp\/v2\/comments?post=2778"}],"version-history":[{"count":7,"href":"https:\/\/www.11bouge.com\/wordpress\/wp-json\/wp\/v2\/pages\/2778\/revisions"}],"predecessor-version":[{"id":2790,"href":"https:\/\/www.11bouge.com\/wordpress\/wp-json\/wp\/v2\/pages\/2778\/revisions\/2790"}],"up":[{"embeddable":true,"href":"https:\/\/www.11bouge.com\/wordpress\/wp-json\/wp\/v2\/pages\/2222"}],"wp:attachment":[{"href":"https:\/\/www.11bouge.com\/wordpress\/wp-json\/wp\/v2\/media?parent=2778"}],"curies":[{"name":"wp","href":"https:\/\/api.w.org\/{rel}","templated":true}]}}