{"id":2766,"date":"2014-01-22T14:34:18","date_gmt":"2014-01-22T14:34:18","guid":{"rendered":"http:\/\/www.11bouge.com\/wordpress\/?page_id=2766"},"modified":"2014-01-22T14:39:47","modified_gmt":"2014-01-22T14:39:47","slug":"stages-et-workshop","status":"publish","type":"page","link":"https:\/\/www.11bouge.com\/wordpress\/fest-lepopee-hip-hop\/edition-2-2014\/stages-et-workshop\/","title":{"rendered":"Stages et workshop"},"content":{"rendered":"<p><span style=\"color: #000000;\">Dans le cadre du Festival, 3 stages de danse hip hop sont propos\u00e9s de diff\u00e9rents niveaux ainsi qu&rsquo;un workshop avec Bboy Niek !<\/span><br \/>\n<span style=\"color: #000000;\">Lieu : Ils se d\u00e9rouleront \u00e0 la MJC &#8211; 91 rue Aim\u00e9 ramond, 11000 Carcassonne<\/span><br \/>\n<span style=\"color: #000000;\">Infos et inscription stages \/ workshop : <\/span><span style=\"color: #000000;\">Association 11bouge par mail : mediation@11bouge.com<\/span><\/p>\n<p><a href=\"http:\/\/www.11bouge.com\/wordpress\/wp-content\/uploads\/2014\/01\/pockemon-crew2photo-Homard-Payette.jpg\"><img loading=\"lazy\" decoding=\"async\" class=\" wp-image-2768 alignleft\" alt=\"pockemon-crew(2)photo Homard Payette\" src=\"http:\/\/www.11bouge.com\/wordpress\/wp-content\/uploads\/2014\/01\/pockemon-crew2photo-Homard-Payette.jpg\" width=\"183\" height=\"121\" srcset=\"https:\/\/www.11bouge.com\/wordpress\/wp-content\/uploads\/2014\/01\/pockemon-crew2photo-Homard-Payette.jpg 2126w, https:\/\/www.11bouge.com\/wordpress\/wp-content\/uploads\/2014\/01\/pockemon-crew2photo-Homard-Payette-300x199.jpg 300w, https:\/\/www.11bouge.com\/wordpress\/wp-content\/uploads\/2014\/01\/pockemon-crew2photo-Homard-Payette-1024x682.jpg 1024w\" sizes=\"auto, (max-width: 183px) 100vw, 183px\" \/><\/a><span style=\"color: #000000;\"><strong>Mercredi 19 f\u00e9vrier<\/strong><br \/>\nAvec les <strong>POCKEMON CREW<br \/>\n<\/strong><em>Tarif : 1 stage de 2 h = 10\u20ac \/ 5 \u20ac (adh\u00e9rents Association 11bouge)<\/em><br \/>\n<span style=\"text-decoration: underline;\">Stage 1<\/span> : 11h-12h : 8 &#8211; 11 ans, initiation<br \/>\n<span style=\"text-decoration: underline;\">Stage 2<\/span> : 14h-16h : 12 ans et +, niveau d\u00e9butant<br \/>\n<span style=\"text-decoration: underline;\">Stage 3<\/span> : 16h-18h : 12 et +, niveau interm\u00e9diaire\/avanc\u00e9<\/span><\/p>\n<p><span style=\"color: #000000;\">\u00a0<\/span><\/p>\n<p><span style=\"color: #000000;\"><strong><a href=\"http:\/\/www.11bouge.com\/wordpress\/wp-content\/uploads\/2014\/01\/bboyniek.jpg\"><img loading=\"lazy\" decoding=\"async\" class=\"wp-image-2770 alignleft\" alt=\"bboyniek\" src=\"http:\/\/www.11bouge.com\/wordpress\/wp-content\/uploads\/2014\/01\/bboyniek.jpg\" width=\"109\" height=\"164\" srcset=\"https:\/\/www.11bouge.com\/wordpress\/wp-content\/uploads\/2014\/01\/bboyniek.jpg 507w, https:\/\/www.11bouge.com\/wordpress\/wp-content\/uploads\/2014\/01\/bboyniek-200x300.jpg 200w\" sizes=\"auto, (max-width: 109px) 100vw, 109px\" \/><\/a>Samedi 22 F\u00e9vrier<br \/>\n<\/strong>Avec <strong>BBOY NIEK<\/strong> (THE RUGGEDS CREW, HOLLANDE<br \/>\n<em>Tarif: 15 \u20ac<\/em><br \/>\n14H00 \u00e0 16h00 : niveau confirm\u00e9<br \/>\nDeux fois vainqueur du Battle of the Year International en solo, vainqueur du R16 Cor\u00e9e en solo, Niek collectionne les titres internationaux, il est sans conteste l\u2019un des meilleurs Bboys de la plan\u00e8te. Il propose son workshop \u00abMind, Body &amp; Soul\u00bb aux pratiquants exp\u00e9riment\u00e9s qui souhaitent am\u00e9liorer leur niveau.<\/span><\/p>\n<p>&nbsp;<\/p>\n<p><span style=\"color: #000000;\">\u00a0<\/span><\/p>\n","protected":false},"excerpt":{"rendered":"<p>Dans le cadre du Festival, 3 stages de danse hip hop sont propos\u00e9s de diff\u00e9rents niveaux ainsi qu&rsquo;un workshop avec Bboy Niek ! Lieu : Ils se d\u00e9rouleront \u00e0 la MJC &#8211; 91 rue Aim\u00e9 ramond, 11000 Carcassonne Infos et inscription stages \/ workshop : Association 11bouge par mail : mediation@11bouge.com Mercredi 19 f\u00e9vrier Avec [&hellip;]<\/p>\n","protected":false},"author":1,"featured_media":0,"parent":2222,"menu_order":0,"comment_status":"open","ping_status":"open","template":"","meta":{"_acf_changed":false,"_exactmetrics_skip_tracking":false,"_exactmetrics_sitenote_active":false,"_exactmetrics_sitenote_note":"","_exactmetrics_sitenote_category":0,"footnotes":""},"class_list":["post-2766","page","type-page","status-publish","hentry"],"acf":[],"_links":{"self":[{"href":"https:\/\/www.11bouge.com\/wordpress\/wp-json\/wp\/v2\/pages\/2766","targetHints":{"allow":["GET"]}}],"collection":[{"href":"https:\/\/www.11bouge.com\/wordpress\/wp-json\/wp\/v2\/pages"}],"about":[{"href":"https:\/\/www.11bouge.com\/wordpress\/wp-json\/wp\/v2\/types\/page"}],"author":[{"embeddable":true,"href":"https:\/\/www.11bouge.com\/wordpress\/wp-json\/wp\/v2\/users\/1"}],"replies":[{"embeddable":true,"href":"https:\/\/www.11bouge.com\/wordpress\/wp-json\/wp\/v2\/comments?post=2766"}],"version-history":[{"count":4,"href":"https:\/\/www.11bouge.com\/wordpress\/wp-json\/wp\/v2\/pages\/2766\/revisions"}],"predecessor-version":[{"id":2773,"href":"https:\/\/www.11bouge.com\/wordpress\/wp-json\/wp\/v2\/pages\/2766\/revisions\/2773"}],"up":[{"embeddable":true,"href":"https:\/\/www.11bouge.com\/wordpress\/wp-json\/wp\/v2\/pages\/2222"}],"wp:attachment":[{"href":"https:\/\/www.11bouge.com\/wordpress\/wp-json\/wp\/v2\/media?parent=2766"}],"curies":[{"name":"wp","href":"https:\/\/api.w.org\/{rel}","templated":true}]}}