{"id":2222,"date":"2013-07-09T15:27:09","date_gmt":"2013-07-09T15:27:09","guid":{"rendered":"http:\/\/www.11bouge.com\/wordpress\/?page_id=2222"},"modified":"2014-01-28T14:22:07","modified_gmt":"2014-01-28T14:22:07","slug":"edition-2-2014","status":"publish","type":"page","link":"https:\/\/www.11bouge.com\/wordpress\/fest-lepopee-hip-hop\/edition-2-2014\/","title":{"rendered":"Edition #2 (2014)"},"content":{"rendered":"<h3 align=\"JUSTIFY\"><span style=\"color: #000000;\">Le Festival L\u2019\u00c9pop\u00e9e Hip-Hop\u00a0 c&rsquo;est reparti ! Le rendez-vous est pris du 19 au 22 f\u00e9vrier 2014 !<br \/>\n<\/span><\/h3>\n<div>\n<p style=\"text-align: left;\"><span style=\"color: #000000;\"><a href=\"http:\/\/www.11bouge.com\/wordpress\/wp-content\/uploads\/2013\/07\/visuel_festhh_web.jpg\"><img loading=\"lazy\" decoding=\"async\" class=\"wp-image-2755 alignleft\" alt=\"visuel festival l'epop\u00e9e hip hop\" src=\"http:\/\/www.11bouge.com\/wordpress\/wp-content\/uploads\/2013\/07\/visuel_festhh_web.jpg\" width=\"153\" height=\"230\" srcset=\"https:\/\/www.11bouge.com\/wordpress\/wp-content\/uploads\/2013\/07\/visuel_festhh_web.jpg 1181w, https:\/\/www.11bouge.com\/wordpress\/wp-content\/uploads\/2013\/07\/visuel_festhh_web-199x300.jpg 199w, https:\/\/www.11bouge.com\/wordpress\/wp-content\/uploads\/2013\/07\/visuel_festhh_web-682x1024.jpg 682w\" sizes=\"auto, (max-width: 153px) 100vw, 153px\" \/><\/a>Carcassonne devient la Cit\u00e9 du Hip-Hop pour la seconde \u00e9dition du Festival pr\u00e9sent\u00e9 par l&rsquo;association 11 bouge en collaboration avec le R\u00e9seau Hip-Hop Languedoc-Roussillon. Ce festival met \u00e0 l\u2019honneur les cultures hip-hop et urbaines dans diff\u00e9rents lieux de la Ville.<br \/>\nLes moments forts sont de retour cette ann\u00e9e encore avec le concert de rap au Chapeau Rouge, le Battle de Breakdanse International au D\u00f4me et la danse hip-hop au Th\u00e9\u00e2tre Jean-Alary. Ce festival est l&rsquo;occasion pour le public de m\u00ealer pratique et d\u00e9couverte des disciplines peu souvent mises \u00e0 l\u2019honneur comme le foot freestyle, le deejaying, le graffiti, le skate ou encore le human beatbox. Film, rencontres avec des artistes, stages de danse et bien d\u2019autres rendez-vous mettront \u00e0 l\u2019honneur la diversit\u00e9 de ces cultures.<br \/>\n<\/span><\/p>\n<p style=\"text-align: left;\"><span style=\"color: #000000;\">Depuis plus de 2 ans, l\u2019association 11bouge, en lien avec le projet \u00ab Musiques Actuelles \u00bb que repr\u00e9sente la gestion de la salle de concert du Chapeau Rouge, travaille au quotidien autour du d\u00e9veloppement des cultures urbaines sur le territoire carcassonnais.<br \/>\nLe Festival l\u2019\u00c9pop\u00e9e Hip Hop est un coup de projecteur sur ce travail de fond, sur les talents locaux et participe \u00e0 faire reconna\u00eetre le hip hop comme une culture \u00e0 part enti\u00e8re aux yeux de tous.<\/span><\/p>\n<p><span style=\"text-decoration: underline; color: #000000;\"><strong><em>Les Temps forts :<\/em><\/strong><\/span><br \/>\n<span style=\"color: #000000;\"> \u2022 <strong><em>Le lancement du Festival a lieu le mercredi 19 f\u00e9vrier \u00e0 19h \u00e0 la Maison de la R\u00e9gion avec l&rsquo;inauguration de l&rsquo;exposition \u00ab Du Bronx \u00e0 Carcassonne \u00bb.<br \/>\n\u2022 <strong><em>Spectacle de danse hip hop au Th\u00e9\u00e2tre Jean-Alary &#8211; jeudi 20 f\u00e9vrier &#8211; avec Pockemon Crew et sa cr\u00e9ation \u00ab\u00a0Silence, On tourne!\u00a0\u00bb<br \/>\n<strong><em>\u2022 <strong><em>Concert de rap \u00e0 la Salle Le Chapeau Rouge &#8211; vendredi 21 f\u00e9vrier &#8211; avec Disiz + Set et Match (en 1\u00e8re partie)<br \/>\n<strong><em>\u2022 <strong><em>Battle de danse International avec le KINGDOM BATTLE au D\u00f4me &#8211; samedi 22 f\u00e9vrier &#8211; 3vs3<\/em><\/strong><\/em><\/strong><\/em><\/strong><\/em><\/strong><\/em><\/strong><br \/>\n<\/em><\/strong><\/span><\/p>\n<p><span style=\"color: #000000;\"><strong>Programme complet<\/strong><\/span><\/p>\n<div style=\"text-align: left;\"><iframe loading=\"lazy\" style=\"margin: 0 auto;\" src=\"\/\/v.calameo.com\/?bkcode=00309255672321e65f682\" height=\"194\" width=\"300\" allowfullscreen=\"\" frameborder=\"0\" scrolling=\"no\"><\/iframe><\/p>\n<div style=\"margin: 4px 0px 8px;\"><a href=\"http:\/\/www.calameo.com\/\">Publish at Calameo<\/a> or <a href=\"http:\/\/www.calameo.com\/browse\">read more publications<\/a>.<\/div>\n<\/div>\n<p><strong><span style=\"color: #000000;\">Teaser<\/span><\/strong><br \/>\n[youtube]http:\/\/youtu.be\/Ef5GAz8PiNo[\/youtube]<\/p>\n<p><strong><span style=\"color: #000000;\">En 1 coup d\u2019\u0153il !<\/span><\/strong><br \/>\n<a href=\"http:\/\/www.11bouge.com\/wordpress\/wp-content\/uploads\/2013\/07\/planning.jpg\"><img loading=\"lazy\" decoding=\"async\" class=\"alignnone  wp-image-2775\" alt=\"planning festival hip hop\" src=\"http:\/\/www.11bouge.com\/wordpress\/wp-content\/uploads\/2013\/07\/planning.jpg\" width=\"598\" height=\"398\" srcset=\"https:\/\/www.11bouge.com\/wordpress\/wp-content\/uploads\/2013\/07\/planning.jpg 2126w, https:\/\/www.11bouge.com\/wordpress\/wp-content\/uploads\/2013\/07\/planning-300x199.jpg 300w, https:\/\/www.11bouge.com\/wordpress\/wp-content\/uploads\/2013\/07\/planning-1024x682.jpg 1024w\" sizes=\"auto, (max-width: 598px) 100vw, 598px\" \/><\/a><\/p>\n<\/div>\n<p>&nbsp;<\/p>\n","protected":false},"excerpt":{"rendered":"<p>Le Festival L\u2019\u00c9pop\u00e9e Hip-Hop\u00a0 c&rsquo;est reparti ! Le rendez-vous est pris du 19 au 22 f\u00e9vrier 2014 ! Carcassonne devient la Cit\u00e9 du Hip-Hop pour la seconde \u00e9dition du Festival pr\u00e9sent\u00e9 par l&rsquo;association 11 bouge en collaboration avec le R\u00e9seau Hip-Hop Languedoc-Roussillon. Ce festival met \u00e0 l\u2019honneur les cultures hip-hop et urbaines dans diff\u00e9rents lieux [&hellip;]<\/p>\n","protected":false},"author":1,"featured_media":0,"parent":1565,"menu_order":0,"comment_status":"closed","ping_status":"closed","template":"","meta":{"_acf_changed":false,"_exactmetrics_skip_tracking":false,"_exactmetrics_sitenote_active":false,"_exactmetrics_sitenote_note":"","_exactmetrics_sitenote_category":0,"footnotes":""},"class_list":["post-2222","page","type-page","status-publish","hentry"],"acf":[],"_links":{"self":[{"href":"https:\/\/www.11bouge.com\/wordpress\/wp-json\/wp\/v2\/pages\/2222","targetHints":{"allow":["GET"]}}],"collection":[{"href":"https:\/\/www.11bouge.com\/wordpress\/wp-json\/wp\/v2\/pages"}],"about":[{"href":"https:\/\/www.11bouge.com\/wordpress\/wp-json\/wp\/v2\/types\/page"}],"author":[{"embeddable":true,"href":"https:\/\/www.11bouge.com\/wordpress\/wp-json\/wp\/v2\/users\/1"}],"replies":[{"embeddable":true,"href":"https:\/\/www.11bouge.com\/wordpress\/wp-json\/wp\/v2\/comments?post=2222"}],"version-history":[{"count":26,"href":"https:\/\/www.11bouge.com\/wordpress\/wp-json\/wp\/v2\/pages\/2222\/revisions"}],"predecessor-version":[{"id":2838,"href":"https:\/\/www.11bouge.com\/wordpress\/wp-json\/wp\/v2\/pages\/2222\/revisions\/2838"}],"up":[{"embeddable":true,"href":"https:\/\/www.11bouge.com\/wordpress\/wp-json\/wp\/v2\/pages\/1565"}],"wp:attachment":[{"href":"https:\/\/www.11bouge.com\/wordpress\/wp-json\/wp\/v2\/media?parent=2222"}],"curies":[{"name":"wp","href":"https:\/\/api.w.org\/{rel}","templated":true}]}}