{"id":2208,"date":"2013-07-09T14:45:36","date_gmt":"2013-07-09T14:45:36","guid":{"rendered":"http:\/\/www.11bouge.com\/wordpress\/?page_id=2208"},"modified":"2013-07-09T15:11:53","modified_gmt":"2013-07-09T15:11:53","slug":"edition-1-2013","status":"publish","type":"page","link":"https:\/\/www.11bouge.com\/wordpress\/fest-lepopee-hip-hop\/edition-1-2013\/","title":{"rendered":"Edition # 1 (2013)"},"content":{"rendered":"<p align=\"JUSTIFY\"><span style=\"color: #000000;\"><strong><a href=\"http:\/\/www.11bouge.com\/wordpress\/wp-content\/uploads\/2013\/02\/A3plus-hip-hop_web3.jpg\"><img loading=\"lazy\" decoding=\"async\" class=\"wp-image-1619 alignleft\" alt=\"A3plus-hip-hop_web\" src=\"http:\/\/www.11bouge.com\/wordpress\/wp-content\/uploads\/2013\/02\/A3plus-hip-hop_web3.jpg\" width=\"182\" height=\"266\" srcset=\"https:\/\/www.11bouge.com\/wordpress\/wp-content\/uploads\/2013\/02\/A3plus-hip-hop_web3.jpg 3898w, https:\/\/www.11bouge.com\/wordpress\/wp-content\/uploads\/2013\/02\/A3plus-hip-hop_web3-699x1024.jpg 699w\" sizes=\"auto, (max-width: 182px) 100vw, 182px\" \/><\/a>La premi\u00e8re \u00e9dition s&rsquo;est tenue du 20 au 24 f\u00e9vrier 2013<br \/>\n&#8211; 10 lieux \u2013 100 artistes \u2013 21 manifestations<br \/>\n<\/strong>\u00c9v\u00e9nement pr\u00e9sent\u00e9 par la Ville, l\u2019association 11bouge et co-organis\u00e9 par l\u2019ADDMD11, en collaboration avec la Casa Musicale et le r\u00e9seau Hip-Hop Languedoc-Roussillon.<\/span><\/p>\n<p><span style=\"color: #000000;\"><strong>LES TEMPS FORTS !<br \/>\nMercredi 20 f\u00e9v<\/strong>. d\u00e8s 19h : <strong>Soir\u00e9e \u00ab\u00a0Smells like Hip-Hop\u00a0\u00bb<\/strong> pour le lancement du Festival ! Rdv \u00e0 l\u2019Art de Vivre avec une party hip-hop en cie du r\u00e9alisateur du documentaire projet\u00e9 en premi\u00e8re partie et des DJ Super R\u00e9sistant, Solo et Dee Nasty ! entr\u00e9e libre<\/span><br \/>\n<span style=\"color: #000000;\"> <strong>Jeudi 21 f\u00e9v.<\/strong> : <strong>Concert de Youssoupha et N\u00e9mir [rap]<\/strong> \u00e0 la Salle Le Chapeau Rouge ! ouverture des portes et billetterie \u00e0 21h !<\/span><br \/>\n<span style=\"color: #000000;\"> <strong>Vendredi 22 f\u00e9v.<\/strong> :<strong> Plateau danse hip-hop en cr\u00e9ation #4<\/strong> au Th\u00e9\u00e2tre jean Alary \u00e0 19h ! 3 cr\u00e9ations chor\u00e9graphiques dont Alien des Vagabond Crew ! pr\u00e9sent\u00e9 par l\u2019ADDMD11.<\/span><br \/>\n<span style=\"color: #000000;\"> <strong>Samedi 23 f\u00e9v<\/strong>. : <strong>Battle de Breakdance International<\/strong> au D\u00f4me avec 6 \u00e9quipes professionnelles internationales et 2 \u00e9quipes semi-pro qualifi\u00e9es l\u2019apr\u00e8s-midi. Un grand show ! Ouverture des portes et billetterie \u00e0 19h !<\/span><br \/>\n<span style=\"color: #000000;\"> <strong>Dimanche 24 f\u00e9v.<\/strong> : Cl\u00f4ture du festival avec 2 documentaires \u00a0\u00bb Les Lascars\u00a0\u00bb au Colis\u00e9e et \u00a0\u00bb Vagabond Revient\u00a0\u00bb au Centre social J. Montsarrat.<\/span><br \/>\n<span style=\"color: #000000;\"> et aussi\u2026\u2026.des rencontres \u00e0 la m\u00e9diath\u00e8que, des stages de danse, ateliers Human BeatBox, animations parvis du D\u00f4me gr\u00e2ce \u00e0 nos partenaires. Des moments pour toute la famille en vivre pour la premi\u00e8re fois sur Carcassonne.<\/span><br \/>\n<span style=\"color: #000000;\"> Tout le d\u00e9tail dans le programme &lt;<a title=\"programme premi\u00e8re \u00e9dition\" href=\"http:\/\/www.11bouge.com\/wordpress\/LUDIVINE-SITEWEB\/Plaquette\/prog_fest-epopee-hip-hop.pdf\" target=\"_blank\"><span style=\"color: #000000;\">t\u00e9l\u00e9chargement<\/span><\/a>&gt;<\/span><br \/>\n<span style=\"color: #000000;\"> D\u00e9couvrez la vid\u00e9o !<\/span><br \/>\n[youtube]http:\/\/www.youtube.com\/watch?v=CV645KPR0UI&amp;feature=share&amp;list=PLM99tuQMBtrU97Q69yOb_k9BJwxNJKmjJ[\/youtube]<\/p>\n","protected":false},"excerpt":{"rendered":"<p>La premi\u00e8re \u00e9dition s&rsquo;est tenue du 20 au 24 f\u00e9vrier 2013 &#8211; 10 lieux \u2013 100 artistes \u2013 21 manifestations \u00c9v\u00e9nement pr\u00e9sent\u00e9 par la Ville, l\u2019association 11bouge et co-organis\u00e9 par l\u2019ADDMD11, en collaboration avec la Casa Musicale et le r\u00e9seau Hip-Hop Languedoc-Roussillon. LES TEMPS FORTS ! Mercredi 20 f\u00e9v. d\u00e8s 19h : Soir\u00e9e \u00ab\u00a0Smells like [&hellip;]<\/p>\n","protected":false},"author":1,"featured_media":0,"parent":1565,"menu_order":0,"comment_status":"closed","ping_status":"closed","template":"","meta":{"_acf_changed":false,"_exactmetrics_skip_tracking":false,"_exactmetrics_sitenote_active":false,"_exactmetrics_sitenote_note":"","_exactmetrics_sitenote_category":0,"footnotes":""},"class_list":["post-2208","page","type-page","status-publish","hentry"],"acf":[],"_links":{"self":[{"href":"https:\/\/www.11bouge.com\/wordpress\/wp-json\/wp\/v2\/pages\/2208","targetHints":{"allow":["GET"]}}],"collection":[{"href":"https:\/\/www.11bouge.com\/wordpress\/wp-json\/wp\/v2\/pages"}],"about":[{"href":"https:\/\/www.11bouge.com\/wordpress\/wp-json\/wp\/v2\/types\/page"}],"author":[{"embeddable":true,"href":"https:\/\/www.11bouge.com\/wordpress\/wp-json\/wp\/v2\/users\/1"}],"replies":[{"embeddable":true,"href":"https:\/\/www.11bouge.com\/wordpress\/wp-json\/wp\/v2\/comments?post=2208"}],"version-history":[{"count":4,"href":"https:\/\/www.11bouge.com\/wordpress\/wp-json\/wp\/v2\/pages\/2208\/revisions"}],"predecessor-version":[{"id":2211,"href":"https:\/\/www.11bouge.com\/wordpress\/wp-json\/wp\/v2\/pages\/2208\/revisions\/2211"}],"up":[{"embeddable":true,"href":"https:\/\/www.11bouge.com\/wordpress\/wp-json\/wp\/v2\/pages\/1565"}],"wp:attachment":[{"href":"https:\/\/www.11bouge.com\/wordpress\/wp-json\/wp\/v2\/media?parent=2208"}],"curies":[{"name":"wp","href":"https:\/\/api.w.org\/{rel}","templated":true}]}}