{"id":2,"date":"2012-02-15T16:29:18","date_gmt":"2012-02-15T16:29:18","guid":{"rendered":"http:\/\/www.11bouge.com\/wordpress\/?page_id=2"},"modified":"2015-07-07T14:22:44","modified_gmt":"2015-07-07T14:22:44","slug":"page-d-exemple","status":"publish","type":"page","link":"https:\/\/www.11bouge.com\/wordpress\/page-d-exemple\/","title":{"rendered":"Activit\u00e9s"},"content":{"rendered":"<p style=\"text-align: justify;\"><span style=\"color: #000000;\"><strong>L\u2019ASSOCIATION<\/strong><\/span><\/p>\n<p style=\"text-align: justify;\"><span style=\"color: #000000;\">L\u2019association 11bouge est une association agr\u00e9\u00e9e <em><strong>Jeunesse \u00c9ducation Populaire<\/strong><\/em>, elle est <strong><em>relais d\u00e9partemental hip-hop Languedoc-Roussillon<\/em><\/strong>. Son si\u00e8ge se situe \u00e0 Carcassonne.<\/span><br \/>\n<span style=\"color: #000000;\"> Elle d\u00e9veloppe depuis 10 ans un <strong>projet culturel autour des musiques actuelles et des cultures urbaines<\/strong>, avec des missions de diffusion (spectacles, concerts, etc.), de cr\u00e9ation artistique (r\u00e9sidence, etc.), d\u2019ateliers de pratiques et de travail sur les publics (handicap, maison d\u2019arr\u00eat, etc.).<\/span><br \/>\n<span style=\"color: #000000;\"> Apr\u00e8s avoir g\u00e9r\u00e9 la Salle du Chapeau Rouge \u00e0 Carcassonne pendant 4 ans, l\u2019association 11bouge d\u00e9veloppe aujourd\u2019hui un projet territorial sur Carcassonne Agglo qui repose sur la <strong>transversalit\u00e9 culture\/\u00e9ducation\/social<\/strong>. Cette nouvelle dynamique territoriale favorise la mise en r\u00e9seau des acteurs (th\u00e9\u00e2tres, MJC, centres sociaux, m\u00e9diath\u00e8ques, etc.), la circulation des publics et r\u00e9pond ainsi aux probl\u00e9matiques du d\u00e9veloppement local : d\u00e9centraliser les \u00e9quipements publics concentr\u00e9s sur Carcassonne et permettre ainsi l\u2019\u00e9quit\u00e9 territorial urbain\/rural.<\/span><\/p>\n<p style=\"text-align: justify;\"><span style=\"color: #000000;\"><strong>Ateliers de pratiques hip hop<\/strong> : plus d&rsquo;infos &lt;<a title=\"ateliers de pratique\" href=\"http:\/\/www.11bouge.com\/wordpress\/page-d-exemple\/saison-5-2014-2015\/\" target=\"_blank\">cliquer ici<\/a>&gt;<br \/>\n<span style=\"color: #000000;\">\u2022<\/span> Cours de danse hip hop et breakdance hebdomadaire + ateliers pendant les vacances scolaires<br \/>\n<span style=\"color: #000000;\">\u2022<\/span> Graff : stage pendant les vacances scolaires<br \/>\n<span style=\"color: #000000;\">\u2022<\/span> Rap : atelier donn\u00e9 par l&rsquo;association Couleurs Citoyennes dans le quartier de la Conte<br \/>\n<\/span><\/p>\n<p style=\"text-align: justify;\"><span style=\"color: #000000;\"><strong>Actions culturelles<\/strong> :<\/span><br \/>\n<span style=\"color: #000000;\"><span style=\"color: #000000;\">\u2022 \u00ab R\u00e9sidences d&rsquo;artistes \u00bb <\/span> : <span style=\"color: #000000;\">plus d&rsquo;infos &lt;<a title=\"ateliers de pratique\" href=\"http:\/\/www.11bouge.com\/wordpress\/page-d-exemple\/saison-5-2014-2015\/\" target=\"_blank\">cliquer ici<\/a>&gt;<\/span><br \/>\nUne douzaine d&rsquo;artistes et de groupes sont re\u00e7us en r\u00e9sidence chaque trimestre au sein du Chapeau Rouge pour des sessions de travail d&rsquo;une journ\u00e9e \u00e0 1 semaine. La session se termine par une sortie de r\u00e9sidence ouverte au public ou par la programmation en 1\u00e8re partie d&rsquo;une t\u00eate d&rsquo;affiche. Certains groupes se voient proposer une date dans le Off du Festival de Carcassonne.<\/span><br \/>\n<span style=\"color: #000000;\">\u2022 \u00ab Musique en prison \u00bb : Ateliers d&rsquo;\u00e9criture donn\u00e9s \u00e0 la Maison d&rsquo;arr\u00eat de Carcassonne par des artistes ou groupes de musique. Un concert est donn\u00e9 en fin de session \u00e0 l&rsquo;attention des autres d\u00e9tenus.<\/span><br \/>\n<span style=\"color: #000000;\">\u2022 \u00ab Danse en Prison \u00bb : Cours hebdomadaire \u00e0 la Maison d&rsquo;arr\u00eat de Carcassonne donn\u00e9 par le charg\u00e9 des actions culturelles de l&rsquo;association.<\/span><br \/>\n<span style=\"color: #000000;\"> \u2022 \u00ab Graff en Prison \u00bb : De l\u2019esquisse au maniement de la bombe, comment apprendre \u00e0 r\u00e9aliser un graff !<br \/>\n<\/span><span style=\"color: #000000;\">\u2022 \u00ab Ateliers d&rsquo;\u00e9criture \u00bb : Des artistes viennent animer des ateliers avec des jeunes.<\/span><\/p>\n<p><span style=\"color: #000000;\"><strong>\u00c9v\u00e9nements :<\/strong><\/span><br \/>\n<span style=\"color: #000000;\"><span style=\"color: #000000;\">\u2022 \u00ab Festival L\u2019\u00c9pop\u00e9e Hip Hop\u00a0 \u00bb <\/span> : <span style=\"color: #000000;\">plus d&rsquo;infos &lt;<a title=\"Festival l'epop\u00e9e hip hop\" href=\"http:\/\/www.11bouge.com\/wordpress\/fest-lepopee-hip-hop\/\" target=\"_blank\">cliquer ici<\/a>&gt;<\/span><\/span><br \/>\n<span style=\"color: #000000;\"><span style=\"color: #000000;\">\u2022 \u00ab L&rsquo;Op\u00e9ra Urbain\u00a0 \u00bb <\/span> : <span style=\"color: #000000;\">plus d&rsquo;infos &lt;<a title=\"L'Op\u00e9ra Urbain\" href=\"http:\/\/www.11bouge.com\/wordpress\/lopera-urbain\/\" target=\"_blank\">cliquer ici<\/a>&gt;<\/span><\/span><br \/>\n<span style=\"color: #000000;\"><span style=\"color: #000000;\">\u2022 \u00ab Culture(s) en F\u00eate !\u00a0 \u00bb <\/span> : <span style=\"color: #000000;\">plus d&rsquo;infos &lt;<a title=\"Culture(s) en F\u00eate !\" href=\"http:\/\/www.11bouge.com\/wordpress\/sur-scene-2\/cultures-en-fete\/\" target=\"_blank\">cliquer ici<\/a>&gt;<\/span><\/span><\/p>\n<p>&nbsp;<\/p>\n<p>&nbsp;<\/p>\n<p>&nbsp;<\/p>\n<p>&nbsp;<\/p>\n","protected":false},"excerpt":{"rendered":"<p>L\u2019ASSOCIATION L\u2019association 11bouge est une association agr\u00e9\u00e9e Jeunesse \u00c9ducation Populaire, elle est relais d\u00e9partemental hip-hop Languedoc-Roussillon. Son si\u00e8ge se situe \u00e0 Carcassonne. Elle d\u00e9veloppe depuis 10 ans un projet culturel autour des musiques actuelles et des cultures urbaines, avec des missions de diffusion (spectacles, concerts, etc.), de cr\u00e9ation artistique (r\u00e9sidence, etc.), d\u2019ateliers de pratiques et [&hellip;]<\/p>\n","protected":false},"author":1,"featured_media":0,"parent":0,"menu_order":3,"comment_status":"closed","ping_status":"closed","template":"","meta":{"_acf_changed":false,"_exactmetrics_skip_tracking":false,"_exactmetrics_sitenote_active":false,"_exactmetrics_sitenote_note":"","_exactmetrics_sitenote_category":0,"footnotes":""},"class_list":["post-2","page","type-page","status-publish","hentry"],"acf":[],"_links":{"self":[{"href":"https:\/\/www.11bouge.com\/wordpress\/wp-json\/wp\/v2\/pages\/2","targetHints":{"allow":["GET"]}}],"collection":[{"href":"https:\/\/www.11bouge.com\/wordpress\/wp-json\/wp\/v2\/pages"}],"about":[{"href":"https:\/\/www.11bouge.com\/wordpress\/wp-json\/wp\/v2\/types\/page"}],"author":[{"embeddable":true,"href":"https:\/\/www.11bouge.com\/wordpress\/wp-json\/wp\/v2\/users\/1"}],"replies":[{"embeddable":true,"href":"https:\/\/www.11bouge.com\/wordpress\/wp-json\/wp\/v2\/comments?post=2"}],"version-history":[{"count":33,"href":"https:\/\/www.11bouge.com\/wordpress\/wp-json\/wp\/v2\/pages\/2\/revisions"}],"predecessor-version":[{"id":5029,"href":"https:\/\/www.11bouge.com\/wordpress\/wp-json\/wp\/v2\/pages\/2\/revisions\/5029"}],"wp:attachment":[{"href":"https:\/\/www.11bouge.com\/wordpress\/wp-json\/wp\/v2\/media?parent=2"}],"curies":[{"name":"wp","href":"https:\/\/api.w.org\/{rel}","templated":true}]}}