{"id":1565,"date":"2013-02-01T10:44:00","date_gmt":"2013-02-01T10:44:00","guid":{"rendered":"http:\/\/www.11bouge.com\/wordpress\/?page_id=1565"},"modified":"2014-09-03T13:27:26","modified_gmt":"2014-09-03T13:27:26","slug":"fest-lepopee-hip-hop","status":"publish","type":"page","link":"https:\/\/www.11bouge.com\/wordpress\/fest-lepopee-hip-hop\/","title":{"rendered":"Fest. L&rsquo;Epop\u00e9e Hip-Hop"},"content":{"rendered":"<p style=\"text-align: justify;\"><strong><span style=\"color: #000000;\">Le Festival L\u2019Epop\u00e9e Hip Hop est un \u00e9v\u00e9nement organis\u00e9 par l\u2019association 11bouge. Il met \u00e0 l\u2019honneur les cultures hip-hop et urbaines dans diff\u00e9rents lieux de la Ville de Carcassonne.<strong><span style=\"color: #000000;\"><br \/>\n<\/span><\/strong><\/span><\/strong><\/p>\n<p style=\"text-align: justify;\"><span style=\"color: #000000;\">La premi\u00e8re \u00e9dition a eu lieu du<\/span><strong><span style=\"color: #000000;\"> 20 au 24 f\u00e9vrier 2013<\/span><\/strong><span style=\"color: #000000;\"> \/ En savoir plus &lt;<a title=\"Festival L'Epop\u00e9e Hip-Hop 2013\" href=\"http:\/\/www.11bouge.com\/wordpress\/fest-lepopee-hip-hop\/edition-1-2013\/\" target=\"_blank\">cliquez ici<\/a>&gt;<\/span><strong><span style=\"color: #000000;\"><br \/>\n<\/span><\/strong><span style=\"color: #000000;\">La seconde \u00e9dition s&rsquo;est d\u00e9roul\u00e9e<\/span><strong><span style=\"color: #000000;\"> du 19 au 22 f\u00e9vrier 2014<\/span><\/strong><span style=\"color: #000000;\"><span style=\"color: #000000;\"> \/ En savoir plus &lt;<a title=\"Festival L'Epop\u00e9e Hip-Hop 2014\" href=\"http:\/\/www.11bouge.com\/wordpress\/fest-lepopee-hip-hop\/edition-2-2014\/\" target=\"_blank\">cliquez ici<\/a>&gt;<\/span><\/span><\/p>\n<p style=\"text-align: justify;\"><span style=\"color: #000000;\">L\u2019Association 11bouge et ses partenaires ont pr\u00e9sent\u00e9 un <strong>festival de grande qualit\u00e9<\/strong> qui devient gr\u00e2ce aux <strong>retours tr\u00e8s positifs<\/strong> des artistes, du public et l\u2019engagement \u00e0 100% d\u2019une \u00e9quipe au service de ces derniers, <strong>une r\u00e9f\u00e9rence dans le milieu culturel et urbain<\/strong> ! Car ce qui distingue cet \u00e9v\u00e9nement, c\u2019est avant tout son ancrage dans Carcassonne. Ce festival unique m\u00eale \u00e0 une <strong>programmation ambitieuse<\/strong>, une <strong>tarification attrayante<\/strong> et une visibilit\u00e9 renforc\u00e9e par l\u2019implication des lieux partenaires.<\/span><span style=\"color: #000000;\"><br \/>\nLors de la seconde \u00e9dition, l\u2019association 11bouge a reconduit une formule f\u00e9d\u00e9ratrice qui vise \u00e0 rassembler sur une m\u00eame sc\u00e8ne, le temps d\u2019une soir\u00e9e, les talents locaux \u00e0 des t\u00eates d\u2019affiches nationales et internationales.<\/span><\/p>\n<p style=\"text-align: justify;\"><strong><span style=\"color: #000000;\">Un bilan qui assoit de fa\u00e7on durable cet \u00e9v\u00e9nement dans une d\u00e9marche d\u2019enjeu de d\u00e9veloppement des Cultures Urbaines sur la Ville de Carcassonne et sur tout le territoire.<\/span><span style=\"color: #000000;\"><br \/>\n<\/span><\/strong><\/p>\n<p style=\"text-align: justify;\">\/\/\/\/\/\/\/\/\/\/\/\/\/\/\/\/\/\/\/\/\/\/\/\/\/\/\/\/\/\/\/\/\/\/\/\/\/\/\/<\/p>\n<p style=\"text-align: justify;\"><strong><span style=\"color: #000000;\">La troisi\u00e8me \u00e9dition pr\u00e9vue du 25 au 29 mars 2015 est suspendue !<br \/>\n<\/span><\/strong><span style=\"color: #000000;\"><span style=\"color: #000000;\">C\u2019est une rentr\u00e9e de septembre morose pour l\u2019Association qui vit ses derniers jours dans les locaux du Chapeau Rouge\u2026. L\u2019\u00e9quipe et le CA continuent \u00e0 travailler d\u2019arrache-pied pour remanier le projet associatif li\u00e9 \u00e0 la Salle. Une p\u00e9riode de transition commence, le mouvement ne s\u2019arr\u00eate pas ! Des emplois restent menac\u00e9s, la baisse de la subvention de la Ville de Carcassonne et l\u2019expulsion des murs du Chapeau rouge mettent \u00e0 mal le travail men\u00e9 depuis 3 ans 1\/2 sur la Ville. Nous ne sommes pas en mesure \u00e0 l&rsquo;heure actuelle d&rsquo;organiser le Festival.<\/span><strong><strong><strong><span style=\"color: #000000;\"><br \/>\n<\/span><\/strong><\/strong><\/strong><em><span style=\"color: #000000;\">Flash du 03\/09\/2014<\/span><strong><strong><strong><span style=\"color: #000000;\"><br \/>\n<\/span><\/strong><\/strong><\/strong><\/em><\/span><\/p>\n<p style=\"text-align: justify;\">\/\/\/\/\/\/\/\/\/\/\/\/\/\/\/\/\/\/\/\/\/\/\/\/\/\/\/\/\/\/\/\/\/\/\/\/\/<\/p>\n<p><span style=\"color: #000000;\">Cliquez sur l&rsquo;affiche pour vous rendre sur l&rsquo;\u00e9dition du Festival qui vous int\u00e9resse !<\/span><\/p>\n<p><a title=\"Evenement Festival Hip Hop\" href=\"http:\/\/www.11bouge.com\/wordpress\/fest-lepopee-hip-hop\/edition-2-2014\/\" target=\"_blank\"><img loading=\"lazy\" decoding=\"async\" class=\"wp-image-2755 alignleft\" src=\"http:\/\/www.11bouge.com\/wordpress\/wp-content\/uploads\/2013\/07\/visuel_festhh_web.jpg\" alt=\"visuel festival l'epop\u00e9e hip hop\" width=\"253\" height=\"380\" srcset=\"https:\/\/www.11bouge.com\/wordpress\/wp-content\/uploads\/2013\/07\/visuel_festhh_web.jpg 1181w, https:\/\/www.11bouge.com\/wordpress\/wp-content\/uploads\/2013\/07\/visuel_festhh_web-199x300.jpg 199w, https:\/\/www.11bouge.com\/wordpress\/wp-content\/uploads\/2013\/07\/visuel_festhh_web-682x1024.jpg 682w\" sizes=\"auto, (max-width: 253px) 100vw, 253px\" \/><\/a><a title=\"Festival 2013\" href=\"http:\/\/www.11bouge.com\/wordpress\/fest-lepopee-hip-hop\/edition-1-2013\/\" target=\"_blank\"><img loading=\"lazy\" decoding=\"async\" class=\"wp-image-1617 alignleft\" src=\"http:\/\/www.11bouge.com\/wordpress\/wp-content\/uploads\/2013\/02\/A3plus-hip-hop_web1.jpg\" alt=\"A3plus-hip-hop_web\" width=\"263\" height=\"384\" srcset=\"https:\/\/www.11bouge.com\/wordpress\/wp-content\/uploads\/2013\/02\/A3plus-hip-hop_web1.jpg 3898w, https:\/\/www.11bouge.com\/wordpress\/wp-content\/uploads\/2013\/02\/A3plus-hip-hop_web1-699x1024.jpg 699w\" sizes=\"auto, (max-width: 263px) 100vw, 263px\" \/><\/a><\/p>\n","protected":false},"excerpt":{"rendered":"<p>Le Festival L\u2019Epop\u00e9e Hip Hop est un \u00e9v\u00e9nement organis\u00e9 par l\u2019association 11bouge. Il met \u00e0 l\u2019honneur les cultures hip-hop et urbaines dans diff\u00e9rents lieux de la Ville de Carcassonne. La premi\u00e8re \u00e9dition a eu lieu du 20 au 24 f\u00e9vrier 2013 \/ En savoir plus &lt;cliquez ici&gt; La seconde \u00e9dition s&rsquo;est d\u00e9roul\u00e9e du 19 au [&hellip;]<\/p>\n","protected":false},"author":1,"featured_media":0,"parent":0,"menu_order":0,"comment_status":"closed","ping_status":"closed","template":"","meta":{"_acf_changed":false,"_exactmetrics_skip_tracking":false,"_exactmetrics_sitenote_active":false,"_exactmetrics_sitenote_note":"","_exactmetrics_sitenote_category":0,"footnotes":""},"class_list":["post-1565","page","type-page","status-publish","hentry"],"acf":[],"_links":{"self":[{"href":"https:\/\/www.11bouge.com\/wordpress\/wp-json\/wp\/v2\/pages\/1565","targetHints":{"allow":["GET"]}}],"collection":[{"href":"https:\/\/www.11bouge.com\/wordpress\/wp-json\/wp\/v2\/pages"}],"about":[{"href":"https:\/\/www.11bouge.com\/wordpress\/wp-json\/wp\/v2\/types\/page"}],"author":[{"embeddable":true,"href":"https:\/\/www.11bouge.com\/wordpress\/wp-json\/wp\/v2\/users\/1"}],"replies":[{"embeddable":true,"href":"https:\/\/www.11bouge.com\/wordpress\/wp-json\/wp\/v2\/comments?post=1565"}],"version-history":[{"count":20,"href":"https:\/\/www.11bouge.com\/wordpress\/wp-json\/wp\/v2\/pages\/1565\/revisions"}],"predecessor-version":[{"id":3947,"href":"https:\/\/www.11bouge.com\/wordpress\/wp-json\/wp\/v2\/pages\/1565\/revisions\/3947"}],"wp:attachment":[{"href":"https:\/\/www.11bouge.com\/wordpress\/wp-json\/wp\/v2\/media?parent=1565"}],"curies":[{"name":"wp","href":"https:\/\/api.w.org\/{rel}","templated":true}]}}